{"id":5358,"date":"2017-03-02T15:50:57","date_gmt":"2017-03-02T15:50:57","guid":{"rendered":"http:\/\/vibez.elated-themes.com\/?page_id=5358"},"modified":"2025-10-13T18:59:59","modified_gmt":"2025-10-14T00:59:59","slug":"modern-dance","status":"publish","type":"page","link":"https:\/\/andamiocr.com\/","title":{"rendered":"Inicio"},"content":{"rendered":"<p>[vc_row disable_background_image=&#8221;&#8221; enable_arrows_animation=&#8221;no&#8221; simple_background_image=&#8221;8230&#8243;][vc_column][rev_slider_vc alias=&#8221;modern-dance&#8221;][\/vc_column][\/vc_row][vc_row row_content_width=&#8221;grid&#8221; enable_arrows_animation=&#8221;no&#8221; css=&#8221;.vc_custom_1489074785299{padding-top: 174px !important;padding-bottom: 169px !important;}&#8221;][vc_column width=&#8221;2\/5&#8243;]<div class=\"eltdf-animation-holder eltdf-grow-in\" data-animation=\"eltdf-grow-in\" data-animation-delay=\"\"><div class=\"eltdf-animation-inner\">[vc_single_image image=&#8221;10638&#8243; img_size=&#8221;medium&#8221; alignment=&#8221;right&#8221;]<div class=\"eltdf-section-title-holder  eltdf-st-standard eltdf-st-title-left eltdf-st-normal-space  \" style=\"text-align: right\">\n\t<div class=\"eltdf-st-inner\">\n\t\t\t\t\t<h3 class=\"eltdf-st-title\" >\n\t\t\t\t<span class=\"eltdf-st-title-bold\">ANDAMIO<\/span> <span class=\"eltdf-st-title-light\">SEDE<\/span> <span class=\"eltdf-st-title-light\">ZAPOTE<\/span>\t\t\t<\/h3>\n\t\t\t\t\t<\/div>\n<\/div>[vc_column_text]<\/p>\n<p style=\"text-align: right;\">150 metros oeste de la Universidad Veritas<br \/>\nZapote, San Jos\u00e9, San Jos\u00e9<br \/>\nDirecci\u00f3n con <a href=\"https:\/\/waze.com\/ul\/hd1u0rp1kg\" target=\"_blank\" rel=\"noopener\">Waze<\/a><br \/>\nTel: +506 6257-7100<br \/>\n<a href=\"mailto:info@andamiocr.com\">info@andamiocr.com<\/a><\/p>\n<p style=\"text-align: right;\"><a itemprop=\"url\" href=\"https:\/\/wa.me\/50662577100\" target=\"_blank\" style=\"font-size: 14px;font-weight: 400\" class=\"eltdf-btn eltdf-btn-medium eltdf-btn-solid\"  >\n\t<i class=\"eltdf-icon-font-awesome fa  \" ><\/i>\t<span class=\"eltdf-btn-text\">\n\t\t<span class=\"eltdf-btn-text-inner\">\n\t\t\tEscribinos por WhatsApp\t\t<\/span>\n\t<\/span>\n<\/a><\/p>\n<p>[\/vc_column_text]<\/div><\/div>[vc_empty_space][\/vc_column][vc_column width=&#8221;1\/5&#8243;][vc_empty_space height=&#8221;50px&#8221;][vc_single_image image=&#8221;10648&#8243; img_size=&#8221;200&#215;200&#8243; alignment=&#8221;center&#8221; css=&#8221;.vc_custom_1611878517103{padding-top: 0px !important;padding-bottom: 0px !important;}&#8221;][vc_empty_space height=&#8221;82px&#8221;][\/vc_column][vc_column width=&#8221;2\/5&#8243;]<div class=\"eltdf-animation-holder eltdf-grow-in\" data-animation=\"eltdf-grow-in\" data-animation-delay=\"\"><div class=\"eltdf-animation-inner\">[vc_single_image image=&#8221;10644&#8243; img_size=&#8221;medium&#8221;]<div class=\"eltdf-section-title-holder  eltdf-st-standard eltdf-st-title-left eltdf-st-normal-space  \" style=\"text-align: left\">\n\t<div class=\"eltdf-st-inner\">\n\t\t\t\t\t<h3 class=\"eltdf-st-title\" >\n\t\t\t\t<span class=\"eltdf-st-title-bold\">ANDAMIO<\/span> <span class=\"eltdf-st-title-light\">SEDE<\/span> <span class=\"eltdf-st-title-light\">ESCAZ\u00da<\/span>\t\t\t<\/h3>\n\t\t\t\t\t<\/div>\n<\/div>[vc_column_text]Flex Center (Local 55)<br \/>\nGuachipel\u00edn, Escaz\u00fa, San Jos\u00e9<br \/>\nDirecci\u00f3n con <a href=\"https:\/\/waze.com\/ul\/hd1u0sgkjx\" target=\"_blank\" rel=\"noopener\">Waze<\/a><br \/>\nTel: +506 <span lang=\"ES\">6329-6062<br \/>\n<\/span><a href=\"mailto:info@andamiocr.com\">info@andamiocr.com<\/a><\/p>\n<p><a itemprop=\"url\" href=\"https:\/\/wa.me\/50663296062\" target=\"_blank\" style=\"font-size: 14px;font-weight: 400\" class=\"eltdf-btn eltdf-btn-medium eltdf-btn-solid\"  >\n\t<i class=\"eltdf-icon-font-awesome fa  \" ><\/i>\t<span class=\"eltdf-btn-text\">\n\t\t<span class=\"eltdf-btn-text-inner\">\n\t\t\tEscribinos por WhatsApp\t\t<\/span>\n\t<\/span>\n<\/a>[\/vc_column_text]<\/div><\/div>[vc_empty_space][\/vc_column][\/vc_row][vc_row content_placement=&#8221;top&#8221; parallax=&#8221;content-moving&#8221; parallax_image=&#8221;22761&#8243; enable_arrows_animation=&#8221;no&#8221; content_text_aligment=&#8221;center&#8221; css=&#8221;.vc_custom_1719947541839{padding-top: 200px !important;padding-bottom: 200px !important;}&#8221;][vc_column]<div class=\"eltdf-section-title-holder  eltdf-st-standard eltdf-st-title-left eltdf-st-normal-space eltdf-st-disable-title-break \" style=\"padding: 0 7%\">\n\t<div class=\"eltdf-st-inner\">\n\t\t\t\t\t<h2 class=\"eltdf-st-title\" style=\"color: #ffffff\">\n\t\t\t\t<span class=\"eltdf-st-title-light\">\u201cIn<\/span> <span class=\"eltdf-st-title-bold\">life,<\/span> <span class=\"eltdf-st-title-light\">hidden<\/span> <span class=\"eltdf-st-title-bold\">in<\/span> <span class=\"eltdf-st-title-light\">the<\/span> <span class=\"eltdf-st-title-bold\">forces<\/span> <span class=\"eltdf-st-title-light\">that<\/span> <span class=\"eltdf-st-title-bold\">pull<\/span> <span class=\"eltdf-st-title-light\">us<\/span> <span class=\"eltdf-st-title-bold\">down<\/span> <span class=\"eltdf-st-title-light\">is<\/span> <span class=\"eltdf-st-title-bold\">the<\/span> <span class=\"eltdf-st-title-light\">energy<\/span> <span class=\"eltdf-st-title-bold\">to<\/span> <span class=\"eltdf-st-title-light\">lift<\/span> <span class=\"eltdf-st-title-bold\">us<\/span> <span class=\"eltdf-st-title-light\">up.\u201d<\/span>\t\t\t<\/h2>\n\t\t\t\t\t\t\t<h5 class=\"eltdf-st-text\" style=\"color: #ffffff\">\n\t\t\t\tChristopher Harrison AntiGravity\u00ae Founder\t\t\t<\/h5>\n\t\t\t<\/div>\n<\/div>[\/vc_column][\/vc_row][vc_row content_placement=&#8221;top&#8221; parallax=&#8221;content-moving&#8221; parallax_image=&#8221;22783&#8243; enable_arrows_animation=&#8221;no&#8221; content_text_aligment=&#8221;center&#8221; css=&#8221;.vc_custom_1719950190703{padding-top: 200px !important;padding-bottom: 200px !important;background-color: #0a0a0a !important;}&#8221;][vc_column]<div class=\"eltdf-section-title-holder  eltdf-st-standard eltdf-st-title-left eltdf-st-normal-space  \" style=\"padding: 0 7%\">\n\t<div class=\"eltdf-st-inner\">\n\t\t\t\t\t<h3 class=\"eltdf-st-title\" style=\"color: #ffffff\">\n\t\t\t\tEn el 2023, <span class=\"eltdf-st-title-bold\">Andamio<\/span> <span class=\"eltdf-st-title-bold\">celebr\u00f3<\/span> <span class=\"eltdf-st-title-bold\">su<\/span> <span class=\"eltdf-st-title-bold\">10mo<\/span> <span class=\"eltdf-st-title-bold\">Aniversario.<\/span><br \/> \u00a1Vamos por m\u00e1s experiencias y momentos inolvidables!\t\t\t<\/h3>\n\t\t\t\t\t<\/div>\n<\/div><a itemprop=\"url\" href=\"https:\/\/vimeo.com\/892025261\" target=\"_blank\"  class=\"eltdf-btn eltdf-btn-large eltdf-btn-solid eltdf-btn-icon\"  >\n\t<i class=\"eltdf-icon-font-awesome fa fa-play-circle \" ><\/i>\t<span class=\"eltdf-btn-text\">\n\t\t<span class=\"eltdf-btn-text-inner\">\n\t\t\tVER VIDEO 10 A\u00d1OS\t\t<\/span>\n\t<\/span>\n<\/a>[vc_empty_space height=&#8221;8px&#8221;][\/vc_column][\/vc_row][vc_row disable_background_image=&#8221;&#8221; enable_arrows_animation=&#8221;yes&#8221; arrows_skin=&#8221;gray&#8221; arrows_horizontal_position=&#8221;left&#8221; arrows_vertical_position=&#8221;middle&#8221; reduce_arrows_animation=&#8221;1440&#8243; disable_arrows_animation=&#8221;1024&#8243; content_text_aligment=&#8221;center&#8221; simple_background_image=&#8221;8307&#8243; css=&#8221;.vc_custom_1613076065373{padding-top: 112px !important;padding-bottom: 112px !important;background-color: #fafafa !important;}&#8221;][vc_column]<div class=\"eltdf-section-title-holder  eltdf-st-two-columns eltdf-st-title-left eltdf-st-normal-space  eltdf-st-disable-text-break\" style=\"padding: 0 7%\">\n\t<div class=\"eltdf-st-inner\">\n\t\t\t\t\t<h2 class=\"eltdf-st-title\" >\n\t\t\t\t<span class=\"eltdf-st-title-light\">Estas<\/span> <span class=\"eltdf-st-title-bold\">son<\/span> <span class=\"eltdf-st-title-light\">algunas<\/span> <span class=\"eltdf-st-title-bold\">de<\/span><br \/> <span class=\"eltdf-st-title-light\">las<\/span> <span class=\"eltdf-st-title-bold\">clases<\/span> <span class=\"eltdf-st-title-light\">que<\/span> <span class=\"eltdf-st-title-bold\">ofrecemos<\/span>\t\t\t<\/h2>\n\t\t\t\t\t\t\t<h5 class=\"eltdf-st-text\" >\n\t\t\t\tOrientadas a conocer la t\u00e9cnica, y potenciar la<br \/> expresi\u00f3n creativa y emocional. <br \/>\t\t\t<\/h5>\n\t\t\t<\/div>\n<\/div>[\/vc_column][\/vc_row][vc_row enable_arrows_animation=&#8221;no&#8221; simple_background_color=&#8221;#fafafa&#8221; css=&#8221;.vc_custom_1613076074858{padding-bottom: 150px !important;background-color: #fafafa !important;}&#8221;][vc_column]<div class=\"eltdf-elements-holder eltdf-two-columns eltdf-responsive-mode-768\" ><div class=\"eltdf-eh-item \"  data-item-class=\"eltdf-eh-custom-457056\" data-1280-1600=\"11.5% 10% 0 30%\" data-1024-1280=\"5% 5% 0 30%\" data-768-1024=\"5% 5% 0 24%\" data-600-768=\"0% 20% 6% 15%\" data-480-600=\"0 5% 10% 5%\" data-480=\"0 5% 10% 5%\">\n\t<div class=\"eltdf-eh-item-inner\">\n\t\t<div class=\"eltdf-eh-item-content eltdf-eh-custom-457056\" style=\"padding: 0% 10% 0 30%\">\n\t\t\t[vc_column_text]<\/p>\n<h3 style=\"text-align: right;\"><span style=\"font-size: 25px; line-height: 3px;\">ANTIGRAVITY\u00ae<\/span><\/h3>\n<p>[\/vc_column_text][vc_empty_space height=&#8221;8px&#8221;][vc_column_text]<\/p>\n<p style=\"text-align: right;\"><span style=\"font-weight: 400;\">Es una t\u00e9cnica innovadora que fusiona gimnasia, danza, pilates, calistenia, artes a\u00e9reas y yoga tradicional, pero invirti\u00e9ndolas, literalmente. Descompresiona las articulaciones y alinea el cuerpo de pies a cabeza a trav\u00e9s del uso de la hamaca AntiGravity\u00ae\ufe0f. Es revolucionario, es un reto, es divertido, \u00a1y te permite volar!<\/span><\/p>\n<p>[\/vc_column_text][vc_empty_space height=&#8221;25px&#8221;]\t\t<\/div>\n\t<\/div>\n<\/div><div class=\"eltdf-eh-item \"  data-item-class=\"eltdf-eh-custom-936103\">\n\t<div class=\"eltdf-eh-item-inner\">\n\t\t<div class=\"eltdf-eh-item-content eltdf-eh-custom-936103\" >\n\t\t\t[vc_single_image image=&#8221;22757&#8243; img_size=&#8221;full&#8221; css_animation=&#8221;fadeInRight&#8221;]\t\t<\/div>\n\t<\/div>\n<\/div><\/div><div class=\"eltdf-elements-holder eltdf-two-columns eltdf-responsive-mode-768\" ><div class=\"eltdf-eh-item \"  data-item-class=\"eltdf-eh-custom-417250\">\n\t<div class=\"eltdf-eh-item-inner\">\n\t\t<div class=\"eltdf-eh-item-content eltdf-eh-custom-417250\" >\n\t\t\t[vc_single_image image=&#8221;10709&#8243; img_size=&#8221;full&#8221; alignment=&#8221;right&#8221; css_animation=&#8221;fadeInLeft&#8221;]\t\t<\/div>\n\t<\/div>\n<\/div><div class=\"eltdf-eh-item \"  data-item-class=\"eltdf-eh-custom-124859\" data-1280-1600=\"0 40% 0 4%\" data-1024-1280=\"0 40% 0 4%\" data-768-1024=\"0 23% 0 4%\" data-600-768=\"0% 20% 0 15%\" data-480-600=\"5% 5% 0 5%\" data-480=\"5% 5% 0 5%\">\n\t<div class=\"eltdf-eh-item-inner\">\n\t\t<div class=\"eltdf-eh-item-content eltdf-eh-custom-124859\" style=\"padding: 0 30% 0 10%\">\n\t\t\t[vc_column_text]<\/p>\n<h3 style=\"text-align: left;\"><span style=\"font-size: 25px; line-height: 3px;\">JAZZ<\/span> <span style=\"font-size: 25px; line-height: 3px;\">CONTEMPOR\u00c1NEO<\/span><\/h3>\n<p>[\/vc_column_text][vc_empty_space height=&#8221;8px&#8221;][vc_column_text]<\/p>\n<p style=\"text-align: left;\"><span style=\"font-weight: 400;\">La clase de jazz contempor\u00e1neo ofrece el escenario id\u00f3neo para conocer, sentir y controlar el cuerpo a trav\u00e9s de la t\u00e9cnica de ir al suelo, girar y saltar. Es una clase que fusiona el jazz tradicional (afrodescendiente) con nuevas cualidades de movimiento, por lo que la versatilidad es un beneficio de la clase.<\/span><\/p>\n<p>[\/vc_column_text][vc_empty_space height=&#8221;25px&#8221;]\t\t<\/div>\n\t<\/div>\n<\/div><\/div><div class=\"eltdf-elements-holder eltdf-two-columns eltdf-responsive-mode-768\" ><div class=\"eltdf-eh-item \"  data-item-class=\"eltdf-eh-custom-371041\" data-1280-1600=\"11.5% 10% 0 30%\" data-1024-1280=\"5% 5% 0 30%\" data-768-1024=\"5% 5% 0 24%\" data-600-768=\"0% 20% 6% 15%\" data-480-600=\"0 5% 10% 5%\" data-480=\"0 5% 10% 5%\">\n\t<div class=\"eltdf-eh-item-inner\">\n\t\t<div class=\"eltdf-eh-item-content eltdf-eh-custom-371041\" style=\"padding: 0% 10% 0 30%\">\n\t\t\t[vc_column_text]<\/p>\n<h3 style=\"text-align: right;\"><span style=\"font-size: 25px; line-height: 3px;\">STREET<\/span> <span style=\"font-size: 25px; line-height: 3px;\">STYLES<\/span><\/h3>\n<p>[\/vc_column_text][vc_empty_space height=&#8221;8px&#8221;][vc_column_text]<\/p>\n<p style=\"text-align: right;\"><span style=\"font-weight: 400;\">Es un movimiento art\u00edstico afrodescendiente dentro de la cultura del Hip Hop que naci\u00f3 en los setentas y que abarca, entre otros aspectos, diferentes estilos de baile. Esta danza, que incluye estilos que van desde el Breakdancing, Locking, Popping y Commercial\/New Style. Puede ser practicada en cualquier lugar, de manera improvisada o coreografiada.<\/span><\/p>\n<p>[\/vc_column_text][vc_empty_space height=&#8221;25px&#8221;]\t\t<\/div>\n\t<\/div>\n<\/div><div class=\"eltdf-eh-item \"  data-item-class=\"eltdf-eh-custom-285926\">\n\t<div class=\"eltdf-eh-item-inner\">\n\t\t<div class=\"eltdf-eh-item-content eltdf-eh-custom-285926\" style=\"padding: 0 0 0 0\">\n\t\t\t[vc_single_image image=&#8221;10710&#8243; img_size=&#8221;full&#8221; css_animation=&#8221;fadeInRight&#8221;]\t\t<\/div>\n\t<\/div>\n<\/div><\/div><div class=\"eltdf-elements-holder eltdf-two-columns eltdf-responsive-mode-768\" ><div class=\"eltdf-eh-item \"  data-item-class=\"eltdf-eh-custom-407911\">\n\t<div class=\"eltdf-eh-item-inner\">\n\t\t<div class=\"eltdf-eh-item-content eltdf-eh-custom-407911\" >\n\t\t\t[vc_single_image image=&#8221;22753&#8243; img_size=&#8221;full&#8221; alignment=&#8221;right&#8221; css_animation=&#8221;fadeInLeft&#8221;]\t\t<\/div>\n\t<\/div>\n<\/div><div class=\"eltdf-eh-item \"  data-item-class=\"eltdf-eh-custom-955458\" data-1280-1600=\"0 40% 0 4%\" data-1024-1280=\"0 40% 0 4%\" data-768-1024=\"0 23% 0 4%\" data-600-768=\"0% 20% 0 15%\" data-480-600=\"5% 5% 0 5%\" data-480=\"5% 5% 0 5%\">\n\t<div class=\"eltdf-eh-item-inner\">\n\t\t<div class=\"eltdf-eh-item-content eltdf-eh-custom-955458\" style=\"padding: 0 30% 0 10%\">\n\t\t\t[vc_column_text]<\/p>\n<h3><span style=\"font-size: 25px; line-height: 3px;\">BALLET<\/span><\/h3>\n<p>[\/vc_column_text][vc_empty_space height=&#8221;8px&#8221;][vc_column_text]<\/p>\n<p style=\"text-align: left;\"><span style=\"font-weight: 400;\">Disciplina art\u00edstica para todas las edades y niveles, donde se trabaja coordinaci\u00f3n muscular, flexibilidad, postura corporal y musicalidad. Adem\u00e1s de estos beneficios f\u00edsicos, se estimula la transmisi\u00f3n de los sentimientos a trav\u00e9s del movimiento. Principalmente se utiliza como base para la ense\u00f1anza, la t\u00e9cnica rusa (A. Vaganova).<\/span><\/p>\n<p>[\/vc_column_text][vc_empty_space height=&#8221;25px&#8221;]\t\t<\/div>\n\t<\/div>\n<\/div><\/div>[vc_row_inner content_text_aligment=&#8221;center&#8221;][vc_column_inner][vc_empty_space height=&#8221;80px&#8221;]<a itemprop=\"url\" href=\"https:\/\/andamiocr.com\/clases\/\" target=\"_self\" style=\"color: #ffffff;font-size: 14px;font-weight: 400\" class=\"eltdf-btn eltdf-btn-medium eltdf-btn-solid\"  >\n\t\t<span class=\"eltdf-btn-text\">\n\t\t<span class=\"eltdf-btn-text-inner\">\n\t\t\tVer todas las clases\t\t<\/span>\n\t<\/span>\n<\/a>[\/vc_column_inner][\/vc_row_inner][\/vc_column][\/vc_row]<\/p>\n","protected":false},"excerpt":{"rendered":"<p>[vc_row disable_background_image=&#8221;&#8221; enable_arrows_animation=&#8221;no&#8221; simple_background_image=&#8221;8230&#8243;][vc_column][rev_slider_vc alias=&#8221;modern-dance&#8221;][\/vc_column][\/vc_row][vc_row row_content_width=&#8221;grid&#8221; enable_arrows_animation=&#8221;no&#8221; css=&#8221;.vc_custom_1489074785299{padding-top: 174px !important;padding-bottom: 169px !important;}&#8221;][vc_column width=&#8221;2\/5&#8243;][vc_empty_space][\/vc_column][vc_column width=&#8221;1\/5&#8243;][vc_empty_space height=&#8221;50px&#8221;][vc_single_image image=&#8221;10648&#8243; img_size=&#8221;200&#215;200&#8243; alignment=&#8221;center&#8221; css=&#8221;.vc_custom_1611878517103{padding-top: 0px !important;padding-bottom: 0px !important;}&#8221;][vc_empty_space height=&#8221;82px&#8221;][\/vc_column][vc_column width=&#8221;2\/5&#8243;][vc_empty_space][\/vc_column][\/vc_row][vc_row content_placement=&#8221;top&#8221; parallax=&#8221;content-moving&#8221; parallax_image=&#8221;22761&#8243; enable_arrows_animation=&#8221;no&#8221; content_text_aligment=&#8221;center&#8221; css=&#8221;.vc_custom_1719947541839{padding-top: 200px !important;padding-bottom: 200px !important;}&#8221;][vc_column][\/vc_column][\/vc_row][vc_row content_placement=&#8221;top&#8221; parallax=&#8221;content-moving&#8221; parallax_image=&#8221;22783&#8243; enable_arrows_animation=&#8221;no&#8221; content_text_aligment=&#8221;center&#8221; css=&#8221;.vc_custom_1719950190703{padding-top: 200px !important;padding-bottom: 200px !important;background-color: #0a0a0a !important;}&#8221;][vc_column][vc_empty_space height=&#8221;8px&#8221;][\/vc_column][\/vc_row][vc_row disable_background_image=&#8221;&#8221; enable_arrows_animation=&#8221;yes&#8221; arrows_skin=&#8221;gray&#8221; arrows_horizontal_position=&#8221;left&#8221; arrows_vertical_position=&#8221;middle&#8221; reduce_arrows_animation=&#8221;1440&#8243; disable_arrows_animation=&#8221;1024&#8243; content_text_aligment=&#8221;center&#8221; simple_background_image=&#8221;8307&#8243; css=&#8221;.vc_custom_1613076065373{padding-top: 112px !important;padding-bottom: 112px !important;background-color: #fafafa !important;}&#8221;][vc_column][\/vc_column][\/vc_row][vc_row enable_arrows_animation=&#8221;no&#8221; simple_background_color=&#8221;#fafafa&#8221; css=&#8221;.vc_custom_1613076074858{padding-bottom: 150px !important;background-color: #fafafa !important;}&#8221;][vc_column][vc_row_inner content_text_aligment=&#8221;center&#8221;][vc_column_inner][vc_empty_space height=&#8221;80px&#8221;][\/vc_column_inner][\/vc_row_inner][\/vc_column][\/vc_row]<\/p>\n","protected":false},"author":193646564,"featured_media":0,"parent":0,"menu_order":0,"comment_status":"closed","ping_status":"closed","template":"full-width.php","meta":{"footnotes":""},"class_list":["post-5358","page","type-page","status-publish","hentry"],"aioseo_notices":[],"jetpack_shortlink":"https:\/\/wp.me\/Pcp20I-1oq","jetpack_sharing_enabled":true,"_links":{"self":[{"href":"https:\/\/andamiocr.com\/wp-json\/wp\/v2\/pages\/5358","targetHints":{"allow":["GET"]}}],"collection":[{"href":"https:\/\/andamiocr.com\/wp-json\/wp\/v2\/pages"}],"about":[{"href":"https:\/\/andamiocr.com\/wp-json\/wp\/v2\/types\/page"}],"author":[{"embeddable":true,"href":"https:\/\/andamiocr.com\/wp-json\/wp\/v2\/users\/193646564"}],"replies":[{"embeddable":true,"href":"https:\/\/andamiocr.com\/wp-json\/wp\/v2\/comments?post=5358"}],"version-history":[{"count":100,"href":"https:\/\/andamiocr.com\/wp-json\/wp\/v2\/pages\/5358\/revisions"}],"predecessor-version":[{"id":28463,"href":"https:\/\/andamiocr.com\/wp-json\/wp\/v2\/pages\/5358\/revisions\/28463"}],"wp:attachment":[{"href":"https:\/\/andamiocr.com\/wp-json\/wp\/v2\/media?parent=5358"}],"curies":[{"name":"wp","href":"https:\/\/api.w.org\/{rel}","templated":true}]}}