{"id":14372,"date":"2019-06-12T22:05:51","date_gmt":"2019-06-12T15:05:51","guid":{"rendered":"https:\/\/huongdanjava.com\/?page_id=14372"},"modified":"2019-06-19T18:05:15","modified_gmt":"2019-06-19T11:05:15","slug":"openshift","status":"publish","type":"page","link":"https:\/\/huongdanjava.com\/vi\/openshift","title":{"rendered":"OpenShift"},"content":{"rendered":"<p>OpenShift l\u00e0 m\u1ed9t platform gi\u00fap ch\u00fang ta c\u00f3 th\u1ec3 d\u1ec5 d\u00e0ng l\u00e0m vi\u1ec7c v\u1edbi Kubernetes trong c\u00e1c \u1ee9ng d\u1ee5ng containerization.<\/p>\n<p><img loading=\"lazy\" decoding=\"async\" class=\"aligncenter wp-image-14373 size-full\" src=\"https:\/\/huongdanjava.com\/wp-content\/uploads\/2019\/06\/openshift_logo.jpg\" alt=\"OpenShift\" width=\"500\" height=\"320\" \/><\/p>\n<p>Trong b\u00e0i vi\u1ebft n\u00e0y, m\u00ecnh s\u1ebd t\u1ed5ng h\u1ee3p c\u00e1c b\u00e0i vi\u1ebft c\u1ee7a H\u01b0\u1edbng D\u1eabn Java v\u1ec1 OpenShift \u0111\u1ec3 c\u00e1c b\u1ea1n ti\u1ec7n tham kh\u1ea3o.<br \/>\n<script async src=\"\/\/pagead2.googlesyndication.com\/pagead\/js\/adsbygoogle.js\"><\/script><br \/>\n<ins class=\"adsbygoogle\" style=\"display: block; text-align: center;\" data-ad-layout=\"in-article\" data-ad-format=\"fluid\" data-ad-client=\"ca-pub-7304065639390615\" data-ad-slot=\"6822390817\"><\/ins><br \/>\n<script>\n     (adsbygoogle = window.adsbygoogle || []).push({});\n<\/script><\/p>\n<h3>C\u00e0i \u0111\u1eb7t<\/h3>\n<ul>\n<li><a href=\"https:\/\/huongdanjava.com\/vi\/cai-dat-openshift-command-line-interface-tren-macos.html\" target=\"_blank\" rel=\"noopener noreferrer\">C\u00e0i \u0111\u1eb7t OpenShift Command Line Interface tr\u00ean macOS<\/a><\/li>\n<\/ul>\n<p>OpenShift CLI v\u1edbi t\u00ean g\u1ecdi &#8220;oc&#8221; s\u1ebd l\u00e0 c\u00f4ng c\u1ee5 ch\u00fang ta th\u01b0\u1eddng d\u00f9ng \u0111\u1ec3 t\u01b0\u01a1ng t\u00e1c v\u1edbi OpenShift server, ngo\u00e0i web console.<\/p>\n<ul>\n<li><a href=\"https:\/\/huongdanjava.com\/vi\/cai-dat-openshift-command-line-interface-tren-centos.html\" target=\"_blank\" rel=\"noopener noreferrer\">C\u00e0i \u0111\u1eb7t OpenShift Command Line Interface tr\u00ean CentOS<\/a><\/li>\n<\/ul>\n<p>Trong b\u00e0i vi\u1ebft n\u00e0y, m\u00ecnh h\u01b0\u1edbng d\u1eabn c\u00e1c b\u1ea1n c\u00e0i \u0111\u1eb7t c\u00f4ng c\u1ee5 oc tr\u00ean CentOS.<\/p>\n<ul>\n<li><a href=\"https:\/\/huongdanjava.com\/vi\/cai-dat-openshift-su-dung-docker-va-cong-cu-oc-tren-macos.html\" target=\"_blank\" rel=\"noopener noreferrer\">C\u00e0i \u0111\u1eb7t OpenShift s\u1eed d\u1ee5ng Docker v\u00e0 c\u00f4ng c\u1ee5 oc tr\u00ean macOS<\/a><\/li>\n<\/ul>\n<p>Trong b\u00e0i vi\u1ebft n\u00e0y, m\u00ecnh h\u01b0\u1edbng d\u1eabn c\u00e1c b\u1ea1n c\u00e0i \u0111\u1eb7t OpenShift s\u1eed d\u1ee5ng Docker v\u00e0 c\u00f4ng c\u1ee5 oc tr\u00ean macOS.<\/p>\n<ul>\n<li><a href=\"https:\/\/huongdanjava.com\/vi\/cai-dat-openshift-su-dung-docker-va-cong-cu-oc-tren-centos.html\" target=\"_blank\" rel=\"noopener noreferrer\">C\u00e0i \u0111\u1eb7t OpenShift s\u1eed d\u1ee5ng Docker v\u00e0 c\u00f4ng c\u1ee5 oc tr\u00ean CentOS<\/a><\/li>\n<\/ul>\n<p>Trong b\u00e0i vi\u1ebft n\u00e0y, m\u00ecnh h\u01b0\u1edbng d\u1eabn c\u00e1c b\u1ea1n c\u00e0i \u0111\u1eb7t OpenShift s\u1eed d\u1ee5ng Docker v\u00e0 c\u00f4ng c\u1ee5 oc tr\u00ean CentOS.<br \/>\n<script async src=\"\/\/pagead2.googlesyndication.com\/pagead\/js\/adsbygoogle.js\"><\/script><br \/>\n<ins class=\"adsbygoogle\" style=\"display: block; text-align: center;\" data-ad-layout=\"in-article\" data-ad-format=\"fluid\" data-ad-client=\"ca-pub-7304065639390615\" data-ad-slot=\"6822390817\"><\/ins><br \/>\n<script>\n     (adsbygoogle = window.adsbygoogle || []).push({});\n<\/script><\/p>\n<h3>Th\u1ef1c h\u00e0nh<\/h3>\n<ul>\n<li><a href=\"https:\/\/huongdanjava.com\/vi\/tao-moi-project-trong-openshift-su-dung-client-tool-oc-hoac-web-console.html\" target=\"_blank\" rel=\"noopener noreferrer\">T\u1ea1o m\u1edbi project trong OpenShift s\u1eed d\u1ee5ng client tool oc ho\u1eb7c web console<\/a><\/li>\n<\/ul>\n<p>\u0110\u1ec3 t\u1ea1o m\u1edbi m\u1ed9t project trong OpenShift, c\u00e1c b\u1ea1n c\u00f3 th\u1ec3 tham kh\u1ea3o b\u00e0i vi\u1ebft n\u00e0y.<\/p>\n<ul>\n<li><a href=\"https:\/\/huongdanjava.com\/vi\/deploy-ung-dung-trong-openshift-su-dung-client-tool-oc.html\" target=\"_blank\" rel=\"noopener noreferrer\">Deploy \u1ee9ng d\u1ee5ng trong OpenShift s\u1eed d\u1ee5ng client tool oc<\/a><\/li>\n<\/ul>\n<p>Sau khi t\u1ea1o project, ch\u00fang ta c\u00f3 th\u1ec3 deploy \u1ee9ng d\u1ee5ng c\u1ee7a m\u00ecnh l\u00ean OpenShift.<\/p>\n<ul>\n<li><a href=\"https:\/\/huongdanjava.com\/vi\/deploy-ung-dung-trong-openshift-su-dung-web-console.html\" target=\"_blank\" rel=\"noopener noreferrer\">Deploy \u1ee9ng d\u1ee5ng trong OpenShift s\u1eed d\u1ee5ng web console<\/a><\/li>\n<\/ul>\n<p>Trong b\u00e0i vi\u1ebft n\u00e0y, m\u00ecnh h\u01b0\u1edbng d\u1eabn c\u00e1c b\u1ea1n c\u00e1ch deploy \u1ee9ng d\u1ee5ng trong OpenShift s\u1eed d\u1ee5ng web console.<\/p>\n\n\n<div class=\"kk-star-ratings kksr-auto kksr-align-right kksr-valign-bottom\"\n    data-payload='{&quot;align&quot;:&quot;right&quot;,&quot;id&quot;:&quot;14372&quot;,&quot;slug&quot;:&quot;default&quot;,&quot;valign&quot;:&quot;bottom&quot;,&quot;ignore&quot;:&quot;&quot;,&quot;reference&quot;:&quot;auto&quot;,&quot;class&quot;:&quot;&quot;,&quot;count&quot;:&quot;0&quot;,&quot;legendonly&quot;:&quot;&quot;,&quot;readonly&quot;:&quot;&quot;,&quot;score&quot;:&quot;0&quot;,&quot;starsonly&quot;:&quot;&quot;,&quot;best&quot;:&quot;5&quot;,&quot;gap&quot;:&quot;4&quot;,&quot;greet&quot;:&quot;&quot;,&quot;legend&quot;:&quot;0\\\/5 - (0 votes)&quot;,&quot;size&quot;:&quot;24&quot;,&quot;title&quot;:&quot;OpenShift&quot;,&quot;width&quot;:&quot;0&quot;,&quot;_legend&quot;:&quot;{score}\\\/{best} - ({count} {votes})&quot;,&quot;font_factor&quot;:&quot;1.25&quot;}'>\n            \n<div class=\"kksr-stars\">\n    \n<div class=\"kksr-stars-inactive\">\n            <div class=\"kksr-star\" data-star=\"1\" style=\"padding-right: 4px\">\n            \n\n<div class=\"kksr-icon\" style=\"width: 24px; height: 24px;\"><\/div>\n        <\/div>\n            <div class=\"kksr-star\" data-star=\"2\" style=\"padding-right: 4px\">\n            \n\n<div class=\"kksr-icon\" style=\"width: 24px; height: 24px;\"><\/div>\n        <\/div>\n            <div class=\"kksr-star\" data-star=\"3\" style=\"padding-right: 4px\">\n            \n\n<div class=\"kksr-icon\" style=\"width: 24px; height: 24px;\"><\/div>\n        <\/div>\n            <div class=\"kksr-star\" data-star=\"4\" style=\"padding-right: 4px\">\n            \n\n<div class=\"kksr-icon\" style=\"width: 24px; height: 24px;\"><\/div>\n        <\/div>\n            <div class=\"kksr-star\" data-star=\"5\" style=\"padding-right: 4px\">\n            \n\n<div class=\"kksr-icon\" style=\"width: 24px; height: 24px;\"><\/div>\n        <\/div>\n    <\/div>\n    \n<div class=\"kksr-stars-active\" style=\"width: 0px;\">\n            <div class=\"kksr-star\" style=\"padding-right: 4px\">\n            \n\n<div class=\"kksr-icon\" style=\"width: 24px; height: 24px;\"><\/div>\n        <\/div>\n            <div class=\"kksr-star\" style=\"padding-right: 4px\">\n            \n\n<div class=\"kksr-icon\" style=\"width: 24px; height: 24px;\"><\/div>\n        <\/div>\n            <div class=\"kksr-star\" style=\"padding-right: 4px\">\n            \n\n<div class=\"kksr-icon\" style=\"width: 24px; height: 24px;\"><\/div>\n        <\/div>\n            <div class=\"kksr-star\" style=\"padding-right: 4px\">\n            \n\n<div class=\"kksr-icon\" style=\"width: 24px; height: 24px;\"><\/div>\n        <\/div>\n            <div class=\"kksr-star\" style=\"padding-right: 4px\">\n            \n\n<div class=\"kksr-icon\" style=\"width: 24px; height: 24px;\"><\/div>\n        <\/div>\n    <\/div>\n<\/div>\n                \n\n<div class=\"kksr-legend\" style=\"font-size: 19.2px;\">\n            <span class=\"kksr-muted\"><\/span>\n    <\/div>\n    <\/div>\n","protected":false},"excerpt":{"rendered":"<p>OpenShift l\u00e0 m\u1ed9t platform gi\u00fap ch\u00fang ta c\u00f3 th\u1ec3 d\u1ec5 d\u00e0ng l\u00e0m vi\u1ec7c v\u1edbi Kubernetes trong c\u00e1c \u1ee9ng d\u1ee5ng containerization. Trong b\u00e0i vi\u1ebft n\u00e0y, m\u00ecnh s\u1ebd t\u1ed5ng h\u1ee3p c\u00e1c b\u00e0i vi\u1ebft c\u1ee7a H\u01b0\u1edbng D\u1eabn Java v\u1ec1 OpenShift \u0111\u1ec3 c\u00e1c b\u1ea1n ti\u1ec7n tham kh\u1ea3o. C\u00e0i \u0111\u1eb7t&hellip; <a href=\"https:\/\/huongdanjava.com\/vi\/openshift\">Read More<\/a><\/p>\n","protected":false},"author":1,"featured_media":0,"parent":0,"menu_order":0,"comment_status":"open","ping_status":"closed","template":"","meta":{"footnotes":""},"class_list":["post-14372","page","type-page","status-publish","hentry","clearfix"],"yoast_head":"<!-- This site is optimized with the Yoast SEO plugin v27.4 - https:\/\/yoast.com\/product\/yoast-seo-wordpress\/ -->\n<title>OpenShift - Huong Dan Java<\/title>\n<meta name=\"robots\" content=\"index, follow, max-snippet:-1, max-image-preview:large, max-video-preview:-1\" \/>\n<link rel=\"canonical\" href=\"https:\/\/huongdanjava.com\/vi\/openshift\" \/>\n<meta property=\"og:locale\" content=\"en_US\" \/>\n<meta property=\"og:type\" content=\"article\" \/>\n<meta property=\"og:title\" content=\"OpenShift - Huong Dan Java\" \/>\n<meta property=\"og:description\" content=\"OpenShift l\u00e0 m\u1ed9t platform gi\u00fap ch\u00fang ta c\u00f3 th\u1ec3 d\u1ec5 d\u00e0ng l\u00e0m vi\u1ec7c v\u1edbi Kubernetes trong c\u00e1c \u1ee9ng d\u1ee5ng containerization. Trong b\u00e0i vi\u1ebft n\u00e0y, m\u00ecnh s\u1ebd t\u1ed5ng h\u1ee3p c\u00e1c b\u00e0i vi\u1ebft c\u1ee7a H\u01b0\u1edbng D\u1eabn Java v\u1ec1 OpenShift \u0111\u1ec3 c\u00e1c b\u1ea1n ti\u1ec7n tham kh\u1ea3o. C\u00e0i \u0111\u1eb7t&hellip; Read More\" \/>\n<meta property=\"og:url\" content=\"https:\/\/huongdanjava.com\/vi\/openshift\" \/>\n<meta property=\"og:site_name\" content=\"Huong Dan Java\" \/>\n<meta property=\"article:publisher\" content=\"https:\/\/www.facebook.com\/nhkhanh2406\" \/>\n<meta property=\"article:modified_time\" content=\"2019-06-19T11:05:15+00:00\" \/>\n<meta property=\"og:image\" content=\"https:\/\/huongdanjava.com\/wp-content\/uploads\/2019\/06\/openshift_logo.jpg\" \/>\n<meta name=\"twitter:card\" content=\"summary_large_image\" \/>\n<meta name=\"twitter:site\" content=\"@KhanhNguyenJ\" \/>\n<meta name=\"twitter:label1\" content=\"Est. reading time\" \/>\n\t<meta name=\"twitter:data1\" content=\"2 minutes\" \/>\n<script type=\"application\/ld+json\" class=\"yoast-schema-graph\">{\"@context\":\"https:\\\/\\\/schema.org\",\"@graph\":[{\"@type\":\"WebPage\",\"@id\":\"https:\\\/\\\/huongdanjava.com\\\/vi\\\/openshift\",\"url\":\"https:\\\/\\\/huongdanjava.com\\\/vi\\\/openshift\",\"name\":\"OpenShift - Huong Dan Java\",\"isPartOf\":{\"@id\":\"https:\\\/\\\/huongdanjava.com\\\/#website\"},\"primaryImageOfPage\":{\"@id\":\"https:\\\/\\\/huongdanjava.com\\\/vi\\\/openshift#primaryimage\"},\"image\":{\"@id\":\"https:\\\/\\\/huongdanjava.com\\\/vi\\\/openshift#primaryimage\"},\"thumbnailUrl\":\"https:\\\/\\\/huongdanjava.com\\\/wp-content\\\/uploads\\\/2019\\\/06\\\/openshift_logo.jpg\",\"datePublished\":\"2019-06-12T15:05:51+00:00\",\"dateModified\":\"2019-06-19T11:05:15+00:00\",\"breadcrumb\":{\"@id\":\"https:\\\/\\\/huongdanjava.com\\\/vi\\\/openshift#breadcrumb\"},\"inLanguage\":\"en-US\",\"potentialAction\":[{\"@type\":\"ReadAction\",\"target\":[\"https:\\\/\\\/huongdanjava.com\\\/vi\\\/openshift\"]}]},{\"@type\":\"ImageObject\",\"inLanguage\":\"en-US\",\"@id\":\"https:\\\/\\\/huongdanjava.com\\\/vi\\\/openshift#primaryimage\",\"url\":\"https:\\\/\\\/huongdanjava.com\\\/wp-content\\\/uploads\\\/2019\\\/06\\\/openshift_logo.jpg\",\"contentUrl\":\"https:\\\/\\\/huongdanjava.com\\\/wp-content\\\/uploads\\\/2019\\\/06\\\/openshift_logo.jpg\",\"width\":500,\"height\":320},{\"@type\":\"BreadcrumbList\",\"@id\":\"https:\\\/\\\/huongdanjava.com\\\/vi\\\/openshift#breadcrumb\",\"itemListElement\":[{\"@type\":\"ListItem\",\"position\":1,\"name\":\"Home\",\"item\":\"https:\\\/\\\/huongdanjava.com\\\/\"},{\"@type\":\"ListItem\",\"position\":2,\"name\":\"OpenShift\"}]},{\"@type\":\"WebSite\",\"@id\":\"https:\\\/\\\/huongdanjava.com\\\/#website\",\"url\":\"https:\\\/\\\/huongdanjava.com\\\/\",\"name\":\"Huong Dan Java\",\"description\":\"Java development tutorials\",\"publisher\":{\"@id\":\"https:\\\/\\\/huongdanjava.com\\\/#\\\/schema\\\/person\\\/dc859d7f8cbea3b593e6738de9cbb82d\"},\"potentialAction\":[{\"@type\":\"SearchAction\",\"target\":{\"@type\":\"EntryPoint\",\"urlTemplate\":\"https:\\\/\\\/huongdanjava.com\\\/?s={search_term_string}\"},\"query-input\":{\"@type\":\"PropertyValueSpecification\",\"valueRequired\":true,\"valueName\":\"search_term_string\"}}],\"inLanguage\":\"en-US\"},{\"@type\":[\"Person\",\"Organization\"],\"@id\":\"https:\\\/\\\/huongdanjava.com\\\/#\\\/schema\\\/person\\\/dc859d7f8cbea3b593e6738de9cbb82d\",\"name\":\"Khanh Nguyen\",\"image\":{\"@type\":\"ImageObject\",\"inLanguage\":\"en-US\",\"@id\":\"https:\\\/\\\/huongdanjava.com\\\/wp-content\\\/uploads\\\/2021\\\/07\\\/CC6FAC58-D227-4DD8-93D1-6D6A795577E3_1_201_a.jpeg\",\"url\":\"https:\\\/\\\/huongdanjava.com\\\/wp-content\\\/uploads\\\/2021\\\/07\\\/CC6FAC58-D227-4DD8-93D1-6D6A795577E3_1_201_a.jpeg\",\"contentUrl\":\"https:\\\/\\\/huongdanjava.com\\\/wp-content\\\/uploads\\\/2021\\\/07\\\/CC6FAC58-D227-4DD8-93D1-6D6A795577E3_1_201_a.jpeg\",\"width\":1267,\"height\":1517,\"caption\":\"Khanh Nguyen\"},\"logo\":{\"@id\":\"https:\\\/\\\/huongdanjava.com\\\/wp-content\\\/uploads\\\/2021\\\/07\\\/CC6FAC58-D227-4DD8-93D1-6D6A795577E3_1_201_a.jpeg\"},\"description\":\"I love Java and everything related to Java.\",\"sameAs\":[\"https:\\\/\\\/huongdanjava.com\",\"https:\\\/\\\/www.facebook.com\\\/nhkhanh2406\",\"https:\\\/\\\/x.com\\\/https:\\\/\\\/twitter.com\\\/KhanhNguyenJ\"]}]}<\/script>\n<!-- \/ Yoast SEO plugin. -->","yoast_head_json":{"title":"OpenShift - Huong Dan Java","robots":{"index":"index","follow":"follow","max-snippet":"max-snippet:-1","max-image-preview":"max-image-preview:large","max-video-preview":"max-video-preview:-1"},"canonical":"https:\/\/huongdanjava.com\/vi\/openshift","og_locale":"en_US","og_type":"article","og_title":"OpenShift - Huong Dan Java","og_description":"OpenShift l\u00e0 m\u1ed9t platform gi\u00fap ch\u00fang ta c\u00f3 th\u1ec3 d\u1ec5 d\u00e0ng l\u00e0m vi\u1ec7c v\u1edbi Kubernetes trong c\u00e1c \u1ee9ng d\u1ee5ng containerization. Trong b\u00e0i vi\u1ebft n\u00e0y, m\u00ecnh s\u1ebd t\u1ed5ng h\u1ee3p c\u00e1c b\u00e0i vi\u1ebft c\u1ee7a H\u01b0\u1edbng D\u1eabn Java v\u1ec1 OpenShift \u0111\u1ec3 c\u00e1c b\u1ea1n ti\u1ec7n tham kh\u1ea3o. C\u00e0i \u0111\u1eb7t&hellip; Read More","og_url":"https:\/\/huongdanjava.com\/vi\/openshift","og_site_name":"Huong Dan Java","article_publisher":"https:\/\/www.facebook.com\/nhkhanh2406","article_modified_time":"2019-06-19T11:05:15+00:00","og_image":[{"url":"https:\/\/huongdanjava.com\/wp-content\/uploads\/2019\/06\/openshift_logo.jpg","type":"","width":"","height":""}],"twitter_card":"summary_large_image","twitter_site":"@KhanhNguyenJ","twitter_misc":{"Est. reading time":"2 minutes"},"schema":{"@context":"https:\/\/schema.org","@graph":[{"@type":"WebPage","@id":"https:\/\/huongdanjava.com\/vi\/openshift","url":"https:\/\/huongdanjava.com\/vi\/openshift","name":"OpenShift - Huong Dan Java","isPartOf":{"@id":"https:\/\/huongdanjava.com\/#website"},"primaryImageOfPage":{"@id":"https:\/\/huongdanjava.com\/vi\/openshift#primaryimage"},"image":{"@id":"https:\/\/huongdanjava.com\/vi\/openshift#primaryimage"},"thumbnailUrl":"https:\/\/huongdanjava.com\/wp-content\/uploads\/2019\/06\/openshift_logo.jpg","datePublished":"2019-06-12T15:05:51+00:00","dateModified":"2019-06-19T11:05:15+00:00","breadcrumb":{"@id":"https:\/\/huongdanjava.com\/vi\/openshift#breadcrumb"},"inLanguage":"en-US","potentialAction":[{"@type":"ReadAction","target":["https:\/\/huongdanjava.com\/vi\/openshift"]}]},{"@type":"ImageObject","inLanguage":"en-US","@id":"https:\/\/huongdanjava.com\/vi\/openshift#primaryimage","url":"https:\/\/huongdanjava.com\/wp-content\/uploads\/2019\/06\/openshift_logo.jpg","contentUrl":"https:\/\/huongdanjava.com\/wp-content\/uploads\/2019\/06\/openshift_logo.jpg","width":500,"height":320},{"@type":"BreadcrumbList","@id":"https:\/\/huongdanjava.com\/vi\/openshift#breadcrumb","itemListElement":[{"@type":"ListItem","position":1,"name":"Home","item":"https:\/\/huongdanjava.com\/"},{"@type":"ListItem","position":2,"name":"OpenShift"}]},{"@type":"WebSite","@id":"https:\/\/huongdanjava.com\/#website","url":"https:\/\/huongdanjava.com\/","name":"Huong Dan Java","description":"Java development tutorials","publisher":{"@id":"https:\/\/huongdanjava.com\/#\/schema\/person\/dc859d7f8cbea3b593e6738de9cbb82d"},"potentialAction":[{"@type":"SearchAction","target":{"@type":"EntryPoint","urlTemplate":"https:\/\/huongdanjava.com\/?s={search_term_string}"},"query-input":{"@type":"PropertyValueSpecification","valueRequired":true,"valueName":"search_term_string"}}],"inLanguage":"en-US"},{"@type":["Person","Organization"],"@id":"https:\/\/huongdanjava.com\/#\/schema\/person\/dc859d7f8cbea3b593e6738de9cbb82d","name":"Khanh Nguyen","image":{"@type":"ImageObject","inLanguage":"en-US","@id":"https:\/\/huongdanjava.com\/wp-content\/uploads\/2021\/07\/CC6FAC58-D227-4DD8-93D1-6D6A795577E3_1_201_a.jpeg","url":"https:\/\/huongdanjava.com\/wp-content\/uploads\/2021\/07\/CC6FAC58-D227-4DD8-93D1-6D6A795577E3_1_201_a.jpeg","contentUrl":"https:\/\/huongdanjava.com\/wp-content\/uploads\/2021\/07\/CC6FAC58-D227-4DD8-93D1-6D6A795577E3_1_201_a.jpeg","width":1267,"height":1517,"caption":"Khanh Nguyen"},"logo":{"@id":"https:\/\/huongdanjava.com\/wp-content\/uploads\/2021\/07\/CC6FAC58-D227-4DD8-93D1-6D6A795577E3_1_201_a.jpeg"},"description":"I love Java and everything related to Java.","sameAs":["https:\/\/huongdanjava.com","https:\/\/www.facebook.com\/nhkhanh2406","https:\/\/x.com\/https:\/\/twitter.com\/KhanhNguyenJ"]}]}},"_links":{"self":[{"href":"https:\/\/huongdanjava.com\/wp-json\/wp\/v2\/pages\/14372","targetHints":{"allow":["GET"]}}],"collection":[{"href":"https:\/\/huongdanjava.com\/wp-json\/wp\/v2\/pages"}],"about":[{"href":"https:\/\/huongdanjava.com\/wp-json\/wp\/v2\/types\/page"}],"author":[{"embeddable":true,"href":"https:\/\/huongdanjava.com\/wp-json\/wp\/v2\/users\/1"}],"replies":[{"embeddable":true,"href":"https:\/\/huongdanjava.com\/wp-json\/wp\/v2\/comments?post=14372"}],"version-history":[{"count":6,"href":"https:\/\/huongdanjava.com\/wp-json\/wp\/v2\/pages\/14372\/revisions"}],"predecessor-version":[{"id":14437,"href":"https:\/\/huongdanjava.com\/wp-json\/wp\/v2\/pages\/14372\/revisions\/14437"}],"wp:attachment":[{"href":"https:\/\/huongdanjava.com\/wp-json\/wp\/v2\/media?parent=14372"}],"curies":[{"name":"wp","href":"https:\/\/api.w.org\/{rel}","templated":true}]}}