{"id":90290,"date":"2025-02-06T19:09:35","date_gmt":"2025-02-06T19:09:35","guid":{"rendered":"https:\/\/k2-designs.com\/sobre\/"},"modified":"2025-02-06T19:09:35","modified_gmt":"2025-02-06T19:09:35","slug":"sobre","status":"publish","type":"page","link":"https:\/\/k2-designs.com\/sobre\/","title":{"rendered":"Sobre"},"content":{"rendered":"<p>Se voc\u00ea tiver alguma d\u00favida sobre o Site, Publicidade e qualquer outro assunto, n\u00e3o hesite em nos contatar, estamos ansiosos para respond\u00ea-lo em nossa p\u00e1gina de contato, trabalhamos 24 horas neste campo e temos experi\u00eancia suficiente para fornecer enviar para <strong>K2-designs<\/strong><\/p>\n","protected":false},"excerpt":{"rendered":"<p>Se voc\u00ea tiver alguma d\u00favida sobre o Site, Publicidade e qualquer outro assunto, n\u00e3o hesite em nos contatar, estamos ansiosos para respond\u00ea-lo em nossa p\u00e1gina de contato, trabalhamos 24 horas neste campo e temos experi\u00eancia suficiente para fornecer enviar para K2-designs<\/p>\n","protected":false},"author":3,"featured_media":0,"parent":0,"menu_order":0,"comment_status":"closed","ping_status":"closed","template":"","meta":{"footnotes":""},"class_list":["post-90290","page","type-page","status-publish","hentry"],"yoast_head":"<!-- This site is optimized with the Yoast SEO plugin v25.9 - https:\/\/yoast.com\/wordpress\/plugins\/seo\/ -->\n<title>Sobre - K2-Designs<\/title>\n<meta name=\"robots\" content=\"index, follow, max-snippet:-1, max-image-preview:large, max-video-preview:-1\" \/>\n<link rel=\"canonical\" href=\"https:\/\/k2-designs.com\/sobre\/\" \/>\n<meta property=\"og:locale\" content=\"pt_BR\" \/>\n<meta property=\"og:type\" content=\"article\" \/>\n<meta property=\"og:title\" content=\"Sobre - K2-Designs\" \/>\n<meta property=\"og:description\" content=\"Se voc\u00ea tiver alguma d\u00favida sobre o Site, Publicidade e qualquer outro assunto, n\u00e3o hesite em nos contatar, estamos ansiosos para respond\u00ea-lo em nossa p\u00e1gina de contato, trabalhamos 24 horas neste campo e temos experi\u00eancia suficiente para fornecer enviar para K2-designs\" \/>\n<meta property=\"og:url\" content=\"https:\/\/k2-designs.com\/sobre\/\" \/>\n<meta property=\"og:site_name\" content=\"K2-Designs\" \/>\n<meta name=\"twitter:card\" content=\"summary_large_image\" \/>\n<script type=\"application\/ld+json\" class=\"yoast-schema-graph\">{\"@context\":\"https:\/\/schema.org\",\"@graph\":[{\"@type\":\"WebPage\",\"@id\":\"https:\/\/k2-designs.com\/sobre\/\",\"url\":\"https:\/\/k2-designs.com\/sobre\/\",\"name\":\"Sobre - K2-Designs\",\"isPartOf\":{\"@id\":\"https:\/\/k2-designs.com\/#website\"},\"datePublished\":\"2025-02-06T19:09:35+00:00\",\"breadcrumb\":{\"@id\":\"https:\/\/k2-designs.com\/sobre\/#breadcrumb\"},\"inLanguage\":\"pt-BR\",\"potentialAction\":[{\"@type\":\"ReadAction\",\"target\":[\"https:\/\/k2-designs.com\/sobre\/\"]}]},{\"@type\":\"BreadcrumbList\",\"@id\":\"https:\/\/k2-designs.com\/sobre\/#breadcrumb\",\"itemListElement\":[{\"@type\":\"ListItem\",\"position\":1,\"name\":\"Home\",\"item\":\"https:\/\/k2-designs.com\/\"},{\"@type\":\"ListItem\",\"position\":2,\"name\":\"Sobre\"}]},{\"@type\":\"WebSite\",\"@id\":\"https:\/\/k2-designs.com\/#website\",\"url\":\"https:\/\/k2-designs.com\/\",\"name\":\"K2-Designs\",\"description\":\"Explorando o futuro de uma forma Divertida!\",\"potentialAction\":[{\"@type\":\"SearchAction\",\"target\":{\"@type\":\"EntryPoint\",\"urlTemplate\":\"https:\/\/k2-designs.com\/?s={search_term_string}\"},\"query-input\":{\"@type\":\"PropertyValueSpecification\",\"valueRequired\":true,\"valueName\":\"search_term_string\"}}],\"inLanguage\":\"pt-BR\"}]}<\/script>\n<!-- \/ Yoast SEO plugin. -->","yoast_head_json":{"title":"Sobre - K2-Designs","robots":{"index":"index","follow":"follow","max-snippet":"max-snippet:-1","max-image-preview":"max-image-preview:large","max-video-preview":"max-video-preview:-1"},"canonical":"https:\/\/k2-designs.com\/sobre\/","og_locale":"pt_BR","og_type":"article","og_title":"Sobre - K2-Designs","og_description":"Se voc\u00ea tiver alguma d\u00favida sobre o Site, Publicidade e qualquer outro assunto, n\u00e3o hesite em nos contatar, estamos ansiosos para respond\u00ea-lo em nossa p\u00e1gina de contato, trabalhamos 24 horas neste campo e temos experi\u00eancia suficiente para fornecer enviar para K2-designs","og_url":"https:\/\/k2-designs.com\/sobre\/","og_site_name":"K2-Designs","twitter_card":"summary_large_image","schema":{"@context":"https:\/\/schema.org","@graph":[{"@type":"WebPage","@id":"https:\/\/k2-designs.com\/sobre\/","url":"https:\/\/k2-designs.com\/sobre\/","name":"Sobre - K2-Designs","isPartOf":{"@id":"https:\/\/k2-designs.com\/#website"},"datePublished":"2025-02-06T19:09:35+00:00","breadcrumb":{"@id":"https:\/\/k2-designs.com\/sobre\/#breadcrumb"},"inLanguage":"pt-BR","potentialAction":[{"@type":"ReadAction","target":["https:\/\/k2-designs.com\/sobre\/"]}]},{"@type":"BreadcrumbList","@id":"https:\/\/k2-designs.com\/sobre\/#breadcrumb","itemListElement":[{"@type":"ListItem","position":1,"name":"Home","item":"https:\/\/k2-designs.com\/"},{"@type":"ListItem","position":2,"name":"Sobre"}]},{"@type":"WebSite","@id":"https:\/\/k2-designs.com\/#website","url":"https:\/\/k2-designs.com\/","name":"K2-Designs","description":"Explorando o futuro de uma forma Divertida!","potentialAction":[{"@type":"SearchAction","target":{"@type":"EntryPoint","urlTemplate":"https:\/\/k2-designs.com\/?s={search_term_string}"},"query-input":{"@type":"PropertyValueSpecification","valueRequired":true,"valueName":"search_term_string"}}],"inLanguage":"pt-BR"}]}},"_hostinger_reach_plugin_has_subscription_block":false,"_hostinger_reach_plugin_is_elementor":false,"_links":{"self":[{"href":"https:\/\/k2-designs.com\/wp-json\/wp\/v2\/pages\/90290","targetHints":{"allow":["GET"]}}],"collection":[{"href":"https:\/\/k2-designs.com\/wp-json\/wp\/v2\/pages"}],"about":[{"href":"https:\/\/k2-designs.com\/wp-json\/wp\/v2\/types\/page"}],"author":[{"embeddable":true,"href":"https:\/\/k2-designs.com\/wp-json\/wp\/v2\/users\/3"}],"replies":[{"embeddable":true,"href":"https:\/\/k2-designs.com\/wp-json\/wp\/v2\/comments?post=90290"}],"version-history":[{"count":0,"href":"https:\/\/k2-designs.com\/wp-json\/wp\/v2\/pages\/90290\/revisions"}],"wp:attachment":[{"href":"https:\/\/k2-designs.com\/wp-json\/wp\/v2\/media?parent=90290"}],"curies":[{"name":"wp","href":"https:\/\/api.w.org\/{rel}","templated":true}]}}