{"id":3711,"date":"2010-03-13T17:42:44","date_gmt":"2010-03-13T16:42:44","guid":{"rendered":"https:\/\/www.sabienes.de\/?page_id=3711"},"modified":"2021-03-19T17:43:35","modified_gmt":"2021-03-19T16:43:35","slug":"kontakt","status":"publish","type":"page","link":"https:\/\/sabienes.de\/kontakt\/","title":{"rendered":"Kontakt"},"content":{"rendered":"<div id=\"vscf\" class=\"vscf-shortcode\"><form name=\"vscf_3711\" id=\"vscf-form\" method=\"post\">\r\n\t<div class=\"form-group vscf-name-group\">\r\n\t\t<label for=\"vscf_name\" class=\"vscf-label\">Name <\/label>\r\n\t\t<input type=\"text\" name=\"vscf_name_3711\" id=\"vscf_name\"  class=\"form-control\" placeholder=\"\" value=\"\" minlength=\"2\" maxlength=\"100\" aria-required=\"true\" \/>\r\n\t\t\r\n\t<\/div>\r\n\t<div class=\"form-group vscf-email-group\">\r\n\t\t<label for=\"vscf_email\" class=\"vscf-label\">E-Mail <\/label>\r\n\t\t<input type=\"email\" name=\"vscf_email_3711\" id=\"vscf_email\"  class=\"form-control\" placeholder=\"\" value=\"\" maxlength=\"100\" aria-required=\"true\" \/>\r\n\t\t\r\n\t<\/div>\r\n\t\r\n\t\t<div class=\"form-group vscf-subject-group\">\r\n\t\t\t<label for=\"vscf_subject\" class=\"vscf-label\">Betreff <\/label>\r\n\t\t\t<input type=\"text\" name=\"vscf_subject_3711\" id=\"vscf_subject\"  class=\"form-control\" placeholder=\"\" value=\"\" minlength=\"2\" maxlength=\"100\" aria-required=\"true\" \/>\r\n\t\t\t\r\n\t\t<\/div>\r\n\t\r\n\t\r\n\t\t<div class=\"form-group vscf-display-none\">\r\n\t\t\t<input type=\"hidden\" name=\"vscf_sum_3711\" id=\"vscf_sum\" class=\"form-control\" value=\"c2a556d6aa3646658674e40de6f05cdc\" \/>\r\n\t\t<\/div>\r\n\t\r\n\t<div class=\"form-group vscf-hide\">\r\n\t\t<label for=\"vscf_first_random\">Please ignore this field<\/label>\r\n\t\t<input type=\"text\" name=\"vscf_first_random_3711\" id=\"vscf_first_random\" class=\"form-control\" tabindex=\"-1\" value=\"\" maxlength=\"100\" \/>\r\n\t<\/div>\r\n\t<div class=\"form-group vscf-hide\">\r\n\t\t<label for=\"vscf_second_random\">Please ignore this field<\/label>\r\n\t\t<input type=\"text\" name=\"vscf_second_random_3711\" id=\"vscf_second_random\" class=\"form-control\" tabindex=\"-1\" value=\"\" maxlength=\"100\" \/>\r\n\t<\/div>\r\n\t<div class=\"form-group vscf-message-group\">\r\n\t\t<label for=\"vscf_message\" class=\"vscf-label\">Mitteilung <\/label>\r\n\t\t<textarea name=\"vscf_message_3711\" id=\"vscf_message\" rows=\"10\"  class=\"form-control\" placeholder=\"\" minlength=\"10\" maxlength=\"10000\" aria-required=\"true\"><\/textarea>\r\n\t\t\r\n\t<\/div>\r\n\t<div class=\"form-group vscf-display-none\">\r\n\t\t<input type=\"hidden\" name=\"vscf_time_3711\" id=\"vscf_time\" class=\"form-control\" value=\"1776787157\" \/>\r\n\t<\/div>\r\n\t\r\n\t<div class=\"form-group vscf-display-none\">\r\n\t\t<input type=\"hidden\" id=\"vscf_nonce\" name=\"vscf_nonce\" value=\"0a42977e37\" \/><input type=\"hidden\" name=\"_wp_http_referer\" value=\"\/wp-json\/wp\/v2\/pages\/3711\" \/>\r\n\t<\/div>\r\n\t<div class=\"form-group vscf-submit-group\">\r\n\t\t<button type=\"submit\" name=\"vscf_send_3711\" id=\"vscf_send\" class=\"btn btn-primary\">Senden<\/button>\r\n\t<\/div>\r\n\t\r\n<\/form><\/div>\n<p><code><\/code><strong>DATENSCHUTZHINWEIS<\/strong> Mit dem nachstehenden Kontaktformular k\u00f6nnen Sie Ihre Anfrage an uns richten. Ihre Daten werden \u00fcber unseren Provider per Email an uns weitergeleitet und nach Beantwortung umgehend gel\u00f6scht, sofern keine gesetzlichen Aufbewahrungspflichten bestehen. Eine Nutzung zu einem anderen Zweck oder eine Datenweitergabe an Dritte findet nicht statt.<br \/>\nSie k\u00f6nnen Ihre Einwilligung zur Datenerhebung und Datennutzung jederzeit durch <a href=\"https:\/\/sabienes.de\/impressum\/\">Nachricht an uns<\/a> widerrufen. Im Falle des Widerrufs werden Ihre Daten umgehend gel\u00f6scht.<br \/>\nWeitere Informationen finden Sie in unserer <a href=\"https:\/\/sabienes.de\/datenschutzerklaerung\/\">Datenschutzerkl\u00e4rung.<\/a><\/p>\n<div class=\"shariff\"><ul class=\"shariff-buttons theme-default orientation-horizontal buttonsize-medium\"><li class=\"shariff-button facebook shariff-nocustomcolor\" style=\"background-color:#4273c8\"><a href=\"https:\/\/www.facebook.com\/sharer\/sharer.php?u=https%3A%2F%2Fsabienes.de%2Fkontakt%2F\" title=\"Bei Facebook teilen\" aria-label=\"Bei Facebook teilen\" role=\"button\" rel=\"nofollow\" class=\"shariff-link\" style=\"; background-color:#3b5998; color:#fff\" target=\"_blank\"><span class=\"shariff-icon\" style=\"\"><svg width=\"32px\" height=\"20px\" xmlns=\"http:\/\/www.w3.org\/2000\/svg\" viewBox=\"0 0 18 32\"><path fill=\"#3b5998\" d=\"M17.1 0.2v4.7h-2.8q-1.5 0-2.1 0.6t-0.5 1.9v3.4h5.2l-0.7 5.3h-4.5v13.6h-5.5v-13.6h-4.5v-5.3h4.5v-3.9q0-3.3 1.9-5.2t5-1.8q2.6 0 4.1 0.2z\"\/><\/svg><\/span><span class=\"shariff-text\">teilen<\/span>&nbsp;<\/a><\/li><li class=\"shariff-button twitter shariff-nocustomcolor\" style=\"background-color:#595959\"><a href=\"https:\/\/twitter.com\/share?url=https%3A%2F%2Fsabienes.de%2Fkontakt%2F&text=Kontakt\" title=\"Bei X teilen\" aria-label=\"Bei X teilen\" role=\"button\" rel=\"noopener nofollow\" class=\"shariff-link\" style=\"; background-color:#000; color:#fff\" target=\"_blank\"><span class=\"shariff-icon\" style=\"\"><svg width=\"32px\" height=\"20px\" xmlns=\"http:\/\/www.w3.org\/2000\/svg\" viewBox=\"0 0 24 24\"><path fill=\"#000\" d=\"M14.258 10.152L23.176 0h-2.113l-7.747 8.813L7.133 0H0l9.352 13.328L0 23.973h2.113l8.176-9.309 6.531 9.309h7.133zm-2.895 3.293l-.949-1.328L2.875 1.56h3.246l6.086 8.523.945 1.328 7.91 11.078h-3.246zm0 0\"\/><\/svg><\/span><span class=\"shariff-text\">teilen<\/span>&nbsp;<\/a><\/li><li class=\"shariff-button linkedin shariff-nocustomcolor\" style=\"background-color:#1488bf\"><a href=\"https:\/\/www.linkedin.com\/sharing\/share-offsite\/?url=https%3A%2F%2Fsabienes.de%2Fkontakt%2F\" title=\"Bei LinkedIn teilen\" aria-label=\"Bei LinkedIn teilen\" role=\"button\" rel=\"noopener nofollow\" class=\"shariff-link\" style=\"; background-color:#0077b5; color:#fff\" target=\"_blank\"><span class=\"shariff-icon\" style=\"\"><svg width=\"32px\" height=\"20px\" xmlns=\"http:\/\/www.w3.org\/2000\/svg\" viewBox=\"0 0 27 32\"><path fill=\"#0077b5\" d=\"M6.2 11.2v17.7h-5.9v-17.7h5.9zM6.6 5.7q0 1.3-0.9 2.2t-2.4 0.9h0q-1.5 0-2.4-0.9t-0.9-2.2 0.9-2.2 2.4-0.9 2.4 0.9 0.9 2.2zM27.4 18.7v10.1h-5.9v-9.5q0-1.9-0.7-2.9t-2.3-1.1q-1.1 0-1.9 0.6t-1.2 1.5q-0.2 0.5-0.2 1.4v9.9h-5.9q0-7.1 0-11.6t0-5.3l0-0.9h5.9v2.6h0q0.4-0.6 0.7-1t1-0.9 1.6-0.8 2-0.3q3 0 4.9 2t1.9 6z\"\/><\/svg><\/span><span class=\"shariff-text\">teilen<\/span>&nbsp;<\/a><\/li><li class=\"shariff-button pinterest shariff-nocustomcolor\" style=\"background-color:#e70f18\"><a href=\"https:\/\/www.pinterest.com\/pin\/create\/link\/?url=https%3A%2F%2Fsabienes.de%2Fkontakt%2F&media=https%3A%2F%2Fsabienes.de%2Fwp-content%2Fplugins%2Fshariff%2Fimages%2FdefaultHint.png&description=Kontakt\" title=\"Bei Pinterest pinnen\" aria-label=\"Bei Pinterest pinnen\" role=\"button\" rel=\"noopener nofollow\" class=\"shariff-link\" style=\"; background-color:#cb2027; color:#fff\" target=\"_blank\"><span class=\"shariff-icon\" style=\"\"><svg width=\"32px\" height=\"20px\" xmlns=\"http:\/\/www.w3.org\/2000\/svg\" viewBox=\"0 0 27 32\"><path fill=\"#cb2027\" d=\"M27.4 16q0 3.7-1.8 6.9t-5 5-6.9 1.9q-2 0-3.9-0.6 1.1-1.7 1.4-2.9 0.2-0.6 1-3.8 0.4 0.7 1.3 1.2t2 0.5q2.1 0 3.8-1.2t2.7-3.4 0.9-4.8q0-2-1.1-3.8t-3.1-2.9-4.5-1.2q-1.9 0-3.5 0.5t-2.8 1.4-2 2-1.2 2.3-0.4 2.4q0 1.9 0.7 3.3t2.1 2q0.5 0.2 0.7-0.4 0-0.1 0.1-0.5t0.2-0.5q0.1-0.4-0.2-0.8-0.9-1.1-0.9-2.7 0-2.7 1.9-4.6t4.9-2q2.7 0 4.2 1.5t1.5 3.8q0 3-1.2 5.2t-3.1 2.1q-1.1 0-1.7-0.8t-0.4-1.9q0.1-0.6 0.5-1.7t0.5-1.8 0.2-1.4q0-0.9-0.5-1.5t-1.4-0.6q-1.1 0-1.9 1t-0.8 2.6q0 1.3 0.4 2.2l-1.8 7.5q-0.3 1.2-0.2 3.2-3.7-1.6-6-5t-2.3-7.6q0-3.7 1.9-6.9t5-5 6.9-1.9 6.9 1.9 5 5 1.8 6.9z\"\/><\/svg><\/span><span class=\"shariff-text\">merken<\/span>&nbsp;<\/a><\/li><li class=\"shariff-button xing shariff-nocustomcolor\" style=\"background-color:#29888a\"><a href=\"https:\/\/www.xing.com\/spi\/shares\/new?url=https%3A%2F%2Fsabienes.de%2Fkontakt%2F\" title=\"Bei XING teilen\" aria-label=\"Bei XING teilen\" role=\"button\" rel=\"noopener nofollow\" class=\"shariff-link\" style=\"; background-color:#126567; color:#fff\" target=\"_blank\"><span class=\"shariff-icon\" style=\"\"><svg width=\"32px\" height=\"20px\" xmlns=\"http:\/\/www.w3.org\/2000\/svg\" viewBox=\"0 0 25 32\"><path fill=\"#126567\" d=\"M10.7 11.9q-0.2 0.3-4.6 8.2-0.5 0.8-1.2 0.8h-4.3q-0.4 0-0.5-0.3t0-0.6l4.5-8q0 0 0 0l-2.9-5q-0.2-0.4 0-0.7 0.2-0.3 0.5-0.3h4.3q0.7 0 1.2 0.8zM25.1 0.4q0.2 0.3 0 0.7l-9.4 16.7 6 11q0.2 0.4 0 0.6-0.2 0.3-0.6 0.3h-4.3q-0.7 0-1.2-0.8l-6-11.1q0.3-0.6 9.5-16.8 0.4-0.8 1.2-0.8h4.3q0.4 0 0.5 0.3z\"\/><\/svg><\/span><span class=\"shariff-text\">teilen<\/span>&nbsp;<\/a><\/li><\/ul><\/div>","protected":false},"excerpt":{"rendered":"<p>DATENSCHUTZHINWEIS Mit dem nachstehenden Kontaktformular k\u00f6nnen Sie Ihre Anfrage an uns richten. Ihre Daten werden \u00fcber unseren Provider per Email an uns weitergeleitet und nach Beantwortung umgehend gel\u00f6scht, sofern keine gesetzlichen Aufbewahrungspflichten bestehen. Eine Nutzung zu einem anderen Zweck oder eine Datenweitergabe an Dritte findet nicht statt. Sie k\u00f6nnen Ihre Einwilligung zur Datenerhebung und Datennutzung&hellip;<\/p>\n","protected":false},"author":2,"featured_media":0,"parent":0,"menu_order":6,"comment_status":"closed","ping_status":"closed","template":"","meta":{"footnotes":""},"class_list":["post-3711","page","type-page","status-publish","hentry"],"yoast_head":"<!-- This site is optimized with the Yoast SEO plugin v27.4 - https:\/\/yoast.com\/product\/yoast-seo-wordpress\/ -->\n<title>Kontakt - Sabienes TraumWelten<\/title>\n<meta name=\"description\" content=\"Kontaktformular- so nehmen meine Leser schnell und unkompliziert Kontakt mit mir auf, wenn sie Fragen oder Probleme haben\" \/>\n<meta name=\"robots\" content=\"index, nofollow, max-snippet:-1, max-image-preview:large, max-video-preview:-1\" \/>\n<link rel=\"canonical\" href=\"https:\/\/sabienes.de\/kontakt\/\" \/>\n<meta property=\"og:locale\" content=\"de_DE\" \/>\n<meta property=\"og:type\" content=\"article\" \/>\n<meta property=\"og:title\" content=\"Kontakt - Sabienes TraumWelten\" \/>\n<meta property=\"og:description\" content=\"Kontaktformular- so nehmen meine Leser schnell und unkompliziert Kontakt mit mir auf, wenn sie Fragen oder Probleme haben\" \/>\n<meta property=\"og:url\" content=\"https:\/\/sabienes.de\/kontakt\/\" \/>\n<meta property=\"og:site_name\" content=\"Sabienes TraumWelten\" \/>\n<meta property=\"article:modified_time\" content=\"2021-03-19T16:43:35+00:00\" \/>\n<meta name=\"twitter:card\" content=\"summary_large_image\" \/>\n<meta name=\"twitter:site\" content=\"@sabienes\" \/>\n<meta name=\"twitter:label1\" content=\"Gesch\u00e4tzte Lesezeit\" \/>\n\t<meta name=\"twitter:data1\" content=\"1\u00a0Minute\" \/>\n<script type=\"application\/ld+json\" class=\"yoast-schema-graph\">{\"@context\":\"https:\\\/\\\/schema.org\",\"@graph\":[{\"@type\":\"WebPage\",\"@id\":\"https:\\\/\\\/sabienes.de\\\/kontakt\\\/\",\"url\":\"https:\\\/\\\/sabienes.de\\\/kontakt\\\/\",\"name\":\"Kontakt - Sabienes TraumWelten\",\"isPartOf\":{\"@id\":\"https:\\\/\\\/sabienes.de\\\/#website\"},\"datePublished\":\"2010-03-13T16:42:44+00:00\",\"dateModified\":\"2021-03-19T16:43:35+00:00\",\"description\":\"Kontaktformular- so nehmen meine Leser schnell und unkompliziert Kontakt mit mir auf, wenn sie Fragen oder Probleme haben\",\"breadcrumb\":{\"@id\":\"https:\\\/\\\/sabienes.de\\\/kontakt\\\/#breadcrumb\"},\"inLanguage\":\"de\",\"potentialAction\":[{\"@type\":\"ReadAction\",\"target\":[\"https:\\\/\\\/sabienes.de\\\/kontakt\\\/\"]}]},{\"@type\":\"BreadcrumbList\",\"@id\":\"https:\\\/\\\/sabienes.de\\\/kontakt\\\/#breadcrumb\",\"itemListElement\":[{\"@type\":\"ListItem\",\"position\":1,\"name\":\"Home\",\"item\":\"https:\\\/\\\/sabienes.de\\\/\"},{\"@type\":\"ListItem\",\"position\":2,\"name\":\"Kontakt\"}]},{\"@type\":\"WebSite\",\"@id\":\"https:\\\/\\\/sabienes.de\\\/#website\",\"url\":\"https:\\\/\\\/sabienes.de\\\/\",\"name\":\"Sabienes TraumWelten\",\"description\":\"Buchtipps, Filmtipps, Reisetipps und so weiter\",\"publisher\":{\"@id\":\"https:\\\/\\\/sabienes.de\\\/#\\\/schema\\\/person\\\/966a6f36f560d22e257dc6dd41611f7f\"},\"potentialAction\":[{\"@type\":\"SearchAction\",\"target\":{\"@type\":\"EntryPoint\",\"urlTemplate\":\"https:\\\/\\\/sabienes.de\\\/?s={search_term_string}\"},\"query-input\":{\"@type\":\"PropertyValueSpecification\",\"valueRequired\":true,\"valueName\":\"search_term_string\"}}],\"inLanguage\":\"de\"},{\"@type\":[\"Person\",\"Organization\"],\"@id\":\"https:\\\/\\\/sabienes.de\\\/#\\\/schema\\\/person\\\/966a6f36f560d22e257dc6dd41611f7f\",\"name\":\"Sabiene\",\"logo\":{\"@id\":\"https:\\\/\\\/sabienes.de\\\/#\\\/schema\\\/person\\\/image\\\/\"},\"description\":\"Ich bin eine selbstst\u00e4ndige Webdesignerin und \u00fcbe mich im Spagat zwischen Haushalt, Familie und Beruf. Wenn ich Zeit habe, besch\u00e4ftige ich mich mit meinen Hobbys Fotografie, Reisen, Yoga und Lesen. Mehr \u00fcber mich und diesen Blog findet ihr unter Sabienes ist ... Ich bin die, die hier alles geschrieben hat. Au\u00dfer die Kommentare. Die sind von euch!\",\"sameAs\":[\"https:\\\/\\\/www.sabienes.de\"]}]}<\/script>\n<!-- \/ Yoast SEO plugin. -->","yoast_head_json":{"title":"Kontakt - Sabienes TraumWelten","description":"Kontaktformular- so nehmen meine Leser schnell und unkompliziert Kontakt mit mir auf, wenn sie Fragen oder Probleme haben","robots":{"index":"index","follow":"nofollow","max-snippet":"max-snippet:-1","max-image-preview":"max-image-preview:large","max-video-preview":"max-video-preview:-1"},"canonical":"https:\/\/sabienes.de\/kontakt\/","og_locale":"de_DE","og_type":"article","og_title":"Kontakt - Sabienes TraumWelten","og_description":"Kontaktformular- so nehmen meine Leser schnell und unkompliziert Kontakt mit mir auf, wenn sie Fragen oder Probleme haben","og_url":"https:\/\/sabienes.de\/kontakt\/","og_site_name":"Sabienes TraumWelten","article_modified_time":"2021-03-19T16:43:35+00:00","twitter_card":"summary_large_image","twitter_site":"@sabienes","twitter_misc":{"Gesch\u00e4tzte Lesezeit":"1\u00a0Minute"},"schema":{"@context":"https:\/\/schema.org","@graph":[{"@type":"WebPage","@id":"https:\/\/sabienes.de\/kontakt\/","url":"https:\/\/sabienes.de\/kontakt\/","name":"Kontakt - Sabienes TraumWelten","isPartOf":{"@id":"https:\/\/sabienes.de\/#website"},"datePublished":"2010-03-13T16:42:44+00:00","dateModified":"2021-03-19T16:43:35+00:00","description":"Kontaktformular- so nehmen meine Leser schnell und unkompliziert Kontakt mit mir auf, wenn sie Fragen oder Probleme haben","breadcrumb":{"@id":"https:\/\/sabienes.de\/kontakt\/#breadcrumb"},"inLanguage":"de","potentialAction":[{"@type":"ReadAction","target":["https:\/\/sabienes.de\/kontakt\/"]}]},{"@type":"BreadcrumbList","@id":"https:\/\/sabienes.de\/kontakt\/#breadcrumb","itemListElement":[{"@type":"ListItem","position":1,"name":"Home","item":"https:\/\/sabienes.de\/"},{"@type":"ListItem","position":2,"name":"Kontakt"}]},{"@type":"WebSite","@id":"https:\/\/sabienes.de\/#website","url":"https:\/\/sabienes.de\/","name":"Sabienes TraumWelten","description":"Buchtipps, Filmtipps, Reisetipps und so weiter","publisher":{"@id":"https:\/\/sabienes.de\/#\/schema\/person\/966a6f36f560d22e257dc6dd41611f7f"},"potentialAction":[{"@type":"SearchAction","target":{"@type":"EntryPoint","urlTemplate":"https:\/\/sabienes.de\/?s={search_term_string}"},"query-input":{"@type":"PropertyValueSpecification","valueRequired":true,"valueName":"search_term_string"}}],"inLanguage":"de"},{"@type":["Person","Organization"],"@id":"https:\/\/sabienes.de\/#\/schema\/person\/966a6f36f560d22e257dc6dd41611f7f","name":"Sabiene","logo":{"@id":"https:\/\/sabienes.de\/#\/schema\/person\/image\/"},"description":"Ich bin eine selbstst\u00e4ndige Webdesignerin und \u00fcbe mich im Spagat zwischen Haushalt, Familie und Beruf. Wenn ich Zeit habe, besch\u00e4ftige ich mich mit meinen Hobbys Fotografie, Reisen, Yoga und Lesen. Mehr \u00fcber mich und diesen Blog findet ihr unter Sabienes ist ... Ich bin die, die hier alles geschrieben hat. Au\u00dfer die Kommentare. Die sind von euch!","sameAs":["https:\/\/www.sabienes.de"]}]}},"_links":{"self":[{"href":"https:\/\/sabienes.de\/wp-json\/wp\/v2\/pages\/3711","targetHints":{"allow":["GET"]}}],"collection":[{"href":"https:\/\/sabienes.de\/wp-json\/wp\/v2\/pages"}],"about":[{"href":"https:\/\/sabienes.de\/wp-json\/wp\/v2\/types\/page"}],"author":[{"embeddable":true,"href":"https:\/\/sabienes.de\/wp-json\/wp\/v2\/users\/2"}],"replies":[{"embeddable":true,"href":"https:\/\/sabienes.de\/wp-json\/wp\/v2\/comments?post=3711"}],"version-history":[{"count":0,"href":"https:\/\/sabienes.de\/wp-json\/wp\/v2\/pages\/3711\/revisions"}],"wp:attachment":[{"href":"https:\/\/sabienes.de\/wp-json\/wp\/v2\/media?parent=3711"}],"curies":[{"name":"wp","href":"https:\/\/api.w.org\/{rel}","templated":true}]}}