{"id":50,"date":"2009-02-16T22:08:09","date_gmt":"2009-02-16T21:08:09","guid":{"rendered":"https:\/\/www.sabienes.de\/?page_id=50"},"modified":"2018-09-12T22:21:46","modified_gmt":"2018-09-12T20:21:46","slug":"impressum","status":"publish","type":"page","link":"https:\/\/sabienes.de\/impressum\/","title":{"rendered":"Impressum"},"content":{"rendered":"<h3>Angaben gem\u00e4\u00df \u00a7 5 TMG:<\/h3>\n<p>Sabine Schmelmer<br \/>\naddesign &#8211; Sch\u00f6nes f\u00fcrs Internet<br \/>\nJohann-Knecht Str. 5c<br \/>\n63785 Obernburg<\/p>\n<h3>Kontakt:<\/h3>\n<p>Telefon: 0171 \u2013 12 77 200<br \/>\nE-Mail: sabienes@web.de<\/p>\n<h3>Umsatzsteuer:<\/h3>\n<p>Umsatzsteuer-Identifikationsnummer gem\u00e4\u00df \u00a727 a Umsatzsteuergesetz:<br \/>\nDE236943033<\/p>\n<h3>Verantwortlich f\u00fcr den Inhalt nach \u00a7 55 Abs. 2 RStV:<\/h3>\n<p>Sabine Schmelmer<br \/>\naddesign<br \/>\nJohann-Knecht Str. 5c<br \/>\n63785 Obernburg<\/p>\n<h3>Streitschlichtung<\/h3>\n<p>Die Europ\u00e4ische Kommission stellt eine Plattform zur Online-Streitbeilegung (OS) bereit: <a href=\"https:\/\/ec.europa.eu\/consumers\/odr\" target=\"_blank\" rel=\"noopener\">https:\/\/ec.europa.eu\/consumers\/odr<\/a><br \/>\nUnsere E-Mail-Adresse finden Sie oben im Impressum.<\/p>\n<p>Wir sind nicht bereit oder verpflichtet, an Streitbeilegungsverfahren vor einer Verbraucherschlichtungsstelle teilzunehmen.<\/p>\n<h3>Haftung f\u00fcr Inhalte<\/h3>\n<p>Als Diensteanbieter sind wir gem\u00e4\u00df \u00a7 7 Abs.1 TMG f\u00fcr eigene Inhalte auf diesen Seiten nach den allgemeinen Gesetzen verantwortlich. Nach \u00a7\u00a7 8 bis 10 TMG sind wir als Diensteanbieter jedoch nicht verpflichtet, \u00fcbermittelte oder gespeicherte fremde Informationen zu \u00fcberwachen oder nach Umst\u00e4nden zu forschen, die auf eine rechtswidrige T\u00e4tigkeit hinweisen.<\/p>\n<p>Verpflichtungen zur Entfernung oder Sperrung der Nutzung von Informationen nach den allgemeinen Gesetzen bleiben hiervon unber\u00fchrt. Eine diesbez\u00fcgliche Haftung ist jedoch erst ab dem Zeitpunkt der Kenntnis einer konkreten Rechtsverletzung m\u00f6glich. Bei Bekanntwerden von entsprechenden Rechtsverletzungen werden wir diese Inhalte umgehend entfernen.<\/p>\n<h3>Haftung f\u00fcr Links<\/h3>\n<p>Unser Angebot enth\u00e4lt Links zu externen Websites Dritter, auf deren Inhalte wir keinen Einfluss haben. Deshalb k\u00f6nnen wir f\u00fcr diese fremden Inhalte auch keine Gew\u00e4hr \u00fcbernehmen. F\u00fcr die Inhalte der verlinkten Seiten ist stets der jeweilige Anbieter oder Betreiber der Seiten verantwortlich. Die verlinkten Seiten wurden zum Zeitpunkt der Verlinkung auf m\u00f6gliche Rechtsverst\u00f6\u00dfe \u00fcberpr\u00fcft. Rechtswidrige Inhalte waren zum Zeitpunkt der Verlinkung nicht erkennbar.<\/p>\n<p>Eine permanente inhaltliche Kontrolle der verlinkten Seiten ist jedoch ohne konkrete Anhaltspunkte einer Rechtsverletzung nicht zumutbar. Bei Bekanntwerden von Rechtsverletzungen werden wir derartige Links umgehend entfernen.<\/p>\n<h3>Urheberrecht<\/h3>\n<p>Die durch die Seitenbetreiber erstellten Inhalte und Werke auf diesen Seiten unterliegen dem deutschen Urheberrecht. Die Vervielf\u00e4ltigung, Bearbeitung, Verbreitung und jede Art der Verwertung au\u00dferhalb der Grenzen des Urheberrechtes bed\u00fcrfen der schriftlichen Zustimmung des jeweiligen Autors bzw. Erstellers. Downloads und Kopien dieser Seite sind nur f\u00fcr den privaten, nicht kommerziellen Gebrauch gestattet.<\/p>\n<p>Soweit die Inhalte auf dieser Seite nicht vom Betreiber erstellt wurden, werden die Urheberrechte Dritter beachtet. Insbesondere werden Inhalte Dritter als solche gekennzeichnet. Sollten Sie trotzdem auf eine Urheberrechtsverletzung aufmerksam werden, bitten wir um einen entsprechenden Hinweis. Bei Bekanntwerden von Rechtsverletzungen werden wir derartige Inhalte umgehend entfernen.<\/p>\n<p>Quelle: <a href=\"https:\/\/www.erecht24.\nde\">eRecht24<\/a><\/p>\n<h3>Amazon PartnerNet<\/h3>\n<p><em>Sabienes TraumWelten <\/em>(Sabine Schmelmer)\u00a0ist Teilnehmer des Partnerprogramms von Amazon EU, das zur Bereitstellung eines Mediums f\u00fcr Websites konzipiert wurde, mittels dessen durch die Platzierung von Werbeanzeigen und Links zu Amazon.de \/ de.BuyVIP.com Werbekostenerstattung verdient werden kann.<\/p>\n<p>Diese Internetseite wurde mit <a href=\"https:\/\/wordpress-deutschland.org\/\" target=\"_blank\" rel=\"noopener noreferrer\">WordPress<\/a> unter Verwendung des <a href=\"https:\/\/extendthemes.com\/\" target=\"_blank\" rel=\"noopener\">Themes Mesmerize<\/a> erstellt.<\/p>\n<p>Alles weiteren Fotos oder Grafiken sind wenn nicht anders vermerkt, mein pers\u00f6nliches Eigentum.<\/p>\n<p><a href=\"https:\/\/creativecommons.org\/licenses\/by-nc-nd\/4.0\/\" rel=\"license\"><img loading=\"lazy\" decoding=\"async\" class=\"alignnone\" style=\"border-width: 0;\" src=\"http:\/\/i.creativecommons.org\/l\/by-nc-nd\/4.0\/88x31.png\" alt=\"Creative Commons Lizenzvertrag\" width=\"88\" height=\"31\" \/><\/a><br \/>\nSabienes TraumWelten von Sabine Schmelmer ist lizenziert unter einer <a href=\"https:\/\/creativecommons.org\/licenses\/by-nc-nd\/4.0\/\" rel=\"license\">Creative Commons Namensnennung &#8211; Nicht kommerziell &#8211; Keine Bearbeitungen 4.0 International Lizenz<\/a>.<\/p>\n<div class=\"shariff\"><ul class=\"shariff-buttons theme-default orientation-horizontal buttonsize-medium\"><li class=\"shariff-button facebook shariff-nocustomcolor\" style=\"background-color:#4273c8\"><a href=\"https:\/\/www.facebook.com\/sharer\/sharer.php?u=https%3A%2F%2Fsabienes.de%2Fimpressum%2F\" title=\"Bei Facebook teilen\" aria-label=\"Bei Facebook teilen\" role=\"button\" rel=\"nofollow\" class=\"shariff-link\" style=\"; background-color:#3b5998; color:#fff\" target=\"_blank\"><span class=\"shariff-icon\" style=\"\"><svg width=\"32px\" height=\"20px\" xmlns=\"http:\/\/www.w3.org\/2000\/svg\" viewBox=\"0 0 18 32\"><path fill=\"#3b5998\" d=\"M17.1 0.2v4.7h-2.8q-1.5 0-2.1 0.6t-0.5 1.9v3.4h5.2l-0.7 5.3h-4.5v13.6h-5.5v-13.6h-4.5v-5.3h4.5v-3.9q0-3.3 1.9-5.2t5-1.8q2.6 0 4.1 0.2z\"\/><\/svg><\/span><span class=\"shariff-text\">teilen<\/span>&nbsp;<\/a><\/li><li class=\"shariff-button twitter shariff-nocustomcolor\" style=\"background-color:#595959\"><a href=\"https:\/\/twitter.com\/share?url=https%3A%2F%2Fsabienes.de%2Fimpressum%2F&text=Impressum\" title=\"Bei X teilen\" aria-label=\"Bei X teilen\" role=\"button\" rel=\"noopener nofollow\" class=\"shariff-link\" style=\"; background-color:#000; color:#fff\" target=\"_blank\"><span class=\"shariff-icon\" style=\"\"><svg width=\"32px\" height=\"20px\" xmlns=\"http:\/\/www.w3.org\/2000\/svg\" viewBox=\"0 0 24 24\"><path fill=\"#000\" d=\"M14.258 10.152L23.176 0h-2.113l-7.747 8.813L7.133 0H0l9.352 13.328L0 23.973h2.113l8.176-9.309 6.531 9.309h7.133zm-2.895 3.293l-.949-1.328L2.875 1.56h3.246l6.086 8.523.945 1.328 7.91 11.078h-3.246zm0 0\"\/><\/svg><\/span><span class=\"shariff-text\">teilen<\/span>&nbsp;<\/a><\/li><li class=\"shariff-button linkedin shariff-nocustomcolor\" style=\"background-color:#1488bf\"><a href=\"https:\/\/www.linkedin.com\/sharing\/share-offsite\/?url=https%3A%2F%2Fsabienes.de%2Fimpressum%2F\" title=\"Bei LinkedIn teilen\" aria-label=\"Bei LinkedIn teilen\" role=\"button\" rel=\"noopener nofollow\" class=\"shariff-link\" style=\"; background-color:#0077b5; color:#fff\" target=\"_blank\"><span class=\"shariff-icon\" style=\"\"><svg width=\"32px\" height=\"20px\" xmlns=\"http:\/\/www.w3.org\/2000\/svg\" viewBox=\"0 0 27 32\"><path fill=\"#0077b5\" d=\"M6.2 11.2v17.7h-5.9v-17.7h5.9zM6.6 5.7q0 1.3-0.9 2.2t-2.4 0.9h0q-1.5 0-2.4-0.9t-0.9-2.2 0.9-2.2 2.4-0.9 2.4 0.9 0.9 2.2zM27.4 18.7v10.1h-5.9v-9.5q0-1.9-0.7-2.9t-2.3-1.1q-1.1 0-1.9 0.6t-1.2 1.5q-0.2 0.5-0.2 1.4v9.9h-5.9q0-7.1 0-11.6t0-5.3l0-0.9h5.9v2.6h0q0.4-0.6 0.7-1t1-0.9 1.6-0.8 2-0.3q3 0 4.9 2t1.9 6z\"\/><\/svg><\/span><span class=\"shariff-text\">teilen<\/span>&nbsp;<\/a><\/li><li class=\"shariff-button pinterest shariff-nocustomcolor\" style=\"background-color:#e70f18\"><a href=\"https:\/\/www.pinterest.com\/pin\/create\/link\/?url=https%3A%2F%2Fsabienes.de%2Fimpressum%2F&media=http%3A%2F%2Fi.creativecommons.org%2Fl%2Fby-nc-nd%2F4.0%2F88x31.png&description=Impressum\" title=\"Bei Pinterest pinnen\" aria-label=\"Bei Pinterest pinnen\" role=\"button\" rel=\"noopener nofollow\" class=\"shariff-link\" style=\"; background-color:#cb2027; color:#fff\" target=\"_blank\"><span class=\"shariff-icon\" style=\"\"><svg width=\"32px\" height=\"20px\" xmlns=\"http:\/\/www.w3.org\/2000\/svg\" viewBox=\"0 0 27 32\"><path fill=\"#cb2027\" d=\"M27.4 16q0 3.7-1.8 6.9t-5 5-6.9 1.9q-2 0-3.9-0.6 1.1-1.7 1.4-2.9 0.2-0.6 1-3.8 0.4 0.7 1.3 1.2t2 0.5q2.1 0 3.8-1.2t2.7-3.4 0.9-4.8q0-2-1.1-3.8t-3.1-2.9-4.5-1.2q-1.9 0-3.5 0.5t-2.8 1.4-2 2-1.2 2.3-0.4 2.4q0 1.9 0.7 3.3t2.1 2q0.5 0.2 0.7-0.4 0-0.1 0.1-0.5t0.2-0.5q0.1-0.4-0.2-0.8-0.9-1.1-0.9-2.7 0-2.7 1.9-4.6t4.9-2q2.7 0 4.2 1.5t1.5 3.8q0 3-1.2 5.2t-3.1 2.1q-1.1 0-1.7-0.8t-0.4-1.9q0.1-0.6 0.5-1.7t0.5-1.8 0.2-1.4q0-0.9-0.5-1.5t-1.4-0.6q-1.1 0-1.9 1t-0.8 2.6q0 1.3 0.4 2.2l-1.8 7.5q-0.3 1.2-0.2 3.2-3.7-1.6-6-5t-2.3-7.6q0-3.7 1.9-6.9t5-5 6.9-1.9 6.9 1.9 5 5 1.8 6.9z\"\/><\/svg><\/span><span class=\"shariff-text\">merken<\/span>&nbsp;<\/a><\/li><li class=\"shariff-button xing shariff-nocustomcolor\" style=\"background-color:#29888a\"><a href=\"https:\/\/www.xing.com\/spi\/shares\/new?url=https%3A%2F%2Fsabienes.de%2Fimpressum%2F\" title=\"Bei XING teilen\" aria-label=\"Bei XING teilen\" role=\"button\" rel=\"noopener nofollow\" class=\"shariff-link\" style=\"; background-color:#126567; color:#fff\" target=\"_blank\"><span class=\"shariff-icon\" style=\"\"><svg width=\"32px\" height=\"20px\" xmlns=\"http:\/\/www.w3.org\/2000\/svg\" viewBox=\"0 0 25 32\"><path fill=\"#126567\" d=\"M10.7 11.9q-0.2 0.3-4.6 8.2-0.5 0.8-1.2 0.8h-4.3q-0.4 0-0.5-0.3t0-0.6l4.5-8q0 0 0 0l-2.9-5q-0.2-0.4 0-0.7 0.2-0.3 0.5-0.3h4.3q0.7 0 1.2 0.8zM25.1 0.4q0.2 0.3 0 0.7l-9.4 16.7 6 11q0.2 0.4 0 0.6-0.2 0.3-0.6 0.3h-4.3q-0.7 0-1.2-0.8l-6-11.1q0.3-0.6 9.5-16.8 0.4-0.8 1.2-0.8h4.3q0.4 0 0.5 0.3z\"\/><\/svg><\/span><span class=\"shariff-text\">teilen<\/span>&nbsp;<\/a><\/li><\/ul><\/div>","protected":false},"excerpt":{"rendered":"<p>Angaben gem\u00e4\u00df \u00a7 5 TMG: Sabine Schmelmer addesign &#8211; Sch\u00f6nes f\u00fcrs Internet Johann-Knecht Str. 5c 63785 Obernburg Kontakt: Telefon: 0171 \u2013 12 77 200 E-Mail: sabienes@web.de Umsatzsteuer: Umsatzsteuer-Identifikationsnummer gem\u00e4\u00df \u00a727 a Umsatzsteuergesetz: DE236943033 Verantwortlich f\u00fcr den Inhalt nach \u00a7 55 Abs. 2 RStV: Sabine Schmelmer addesign Johann-Knecht Str. 5c 63785 Obernburg Streitschlichtung Die Europ\u00e4ische Kommission&hellip;<\/p>\n","protected":false},"author":2,"featured_media":0,"parent":0,"menu_order":100,"comment_status":"closed","ping_status":"closed","template":"","meta":{"footnotes":""},"class_list":["post-50","page","type-page","status-publish","hentry"],"yoast_head":"<!-- This site is optimized with the Yoast SEO plugin v27.4 - https:\/\/yoast.com\/product\/yoast-seo-wordpress\/ -->\n<title>Impressum - Sabienes TraumWelten<\/title>\n<meta name=\"description\" content=\"Das Impressum von Sabienes TraumWelten\" \/>\n<meta name=\"robots\" content=\"index, nofollow, max-snippet:-1, max-image-preview:large, max-video-preview:-1\" \/>\n<link rel=\"canonical\" href=\"https:\/\/sabienes.de\/impressum\/\" \/>\n<meta property=\"og:locale\" content=\"de_DE\" \/>\n<meta property=\"og:type\" content=\"article\" \/>\n<meta property=\"og:title\" content=\"Impressum - Sabienes TraumWelten\" \/>\n<meta property=\"og:description\" content=\"Das Impressum von Sabienes TraumWelten\" \/>\n<meta property=\"og:url\" content=\"https:\/\/sabienes.de\/impressum\/\" \/>\n<meta property=\"og:site_name\" content=\"Sabienes TraumWelten\" \/>\n<meta property=\"article:modified_time\" content=\"2018-09-12T20:21:46+00:00\" \/>\n<meta property=\"og:image\" content=\"http:\/\/i.creativecommons.org\/l\/by-nc-nd\/4.0\/88x31.png\" \/>\n<meta name=\"twitter:card\" content=\"summary_large_image\" \/>\n<meta name=\"twitter:site\" content=\"@sabienes\" \/>\n<meta name=\"twitter:label1\" content=\"Gesch\u00e4tzte Lesezeit\" \/>\n\t<meta name=\"twitter:data1\" content=\"2\u00a0Minuten\" \/>\n<script type=\"application\/ld+json\" class=\"yoast-schema-graph\">{\"@context\":\"https:\\\/\\\/schema.org\",\"@graph\":[{\"@type\":\"WebPage\",\"@id\":\"https:\\\/\\\/sabienes.de\\\/impressum\\\/\",\"url\":\"https:\\\/\\\/sabienes.de\\\/impressum\\\/\",\"name\":\"Impressum - Sabienes TraumWelten\",\"isPartOf\":{\"@id\":\"https:\\\/\\\/sabienes.de\\\/#website\"},\"primaryImageOfPage\":{\"@id\":\"https:\\\/\\\/sabienes.de\\\/impressum\\\/#primaryimage\"},\"image\":{\"@id\":\"https:\\\/\\\/sabienes.de\\\/impressum\\\/#primaryimage\"},\"thumbnailUrl\":\"http:\\\/\\\/i.creativecommons.org\\\/l\\\/by-nc-nd\\\/4.0\\\/88x31.png\",\"datePublished\":\"2009-02-16T21:08:09+00:00\",\"dateModified\":\"2018-09-12T20:21:46+00:00\",\"description\":\"Das Impressum von Sabienes TraumWelten\",\"breadcrumb\":{\"@id\":\"https:\\\/\\\/sabienes.de\\\/impressum\\\/#breadcrumb\"},\"inLanguage\":\"de\",\"potentialAction\":[{\"@type\":\"ReadAction\",\"target\":[\"https:\\\/\\\/sabienes.de\\\/impressum\\\/\"]}]},{\"@type\":\"ImageObject\",\"inLanguage\":\"de\",\"@id\":\"https:\\\/\\\/sabienes.de\\\/impressum\\\/#primaryimage\",\"url\":\"http:\\\/\\\/i.creativecommons.org\\\/l\\\/by-nc-nd\\\/4.0\\\/88x31.png\",\"contentUrl\":\"http:\\\/\\\/i.creativecommons.org\\\/l\\\/by-nc-nd\\\/4.0\\\/88x31.png\"},{\"@type\":\"BreadcrumbList\",\"@id\":\"https:\\\/\\\/sabienes.de\\\/impressum\\\/#breadcrumb\",\"itemListElement\":[{\"@type\":\"ListItem\",\"position\":1,\"name\":\"Home\",\"item\":\"https:\\\/\\\/sabienes.de\\\/\"},{\"@type\":\"ListItem\",\"position\":2,\"name\":\"Impressum\"}]},{\"@type\":\"WebSite\",\"@id\":\"https:\\\/\\\/sabienes.de\\\/#website\",\"url\":\"https:\\\/\\\/sabienes.de\\\/\",\"name\":\"Sabienes TraumWelten\",\"description\":\"Buchtipps, Filmtipps, Reisetipps und so weiter\",\"publisher\":{\"@id\":\"https:\\\/\\\/sabienes.de\\\/#\\\/schema\\\/person\\\/966a6f36f560d22e257dc6dd41611f7f\"},\"potentialAction\":[{\"@type\":\"SearchAction\",\"target\":{\"@type\":\"EntryPoint\",\"urlTemplate\":\"https:\\\/\\\/sabienes.de\\\/?s={search_term_string}\"},\"query-input\":{\"@type\":\"PropertyValueSpecification\",\"valueRequired\":true,\"valueName\":\"search_term_string\"}}],\"inLanguage\":\"de\"},{\"@type\":[\"Person\",\"Organization\"],\"@id\":\"https:\\\/\\\/sabienes.de\\\/#\\\/schema\\\/person\\\/966a6f36f560d22e257dc6dd41611f7f\",\"name\":\"Sabiene\",\"logo\":{\"@id\":\"https:\\\/\\\/sabienes.de\\\/#\\\/schema\\\/person\\\/image\\\/\"},\"description\":\"Ich bin eine selbstst\u00e4ndige Webdesignerin und \u00fcbe mich im Spagat zwischen Haushalt, Familie und Beruf. Wenn ich Zeit habe, besch\u00e4ftige ich mich mit meinen Hobbys Fotografie, Reisen, Yoga und Lesen. Mehr \u00fcber mich und diesen Blog findet ihr unter Sabienes ist ... Ich bin die, die hier alles geschrieben hat. Au\u00dfer die Kommentare. Die sind von euch!\",\"sameAs\":[\"https:\\\/\\\/www.sabienes.de\"]}]}<\/script>\n<!-- \/ Yoast SEO plugin. -->","yoast_head_json":{"title":"Impressum - Sabienes TraumWelten","description":"Das Impressum von Sabienes TraumWelten","robots":{"index":"index","follow":"nofollow","max-snippet":"max-snippet:-1","max-image-preview":"max-image-preview:large","max-video-preview":"max-video-preview:-1"},"canonical":"https:\/\/sabienes.de\/impressum\/","og_locale":"de_DE","og_type":"article","og_title":"Impressum - Sabienes TraumWelten","og_description":"Das Impressum von Sabienes TraumWelten","og_url":"https:\/\/sabienes.de\/impressum\/","og_site_name":"Sabienes TraumWelten","article_modified_time":"2018-09-12T20:21:46+00:00","og_image":[{"url":"http:\/\/i.creativecommons.org\/l\/by-nc-nd\/4.0\/88x31.png","type":"","width":"","height":""}],"twitter_card":"summary_large_image","twitter_site":"@sabienes","twitter_misc":{"Gesch\u00e4tzte Lesezeit":"2\u00a0Minuten"},"schema":{"@context":"https:\/\/schema.org","@graph":[{"@type":"WebPage","@id":"https:\/\/sabienes.de\/impressum\/","url":"https:\/\/sabienes.de\/impressum\/","name":"Impressum - Sabienes TraumWelten","isPartOf":{"@id":"https:\/\/sabienes.de\/#website"},"primaryImageOfPage":{"@id":"https:\/\/sabienes.de\/impressum\/#primaryimage"},"image":{"@id":"https:\/\/sabienes.de\/impressum\/#primaryimage"},"thumbnailUrl":"http:\/\/i.creativecommons.org\/l\/by-nc-nd\/4.0\/88x31.png","datePublished":"2009-02-16T21:08:09+00:00","dateModified":"2018-09-12T20:21:46+00:00","description":"Das Impressum von Sabienes TraumWelten","breadcrumb":{"@id":"https:\/\/sabienes.de\/impressum\/#breadcrumb"},"inLanguage":"de","potentialAction":[{"@type":"ReadAction","target":["https:\/\/sabienes.de\/impressum\/"]}]},{"@type":"ImageObject","inLanguage":"de","@id":"https:\/\/sabienes.de\/impressum\/#primaryimage","url":"http:\/\/i.creativecommons.org\/l\/by-nc-nd\/4.0\/88x31.png","contentUrl":"http:\/\/i.creativecommons.org\/l\/by-nc-nd\/4.0\/88x31.png"},{"@type":"BreadcrumbList","@id":"https:\/\/sabienes.de\/impressum\/#breadcrumb","itemListElement":[{"@type":"ListItem","position":1,"name":"Home","item":"https:\/\/sabienes.de\/"},{"@type":"ListItem","position":2,"name":"Impressum"}]},{"@type":"WebSite","@id":"https:\/\/sabienes.de\/#website","url":"https:\/\/sabienes.de\/","name":"Sabienes TraumWelten","description":"Buchtipps, Filmtipps, Reisetipps und so weiter","publisher":{"@id":"https:\/\/sabienes.de\/#\/schema\/person\/966a6f36f560d22e257dc6dd41611f7f"},"potentialAction":[{"@type":"SearchAction","target":{"@type":"EntryPoint","urlTemplate":"https:\/\/sabienes.de\/?s={search_term_string}"},"query-input":{"@type":"PropertyValueSpecification","valueRequired":true,"valueName":"search_term_string"}}],"inLanguage":"de"},{"@type":["Person","Organization"],"@id":"https:\/\/sabienes.de\/#\/schema\/person\/966a6f36f560d22e257dc6dd41611f7f","name":"Sabiene","logo":{"@id":"https:\/\/sabienes.de\/#\/schema\/person\/image\/"},"description":"Ich bin eine selbstst\u00e4ndige Webdesignerin und \u00fcbe mich im Spagat zwischen Haushalt, Familie und Beruf. Wenn ich Zeit habe, besch\u00e4ftige ich mich mit meinen Hobbys Fotografie, Reisen, Yoga und Lesen. Mehr \u00fcber mich und diesen Blog findet ihr unter Sabienes ist ... Ich bin die, die hier alles geschrieben hat. Au\u00dfer die Kommentare. Die sind von euch!","sameAs":["https:\/\/www.sabienes.de"]}]}},"_links":{"self":[{"href":"https:\/\/sabienes.de\/wp-json\/wp\/v2\/pages\/50","targetHints":{"allow":["GET"]}}],"collection":[{"href":"https:\/\/sabienes.de\/wp-json\/wp\/v2\/pages"}],"about":[{"href":"https:\/\/sabienes.de\/wp-json\/wp\/v2\/types\/page"}],"author":[{"embeddable":true,"href":"https:\/\/sabienes.de\/wp-json\/wp\/v2\/users\/2"}],"replies":[{"embeddable":true,"href":"https:\/\/sabienes.de\/wp-json\/wp\/v2\/comments?post=50"}],"version-history":[{"count":0,"href":"https:\/\/sabienes.de\/wp-json\/wp\/v2\/pages\/50\/revisions"}],"wp:attachment":[{"href":"https:\/\/sabienes.de\/wp-json\/wp\/v2\/media?parent=50"}],"curies":[{"name":"wp","href":"https:\/\/api.w.org\/{rel}","templated":true}]}}