{"id":42,"date":"2024-09-18T10:55:08","date_gmt":"2024-09-18T10:55:08","guid":{"rendered":"http:\/\/vequna.dk\/index.php\/vequna\/"},"modified":"2025-10-07T08:12:33","modified_gmt":"2025-10-07T08:12:33","slug":"vequna","status":"publish","type":"page","link":"https:\/\/vequna.dk\/","title":{"rendered":"Vequna"},"content":{"rendered":"\t\t<div data-elementor-type=\"wp-page\" data-elementor-id=\"42\" class=\"elementor elementor-42\" data-elementor-post-type=\"page\">\n\t\t\t\t\t\t<section class=\"elementor-section elementor-top-section elementor-element elementor-element-17503a08 elementor-section-height-min-height elementor-section-boxed elementor-section-height-default elementor-section-items-middle\" data-id=\"17503a08\" data-element_type=\"section\" data-settings=\"{&quot;shape_divider_top&quot;:&quot;curve&quot;,&quot;shape_divider_top_negative&quot;:&quot;yes&quot;}\">\n\t\t\t\t\t\t\t<div class=\"elementor-background-overlay\"><\/div>\n\t\t\t\t\t\t<div class=\"elementor-shape elementor-shape-top\" data-negative=\"true\">\n\t\t\t<svg xmlns=\"http:\/\/www.w3.org\/2000\/svg\" viewBox=\"0 0 1000 100\" preserveAspectRatio=\"none\">\n\t<path class=\"elementor-shape-fill\" d=\"M500,97C126.7,96.3,0.8,19.8,0,0v100l1000,0V1C1000,19.4,873.3,97.8,500,97z\"\/>\n<\/svg>\t\t<\/div>\n\t\t\t\t\t<div class=\"elementor-container elementor-column-gap-default\">\n\t\t\t\t\t<div class=\"elementor-column elementor-col-100 elementor-top-column elementor-element elementor-element-33b5cd2c\" data-id=\"33b5cd2c\" data-element_type=\"column\">\n\t\t\t<div class=\"elementor-widget-wrap elementor-element-populated\">\n\t\t\t\t\t\t<div class=\"elementor-element elementor-element-37fb4b80 elementor-widget elementor-widget-heading\" data-id=\"37fb4b80\" data-element_type=\"widget\" data-widget_type=\"heading.default\">\n\t\t\t\t<div class=\"elementor-widget-container\">\n\t\t\t\t\t<h1 class=\"elementor-heading-title elementor-size-default\">Vequna Hestepraksis<\/h1>\t\t\t\t<\/div>\n\t\t\t\t<\/div>\n\t\t\t\t<div class=\"elementor-element elementor-element-7b968d46 elementor-widget__width-initial elementor-widget elementor-widget-text-editor\" data-id=\"7b968d46\" data-element_type=\"widget\" data-widget_type=\"text-editor.default\">\n\t\t\t\t<div class=\"elementor-widget-container\">\n\t\t\t\t\t\t\t\t\t<p><strong>Din lokale hestedyrl\u00e6ge i Hadsten og omegn.<\/strong><\/p>\t\t\t\t\t\t\t\t<\/div>\n\t\t\t\t<\/div>\n\t\t\t\t\t<\/div>\n\t\t<\/div>\n\t\t\t\t\t<\/div>\n\t\t<\/section>\n\t\t\t\t<section class=\"elementor-section elementor-top-section elementor-element elementor-element-1d839fc5 elementor-section-boxed elementor-section-height-default elementor-section-height-default\" data-id=\"1d839fc5\" data-element_type=\"section\">\n\t\t\t\t\t\t<div class=\"elementor-container elementor-column-gap-default\">\n\t\t\t\t\t<div class=\"elementor-column elementor-col-100 elementor-top-column elementor-element elementor-element-2a2600d6\" data-id=\"2a2600d6\" data-element_type=\"column\">\n\t\t\t<div class=\"elementor-widget-wrap elementor-element-populated\">\n\t\t\t\t\t\t<section class=\"elementor-section elementor-inner-section elementor-element elementor-element-5300791 elementor-section-boxed elementor-section-height-default elementor-section-height-default\" data-id=\"5300791\" data-element_type=\"section\">\n\t\t\t\t\t\t<div class=\"elementor-container elementor-column-gap-default\">\n\t\t\t\t\t<div class=\"elementor-column elementor-col-100 elementor-inner-column elementor-element elementor-element-82881d3\" data-id=\"82881d3\" data-element_type=\"column\">\n\t\t\t<div class=\"elementor-widget-wrap elementor-element-populated\">\n\t\t\t\t\t\t<div class=\"elementor-element elementor-element-79f4f1a elementor-widget elementor-widget-spacer\" data-id=\"79f4f1a\" data-element_type=\"widget\" data-widget_type=\"spacer.default\">\n\t\t\t\t<div class=\"elementor-widget-container\">\n\t\t\t\t\t\t\t<div class=\"elementor-spacer\">\n\t\t\t<div class=\"elementor-spacer-inner\"><\/div>\n\t\t<\/div>\n\t\t\t\t\t\t<\/div>\n\t\t\t\t<\/div>\n\t\t\t\t<div class=\"elementor-element elementor-element-99c5d68 elementor-widget elementor-widget-text-editor\" data-id=\"99c5d68\" data-element_type=\"widget\" data-widget_type=\"text-editor.default\">\n\t\t\t\t<div class=\"elementor-widget-container\">\n\t\t\t\t\t\t\t\t\t<div>\n<div>\n<div>\n<div>\n<h1 data-start=\"293\" data-end=\"344\"><strong>Samarbejde med Sundt Hesteliv som er en del af Lang\u00e5 Dyrehospital<\/strong><\/h1>\n<\/div>\n<h3 class=\"x_elementToProof\" data-olk-copy-source=\"MessageBody\">K\u00e6re hesteejer<\/h3>\n<div class=\"x_elementToProof\">\n<div class=\"x_elementToProof\">\n<p>Vequna Hestepraksis er nu blevet en del af&nbsp;<b>Sundt Hesteliv<\/b>, som er tilknyttet&nbsp;<b>Lang\u00e5 Dyrehospital<\/b>.<\/p>\n<\/div>\n<\/div>\n<div>\n<div>\n<div>\n<p>Det betyder, at vi ikke l\u00e6ngere tilbyder behandlinger gennem Vequna, men i stedet henviser vi trygt til vores nye samarbejdspartner<\/p>\n<\/div>\n<\/div>\n<\/div>\n<\/div>\n<div><img fetchpriority=\"high\" decoding=\"async\" title=\"Lang\u00e5 Dyrehospital\" src=\"https:\/\/favrskovdyreklinik.dk\/wp-content\/uploads\/2025\/09\/Langaa-Dyrehospital.png\" alt=\"Lang\u00e5 Dyrehospital\" width=\"636\" height=\"459\"><\/div>\n<\/div>\n<div>\n<div>\n<div>\n<h3><strong><br>KONTAKTOPLYSNINGER<\/strong><\/h3>\n<ul>\n<li>K\u00e6rsangervej 2 A, 8870 Lang\u00e5<\/li>\n<li><a href=\"tel:86463999\">86463999<\/a><\/li>\n<li><a href=\"mailto:info@sunde-dyr.dk\">info@sunde-dyr.dk<\/a><\/li>\n<li><a href=\"https:\/\/www.sunde-dyr.dk\/\">www.sunde-dyr.dk<\/a><\/li>\n<\/ul>\n<h3><strong><br>Samarbejdet med Favrskov Dyreklinik<\/strong><\/h3>\n<p data-start=\"2357\" data-end=\"2445\">Gennem samarbejdet med Lang\u00e5 Dyrehospital kan vi tilbyde vores hestekunder adgang til:<\/p>\n<ul data-start=\"2446\" data-end=\"2624\">\n<li data-start=\"2446\" data-end=\"2504\">\n<p data-start=\"2448\" data-end=\"2504\">Viden og erfaring inden for hestepraksis<\/p>\n<\/li>\n<li data-start=\"2505\" data-end=\"2557\">\n<p data-start=\"2507\" data-end=\"2557\">Moderne behandlingsmetoder, herunder kiropraktik<\/p>\n<\/li>\n<li data-start=\"2558\" data-end=\"2624\">\n<p data-start=\"2560\" data-end=\"2624\">Et bredt fagligt team med forskellige kompetencer<br><br><\/p>\n<\/li>\n<\/ul>\n<p data-start=\"2626\" data-end=\"2728\">Vores f\u00e6lles m\u00e5l er at sikre heste den bedst mulige forebyggelse, behandling og langsigtede sundhed.<\/p>\n<p data-start=\"2730\" data-end=\"2847\">Kontakt os p\u00e5 Favrskov Dyreklinik for at h\u00f8re mere om hestebehandling gennem samarbejdet med Lang\u00e5 Dyrehospital.<br><br><\/p>\n<\/div>\n<\/div>\n<\/div>\n<\/div>\n<div>\n<div>\n<div>\n<div>\n<div>\n<h2 data-start=\"541\" data-end=\"576\">Hestedyrl\u00e6ge Mette Ebbensgaard<\/h2>\n<p data-start=\"577\" data-end=\"881\">Mette Ebbensgaard er uddannet dyrl\u00e6ge fra&nbsp;<strong data-start=\"619\" data-end=\"646\">KU Sund (tidligere KVL)<\/strong>&nbsp;i 2012 og har siden opbygget solid erfaring inden for hestepraksis b\u00e5de i Danmark og internationalt. Hun har arbejdet i blandet praksis p\u00e5 Island samt flere steder i Jylland, inden hun i 2017 valgte at fokusere udelukkende p\u00e5 heste.<\/p>\n<p data-start=\"883\" data-end=\"1054\">Hun har en efteruddannelse fra&nbsp;<strong data-start=\"914\" data-end=\"973\">International Academy of Veterinary Chiropractic (IAVC)<\/strong>&nbsp;og anvender kiropraktik som en del af sit forebyggende og behandlende arbejde.<\/p>\n<p data-start=\"1056\" data-end=\"1083\"><strong data-start=\"1056\" data-end=\"1081\"><br>Faglige fokusomr\u00e5der:<\/strong><\/p>\n<ul data-start=\"1084\" data-end=\"1341\">\n<li data-start=\"1084\" data-end=\"1138\">\n<p data-start=\"1086\" data-end=\"1138\">Stofskiftesygdomme og forebyggelse af forfangenhed<\/p>\n<\/li>\n<li data-start=\"1139\" data-end=\"1209\">\n<p data-start=\"1141\" data-end=\"1209\">Fodring, v\u00e6gtkontrol og h\u00e5ndtering af fodringsrelaterede problemer<\/p>\n<\/li>\n<li data-start=\"1210\" data-end=\"1292\">\n<p data-start=\"1212\" data-end=\"1292\">Kiropraktik med fokus p\u00e5 bev\u00e6gelsesapparatet, pr\u00e6station og skadesforebyggelse<\/p>\n<\/li>\n<li data-start=\"1293\" data-end=\"1341\">\n<p data-start=\"1295\" data-end=\"1341\">R\u00e5dgivning om sundhed, fodring og management<br><br><\/p>\n<\/li>\n<\/ul>\n<p data-start=\"1343\" data-end=\"1467\">Mette l\u00e6gger stor v\u00e6gt p\u00e5 en helhedsorienteret tilgang, hvor b\u00e5de hesteejer og andre fagpersoner inddrages i behandlingen.<\/p>\n<hr data-start=\"1469\" data-end=\"1472\">\n<h2 data-start=\"1474\" data-end=\"1498\"><br>Dyrl\u00e6ge Per Nielsen<\/h2>\n<p data-start=\"1499\" data-end=\"1659\">Per Nielsen blev uddannet dyrl\u00e6ge i 1985 og arbejdede de f\u00f8rste 10 \u00e5r i blandet praksis p\u00e5 Nordvestfyn. Siden 1995 har han v\u00e6ret en del af Lang\u00e5 Dyrehospital.<\/p>\n<p data-start=\"1661\" data-end=\"1881\">Han er uddannet&nbsp;<strong data-start=\"1677\" data-end=\"1698\">fagdyrl\u00e6ge i kv\u00e6g<\/strong>&nbsp;og har mange \u00e5rs erfaring med husdyr, men arbejder ogs\u00e5 med b\u00e5de sm\u00e5dyr og heste. Pers brede faglige profil og mange\u00e5rige erfaring er en styrke i det daglige arbejde p\u00e5 hospitalet.<\/p>\n<hr data-start=\"1883\" data-end=\"1886\">\n<h2 data-start=\"1888\" data-end=\"1913\"><br>Dyrl\u00e6ge L\u00e6rke Jensen<\/h2>\n<p data-start=\"1914\" data-end=\"2071\">L\u00e6rke Jensen blev uddannet dyrl\u00e6ge i 2023 og har siden v\u00e6ret en del af Lang\u00e5 Dyrehospitals team \u2013 f\u00f8rst som barselsvikar og fra oktober 2024 som fastansat.<\/p>\n<p data-start=\"2073\" data-end=\"2309\">Hun arbejder b\u00e5de med heste og sm\u00e5dyr, og du kan derfor m\u00f8de hende b\u00e5de p\u00e5 klinikken og ved udek\u00f8rende hestebes\u00f8g. L\u00e6rke l\u00e6gger stor v\u00e6gt p\u00e5 dialog og samarbejde med dyreejere for at finde den bedste l\u00f8sning tilpasset det enkelte dyr.<\/p>\n<p data-start=\"2073\" data-end=\"2309\">\n<\/p><\/div>\n<div class=\"x_elementToProof\" data-olk-copy-source=\"MessageBody\">Har du sp\u00f8rgsm\u00e5l i forbindelse med overgangen, er du ogs\u00e5 velkommen til at kontakte os.<\/div>\n<div class=\"x_elementToProof\">\n<p>Vi takker for din tillid og h\u00e5ber, at du bliver glad for samarbejdet med Sundt Hesteliv.<\/p>\n<\/div>\n<div class=\"x_elementToProof\"><br>De bedste hilsner<br><b>Vequna Hestepraksis<\/b><\/div>\n<div>\n<p data-start=\"2073\" data-end=\"2309\">\n<\/p><\/div>\n<\/div>\n<\/div>\n<\/div>\n<\/div>\t\t\t\t\t\t\t\t<\/div>\n\t\t\t\t<\/div>\n\t\t\t\t\t<\/div>\n\t\t<\/div>\n\t\t\t\t\t<\/div>\n\t\t<\/section>\n\t\t\t\t<div class=\"elementor-element elementor-element-25511c9 elementor-widget elementor-widget-spacer\" data-id=\"25511c9\" data-element_type=\"widget\" data-widget_type=\"spacer.default\">\n\t\t\t\t<div class=\"elementor-widget-container\">\n\t\t\t\t\t\t\t<div class=\"elementor-spacer\">\n\t\t\t<div class=\"elementor-spacer-inner\"><\/div>\n\t\t<\/div>\n\t\t\t\t\t\t<\/div>\n\t\t\t\t<\/div>\n\t\t\t\t\t<\/div>\n\t\t<\/div>\n\t\t\t\t\t<\/div>\n\t\t<\/section>\n\t\t\t\t<\/div>\n\t\t","protected":false},"excerpt":{"rendered":"<p>Vequna Hestepraksis Din lokale hestedyrl\u00e6ge i Hadsten og omegn. Samarbejde med Sundt Hesteliv som er en del af Lang\u00e5 Dyrehospital K\u00e6re hesteejer Vequna Hestepraksis er nu blevet en del af&nbsp;Sundt Hesteliv, som er tilknyttet&nbsp;Lang\u00e5 Dyrehospital. Det betyder, at vi ikke l\u00e6ngere tilbyder behandlinger gennem Vequna, men i stedet henviser vi trygt til vores nye samarbejdspartner [&hellip;]<\/p>\n","protected":false},"author":1,"featured_media":0,"parent":0,"menu_order":0,"comment_status":"closed","ping_status":"closed","template":"elementor_header_footer","meta":{"inline_featured_image":false,"footnotes":""},"class_list":["post-42","page","type-page","status-publish","hentry"],"yoast_head":"<!-- This site is optimized with the Yoast SEO plugin v24.4 - https:\/\/yoast.com\/wordpress\/plugins\/seo\/ -->\n<title>Vequna - Vequna Hestepraksis<\/title>\n<meta name=\"robots\" content=\"index, follow, max-snippet:-1, max-image-preview:large, max-video-preview:-1\" \/>\n<link rel=\"canonical\" href=\"https:\/\/vequna.dk\/\" \/>\n<meta property=\"og:locale\" content=\"en_US\" \/>\n<meta property=\"og:type\" content=\"article\" \/>\n<meta property=\"og:title\" content=\"Vequna - Vequna Hestepraksis\" \/>\n<meta property=\"og:description\" content=\"Vequna Hestepraksis Din lokale hestedyrl\u00e6ge i Hadsten og omegn. Samarbejde med Sundt Hesteliv som er en del af Lang\u00e5 Dyrehospital K\u00e6re hesteejer Vequna Hestepraksis er nu blevet en del af&nbsp;Sundt Hesteliv, som er tilknyttet&nbsp;Lang\u00e5 Dyrehospital. Det betyder, at vi ikke l\u00e6ngere tilbyder behandlinger gennem Vequna, men i stedet henviser vi trygt til vores nye samarbejdspartner [&hellip;]\" \/>\n<meta property=\"og:url\" content=\"https:\/\/vequna.dk\/\" \/>\n<meta property=\"og:site_name\" content=\"Vequna Hestepraksis\" \/>\n<meta property=\"article:modified_time\" content=\"2025-10-07T08:12:33+00:00\" \/>\n<meta property=\"og:image\" content=\"https:\/\/favrskovdyreklinik.dk\/wp-content\/uploads\/2025\/09\/Langaa-Dyrehospital.png\" \/>\n<meta name=\"twitter:card\" content=\"summary_large_image\" \/>\n<meta name=\"twitter:label1\" content=\"Est. reading time\" \/>\n\t<meta name=\"twitter:data1\" content=\"3 minutes\" \/>\n<script type=\"application\/ld+json\" class=\"yoast-schema-graph\">{\"@context\":\"https:\/\/schema.org\",\"@graph\":[{\"@type\":\"WebPage\",\"@id\":\"https:\/\/vequna.dk\/\",\"url\":\"https:\/\/vequna.dk\/\",\"name\":\"Vequna - Vequna Hestepraksis\",\"isPartOf\":{\"@id\":\"https:\/\/vequna.dk\/#website\"},\"primaryImageOfPage\":{\"@id\":\"https:\/\/vequna.dk\/#primaryimage\"},\"image\":{\"@id\":\"https:\/\/vequna.dk\/#primaryimage\"},\"thumbnailUrl\":\"https:\/\/favrskovdyreklinik.dk\/wp-content\/uploads\/2025\/09\/Langaa-Dyrehospital.png\",\"datePublished\":\"2024-09-18T10:55:08+00:00\",\"dateModified\":\"2025-10-07T08:12:33+00:00\",\"breadcrumb\":{\"@id\":\"https:\/\/vequna.dk\/#breadcrumb\"},\"inLanguage\":\"en-US\",\"potentialAction\":[{\"@type\":\"ReadAction\",\"target\":[\"https:\/\/vequna.dk\/\"]}]},{\"@type\":\"ImageObject\",\"inLanguage\":\"en-US\",\"@id\":\"https:\/\/vequna.dk\/#primaryimage\",\"url\":\"https:\/\/favrskovdyreklinik.dk\/wp-content\/uploads\/2025\/09\/Langaa-Dyrehospital.png\",\"contentUrl\":\"https:\/\/favrskovdyreklinik.dk\/wp-content\/uploads\/2025\/09\/Langaa-Dyrehospital.png\"},{\"@type\":\"BreadcrumbList\",\"@id\":\"https:\/\/vequna.dk\/#breadcrumb\",\"itemListElement\":[{\"@type\":\"ListItem\",\"position\":1,\"name\":\"Home\",\"item\":\"https:\/\/vequna.dk\/\"},{\"@type\":\"ListItem\",\"position\":2,\"name\":\"Vequna\"}]},{\"@type\":\"WebSite\",\"@id\":\"https:\/\/vequna.dk\/#website\",\"url\":\"https:\/\/vequna.dk\/\",\"name\":\"Vequna Hestepraksis\",\"description\":\"\",\"publisher\":{\"@id\":\"https:\/\/vequna.dk\/#organization\"},\"potentialAction\":[{\"@type\":\"SearchAction\",\"target\":{\"@type\":\"EntryPoint\",\"urlTemplate\":\"https:\/\/vequna.dk\/?s={search_term_string}\"},\"query-input\":{\"@type\":\"PropertyValueSpecification\",\"valueRequired\":true,\"valueName\":\"search_term_string\"}}],\"inLanguage\":\"en-US\"},{\"@type\":\"Organization\",\"@id\":\"https:\/\/vequna.dk\/#organization\",\"name\":\"Vequna Hestepraksis\",\"url\":\"https:\/\/vequna.dk\/\",\"logo\":{\"@type\":\"ImageObject\",\"inLanguage\":\"en-US\",\"@id\":\"https:\/\/vequna.dk\/#\/schema\/logo\/image\/\",\"url\":\"https:\/\/vequna.dk\/wp-content\/uploads\/2024\/09\/Vequna_logo_rgb_brevpapir-5.png\",\"contentUrl\":\"https:\/\/vequna.dk\/wp-content\/uploads\/2024\/09\/Vequna_logo_rgb_brevpapir-5.png\",\"width\":1667,\"height\":500,\"caption\":\"Vequna Hestepraksis\"},\"image\":{\"@id\":\"https:\/\/vequna.dk\/#\/schema\/logo\/image\/\"}}]}<\/script>\n<!-- \/ Yoast SEO plugin. -->","yoast_head_json":{"title":"Vequna - Vequna Hestepraksis","robots":{"index":"index","follow":"follow","max-snippet":"max-snippet:-1","max-image-preview":"max-image-preview:large","max-video-preview":"max-video-preview:-1"},"canonical":"https:\/\/vequna.dk\/","og_locale":"en_US","og_type":"article","og_title":"Vequna - Vequna Hestepraksis","og_description":"Vequna Hestepraksis Din lokale hestedyrl\u00e6ge i Hadsten og omegn. Samarbejde med Sundt Hesteliv som er en del af Lang\u00e5 Dyrehospital K\u00e6re hesteejer Vequna Hestepraksis er nu blevet en del af&nbsp;Sundt Hesteliv, som er tilknyttet&nbsp;Lang\u00e5 Dyrehospital. Det betyder, at vi ikke l\u00e6ngere tilbyder behandlinger gennem Vequna, men i stedet henviser vi trygt til vores nye samarbejdspartner [&hellip;]","og_url":"https:\/\/vequna.dk\/","og_site_name":"Vequna Hestepraksis","article_modified_time":"2025-10-07T08:12:33+00:00","og_image":[{"url":"https:\/\/favrskovdyreklinik.dk\/wp-content\/uploads\/2025\/09\/Langaa-Dyrehospital.png","type":"","width":"","height":""}],"twitter_card":"summary_large_image","twitter_misc":{"Est. reading time":"3 minutes"},"schema":{"@context":"https:\/\/schema.org","@graph":[{"@type":"WebPage","@id":"https:\/\/vequna.dk\/","url":"https:\/\/vequna.dk\/","name":"Vequna - Vequna Hestepraksis","isPartOf":{"@id":"https:\/\/vequna.dk\/#website"},"primaryImageOfPage":{"@id":"https:\/\/vequna.dk\/#primaryimage"},"image":{"@id":"https:\/\/vequna.dk\/#primaryimage"},"thumbnailUrl":"https:\/\/favrskovdyreklinik.dk\/wp-content\/uploads\/2025\/09\/Langaa-Dyrehospital.png","datePublished":"2024-09-18T10:55:08+00:00","dateModified":"2025-10-07T08:12:33+00:00","breadcrumb":{"@id":"https:\/\/vequna.dk\/#breadcrumb"},"inLanguage":"en-US","potentialAction":[{"@type":"ReadAction","target":["https:\/\/vequna.dk\/"]}]},{"@type":"ImageObject","inLanguage":"en-US","@id":"https:\/\/vequna.dk\/#primaryimage","url":"https:\/\/favrskovdyreklinik.dk\/wp-content\/uploads\/2025\/09\/Langaa-Dyrehospital.png","contentUrl":"https:\/\/favrskovdyreklinik.dk\/wp-content\/uploads\/2025\/09\/Langaa-Dyrehospital.png"},{"@type":"BreadcrumbList","@id":"https:\/\/vequna.dk\/#breadcrumb","itemListElement":[{"@type":"ListItem","position":1,"name":"Home","item":"https:\/\/vequna.dk\/"},{"@type":"ListItem","position":2,"name":"Vequna"}]},{"@type":"WebSite","@id":"https:\/\/vequna.dk\/#website","url":"https:\/\/vequna.dk\/","name":"Vequna Hestepraksis","description":"","publisher":{"@id":"https:\/\/vequna.dk\/#organization"},"potentialAction":[{"@type":"SearchAction","target":{"@type":"EntryPoint","urlTemplate":"https:\/\/vequna.dk\/?s={search_term_string}"},"query-input":{"@type":"PropertyValueSpecification","valueRequired":true,"valueName":"search_term_string"}}],"inLanguage":"en-US"},{"@type":"Organization","@id":"https:\/\/vequna.dk\/#organization","name":"Vequna Hestepraksis","url":"https:\/\/vequna.dk\/","logo":{"@type":"ImageObject","inLanguage":"en-US","@id":"https:\/\/vequna.dk\/#\/schema\/logo\/image\/","url":"https:\/\/vequna.dk\/wp-content\/uploads\/2024\/09\/Vequna_logo_rgb_brevpapir-5.png","contentUrl":"https:\/\/vequna.dk\/wp-content\/uploads\/2024\/09\/Vequna_logo_rgb_brevpapir-5.png","width":1667,"height":500,"caption":"Vequna Hestepraksis"},"image":{"@id":"https:\/\/vequna.dk\/#\/schema\/logo\/image\/"}}]}},"_links":{"self":[{"href":"https:\/\/vequna.dk\/wp-json\/wp\/v2\/pages\/42","targetHints":{"allow":["GET"]}}],"collection":[{"href":"https:\/\/vequna.dk\/wp-json\/wp\/v2\/pages"}],"about":[{"href":"https:\/\/vequna.dk\/wp-json\/wp\/v2\/types\/page"}],"author":[{"embeddable":true,"href":"https:\/\/vequna.dk\/wp-json\/wp\/v2\/users\/1"}],"replies":[{"embeddable":true,"href":"https:\/\/vequna.dk\/wp-json\/wp\/v2\/comments?post=42"}],"version-history":[{"count":15,"href":"https:\/\/vequna.dk\/wp-json\/wp\/v2\/pages\/42\/revisions"}],"predecessor-version":[{"id":425,"href":"https:\/\/vequna.dk\/wp-json\/wp\/v2\/pages\/42\/revisions\/425"}],"wp:attachment":[{"href":"https:\/\/vequna.dk\/wp-json\/wp\/v2\/media?parent=42"}],"curies":[{"name":"wp","href":"https:\/\/api.w.org\/{rel}","templated":true}]}}