{"id":107,"date":"2020-09-25T14:54:43","date_gmt":"2020-09-25T14:54:43","guid":{"rendered":"https:\/\/www.libriciel.fr\/?page_id=107"},"modified":"2022-11-30T16:05:23","modified_gmt":"2022-11-30T16:05:23","slug":"libriciel-scop","status":"publish","type":"page","link":"https:\/\/www.libriciel.fr\/","title":{"rendered":"Accueil"},"content":{"rendered":"\n\n\n\n\n\n\n\n[et_pb_section fb_built=\u00a0\u00bb1&Prime; _builder_version=\u00a0\u00bb4.6.3&Prime; _module_preset=\u00a0\u00bbdefault\u00a0\u00bb use_background_color_gradient=\u00a0\u00bbon\u00a0\u00bb background_color_gradient_start=\u00a0\u00bb#42a1e8&Prime; background_color_gradient_end=\u00a0\u00bb#242a54&Prime; background_color_gradient_direction=\u00a0\u00bb234deg\u00a0\u00bb background_color_gradient_start_position=\u00a0\u00bb46%\u00a0\u00bb custom_padding=\u00a0\u00bb15px||15px||true|false\u00a0\u00bb][et_pb_row _builder_version=\u00a0\u00bb4.6.3&Prime; _module_preset=\u00a0\u00bbdefault\u00a0\u00bb custom_padding=\u00a0\u00bb|0px||0px|true|true\u00a0\u00bb][et_pb_column type=\u00a0\u00bb4_4&Prime; _builder_version=\u00a0\u00bb4.6.3&Prime; _module_preset=\u00a0\u00bbdefault\u00a0\u00bb][et_pb_text _builder_version=\u00a0\u00bb4.6.3&Prime; _module_preset=\u00a0\u00bbdefault\u00a0\u00bb header_font=\u00a0\u00bb|800|||||||\u00a0\u00bb header_text_color=\u00a0\u00bb#ffffff\u00a0\u00bb header_font_size=\u00a0\u00bb35px\u00a0\u00bb header_2_text_color=\u00a0\u00bb#ffffff\u00a0\u00bb header_2_font_size=\u00a0\u00bb28px\u00a0\u00bb custom_padding=\u00a0\u00bb|||0px||\u00a0\u00bb]<h1>Libriciel SCOP : La coop\u00e9rative du logiciel libre<\/h1>\n<h2>Des solutions libres m\u00e9tiers pour les collectivit\u00e9s territoriales et administrations publiques<\/h2>[\/et_pb_text][et_pb_button button_text=\u00a0\u00bbD\u00e9couvrir nos solutions\u00a0\u00bb _builder_version=\u00a0\u00bb4.6.3&Prime; _module_preset=\u00a0\u00bbdefault\u00a0\u00bb custom_button=\u00a0\u00bbon\u00a0\u00bb button_text_color=\u00a0\u00bb#ffffff\u00a0\u00bb button_use_icon=\u00a0\u00bboff\u00a0\u00bb button_text_color__hover_enabled=\u00a0\u00bbon|hover\u00a0\u00bb button_text_color__hover=\u00a0\u00bb#42a1e8&Prime; button_bg_color__hover_enabled=\u00a0\u00bbon|hover\u00a0\u00bb button_bg_color__hover=\u00a0\u00bb#ffffff\u00a0\u00bb button_bg_enable_color__hover=\u00a0\u00bbon\u00a0\u00bb button_border_color__hover_enabled=\u00a0\u00bbon|hover\u00a0\u00bb button_border_color__hover=\u00a0\u00bb#ffffff\u00a0\u00bb button_icon_color__hover_enabled=\u00a0\u00bbon|hover\u00a0\u00bb button_icon_color__hover=\u00a0\u00bb#42a1e8&Prime; button_border_radius__hover_enabled=\u00a0\u00bbon|hover\u00a0\u00bb button_border_radius__hover=\u00a0\u00bb3px\u00a0\u00bb][\/et_pb_button][\/et_pb_column][\/et_pb_row][\/et_pb_section][et_pb_section fb_built=\u00a0\u00bb1&Prime; _builder_version=\u00a0\u00bb4.6.3&Prime; _module_preset=\u00a0\u00bbdefault\u00a0\u00bb custom_padding=\u00a0\u00bb45px||29px|||\u00a0\u00bb][et_pb_row _builder_version=\u00a0\u00bb4.6.3&Prime; _module_preset=\u00a0\u00bbdefault\u00a0\u00bb custom_padding=\u00a0\u00bb0px||0px|||\u00a0\u00bb][et_pb_column type=\u00a0\u00bb4_4&Prime; _builder_version=\u00a0\u00bb4.6.3&Prime; _module_preset=\u00a0\u00bbdefault\u00a0\u00bb][et_pb_text _builder_version=\u00a0\u00bb4.6.3&Prime; _module_preset=\u00a0\u00bbdefault\u00a0\u00bb header_text_align=\u00a0\u00bbleft\u00a0\u00bb header_3_font=\u00a0\u00bb|300|||||||\u00a0\u00bb header_3_text_align=\u00a0\u00bbcenter\u00a0\u00bb header_3_text_color=\u00a0\u00bb#3E3E3E\u00a0\u00bb header_3_font_size=\u00a0\u00bb24px\u00a0\u00bb]<h3><strong>Libriciel SCOP<\/strong>, coop\u00e9rative du logiciel libre, d\u00e9veloppe et maintient depuis 2006 des solutions m\u00e9tiers.<\/h3>[\/et_pb_text][\/et_pb_column][\/et_pb_row][et_pb_row column_structure=\u00a0\u00bb1_3,1_3,1_3&Prime; _builder_version=\u00a0\u00bb4.6.3&Prime; _module_preset=\u00a0\u00bbdefault\u00a0\u00bb custom_padding=\u00a0\u00bb|40px||40px|true|true\u00a0\u00bb][et_pb_column type=\u00a0\u00bb1_3&Prime; _builder_version=\u00a0\u00bb4.6.3&Prime; _module_preset=\u00a0\u00bbdefault\u00a0\u00bb][et_pb_image src=\u00a0\u00bbhttps:\/\/www.libriciel.fr\/wp-content\/uploads\/2020\/09\/ico-lsFichier-31.png\u00a0\u00bb title_text=\u00a0\u00bbicone-libriciel-scop\u00a0\u00bb align=\u00a0\u00bbcenter\u00a0\u00bb _builder_version=\u00a0\u00bb4.6.3&Prime; _module_preset=\u00a0\u00bbdefault\u00a0\u00bb width=\u00a0\u00bb22%\u00a0\u00bb][\/et_pb_image][et_pb_text _builder_version=\u00a0\u00bb4.6.3&Prime; _module_preset=\u00a0\u00bbdefault\u00a0\u00bb text_font=\u00a0\u00bb|300|||||||\u00a0\u00bb text_text_color=\u00a0\u00bb#3E3E3E\u00a0\u00bb text_font_size=\u00a0\u00bb20px\u00a0\u00bb text_orientation=\u00a0\u00bbcenter\u00a0\u00bb]<p>10 solutions m\u00e9tiers<\/p>[\/et_pb_text][\/et_pb_column][et_pb_column type=\u00a0\u00bb1_3&Prime; _builder_version=\u00a0\u00bb4.6.3&Prime; _module_preset=\u00a0\u00bbdefault\u00a0\u00bb][et_pb_image src=\u00a0\u00bbhttps:\/\/www.libriciel.fr\/wp-content\/uploads\/2020\/09\/ico-lsFichier-31.png\u00a0\u00bb title_text=\u00a0\u00bbicone-libriciel-scop\u00a0\u00bb align=\u00a0\u00bbcenter\u00a0\u00bb _builder_version=\u00a0\u00bb4.6.3&Prime; _module_preset=\u00a0\u00bbdefault\u00a0\u00bb width=\u00a0\u00bb22%\u00a0\u00bb][\/et_pb_image][et_pb_text _builder_version=\u00a0\u00bb4.6.3&Prime; _module_preset=\u00a0\u00bbdefault\u00a0\u00bb text_font=\u00a0\u00bb|300|||||||\u00a0\u00bb text_text_color=\u00a0\u00bb#3E3E3E\u00a0\u00bb text_font_size=\u00a0\u00bb20px\u00a0\u00bb text_orientation=\u00a0\u00bbcenter\u00a0\u00bb]<p>600 collectivit\u00e9s et administrations clientes<\/p>[\/et_pb_text][\/et_pb_column][et_pb_column type=\u00a0\u00bb1_3&Prime; _builder_version=\u00a0\u00bb4.6.3&Prime; _module_preset=\u00a0\u00bbdefault\u00a0\u00bb][et_pb_image src=\u00a0\u00bbhttps:\/\/www.libriciel.fr\/wp-content\/uploads\/2020\/09\/ico-lsFichier-31.png\u00a0\u00bb title_text=\u00a0\u00bbicone-libriciel-scop\u00a0\u00bb align=\u00a0\u00bbcenter\u00a0\u00bb _builder_version=\u00a0\u00bb4.6.3&Prime; _module_preset=\u00a0\u00bbdefault\u00a0\u00bb width=\u00a0\u00bb22%\u00a0\u00bb][\/et_pb_image][et_pb_text _builder_version=\u00a0\u00bb4.6.3&Prime; _module_preset=\u00a0\u00bbdefault\u00a0\u00bb text_font=\u00a0\u00bb|300|||||||\u00a0\u00bb text_text_color=\u00a0\u00bb#3E3E3E\u00a0\u00bb text_font_size=\u00a0\u00bb20px\u00a0\u00bb text_orientation=\u00a0\u00bbcenter\u00a0\u00bb]<p>12 ann\u00e9es d&rsquo;existence<\/p>[\/et_pb_text][\/et_pb_column][\/et_pb_row][\/et_pb_section][et_pb_section fb_built=\u00a0\u00bb1&Prime; _builder_version=\u00a0\u00bb4.6.3&Prime; _module_preset=\u00a0\u00bbdefault\u00a0\u00bb background_color=\u00a0\u00bb#f7f7f7&Prime; custom_padding=\u00a0\u00bb0px|||||\u00a0\u00bb][et_pb_row _builder_version=\u00a0\u00bb4.6.3&Prime; _module_preset=\u00a0\u00bbdefault\u00a0\u00bb custom_padding=\u00a0\u00bb40px||0px|40px||\u00a0\u00bb][et_pb_column type=\u00a0\u00bb4_4&Prime; _builder_version=\u00a0\u00bb4.6.3&Prime; _module_preset=\u00a0\u00bbdefault\u00a0\u00bb][et_pb_text _builder_version=\u00a0\u00bb4.6.3&Prime; _module_preset=\u00a0\u00bbdefault\u00a0\u00bb header_2_text_color=\u00a0\u00bb#3b3b3b\u00a0\u00bb header_2_font_size=\u00a0\u00bb30px\u00a0\u00bb width=\u00a0\u00bb100%\u00a0\u00bb custom_margin=\u00a0\u00bb||-21px|||\u00a0\u00bb custom_padding=\u00a0\u00bb||16px|||\u00a0\u00bb]<h2>Vos besoins, nos solutions<\/h2>[\/et_pb_text][\/et_pb_column][\/et_pb_row][et_pb_row column_structure=\u00a0\u00bb1_3,1_3,1_3&Prime; _builder_version=\u00a0\u00bb4.6.3&Prime; _module_preset=\u00a0\u00bbdefault\u00a0\u00bb background_color=\u00a0\u00bb#ffffff\u00a0\u00bb width=\u00a0\u00bb100%\u00a0\u00bb custom_margin=\u00a0\u00bb-17px|270px||355px||\u00a0\u00bb custom_padding=\u00a0\u00bb|40px||40px||true\u00a0\u00bb][et_pb_column type=\u00a0\u00bb1_3&Prime; _builder_version=\u00a0\u00bb4.6.3&Prime; _module_preset=\u00a0\u00bbdefault\u00a0\u00bb][et_pb_image src=\u00a0\u00bbhttps:\/\/www.libriciel.fr\/wp-content\/uploads\/2020\/09\/ico-lsFichier-31.png\u00a0\u00bb title_text=\u00a0\u00bbicone-libriciel-scop\u00a0\u00bb align=\u00a0\u00bbcenter\u00a0\u00bb _builder_version=\u00a0\u00bb4.6.3&Prime; _module_preset=\u00a0\u00bbdefault\u00a0\u00bb width=\u00a0\u00bb22%\u00a0\u00bb][\/et_pb_image][et_pb_text _builder_version=\u00a0\u00bb4.6.3&Prime; _module_preset=\u00a0\u00bbdefault\u00a0\u00bb text_font=\u00a0\u00bb|300|||||||\u00a0\u00bb text_text_color=\u00a0\u00bb#3b3b3b\u00a0\u00bb text_line_height=\u00a0\u00bb1.8em\u00a0\u00bb header_4_text_align=\u00a0\u00bbleft\u00a0\u00bb header_4_text_color=\u00a0\u00bb#3E3E3E\u00a0\u00bb header_4_line_height=\u00a0\u00bb1.3em\u00a0\u00bb custom_margin=\u00a0\u00bb||8px|||\u00a0\u00bb custom_padding=\u00a0\u00bb|35px||35px|false|true\u00a0\u00bb]<h4>Archivage \u00e9lectronique<\/h4>\n<p>Transferts et conservation \u00e0 qualit\u00e9 probatoire de l&rsquo;ensemble de vos documents et flux d\u00e9mat\u00e9rialis\u00e9s.<\/p>[\/et_pb_text][et_pb_button button_text=\u00a0\u00bbEn savoir plus\u00a0\u00bb _builder_version=\u00a0\u00bb4.6.3&Prime; _module_preset=\u00a0\u00bbdefault\u00a0\u00bb custom_button=\u00a0\u00bbon\u00a0\u00bb button_text_size=\u00a0\u00bb14px\u00a0\u00bb button_text_color=\u00a0\u00bb#42a1e8&Prime; button_border_width=\u00a0\u00bb0px\u00a0\u00bb button_icon=\u00a0\u00bb%%20%%\u00a0\u00bb button_icon_color=\u00a0\u00bb#42a1e8&Prime; button_on_hover=\u00a0\u00bboff\u00a0\u00bb custom_padding=\u00a0\u00bb|||35px||\u00a0\u00bb][\/et_pb_button][\/et_pb_column][et_pb_column type=\u00a0\u00bb1_3&Prime; _builder_version=\u00a0\u00bb4.6.3&Prime; _module_preset=\u00a0\u00bbdefault\u00a0\u00bb][et_pb_image src=\u00a0\u00bbhttps:\/\/www.libriciel.fr\/wp-content\/uploads\/2020\/09\/ico-lsFichier-31.png\u00a0\u00bb title_text=\u00a0\u00bbicone-libriciel-scop\u00a0\u00bb align=\u00a0\u00bbcenter\u00a0\u00bb _builder_version=\u00a0\u00bb4.6.3&Prime; _module_preset=\u00a0\u00bbdefault\u00a0\u00bb width=\u00a0\u00bb22%\u00a0\u00bb][\/et_pb_image][et_pb_text _builder_version=\u00a0\u00bb4.6.3&Prime; _module_preset=\u00a0\u00bbdefault\u00a0\u00bb text_font=\u00a0\u00bb|300|||||||\u00a0\u00bb text_text_color=\u00a0\u00bb#3b3b3b\u00a0\u00bb text_line_height=\u00a0\u00bb1.8em\u00a0\u00bb header_line_height=\u00a0\u00bb1.3em\u00a0\u00bb header_4_text_align=\u00a0\u00bbleft\u00a0\u00bb header_4_text_color=\u00a0\u00bb#3E3E3E\u00a0\u00bb custom_padding=\u00a0\u00bb|35px||35px|false|true\u00a0\u00bb]<h4>Gestion des actes administratifs<\/h4>\n<p>Gestion des actes administratifs depuis leur \u00e9laboration jusqu&rsquo;\u00e0 leurs traitements post-s\u00e9ances.<\/p>[\/et_pb_text][\/et_pb_column][et_pb_column type=\u00a0\u00bb1_3&Prime; _builder_version=\u00a0\u00bb4.6.3&Prime; _module_preset=\u00a0\u00bbdefault\u00a0\u00bb][et_pb_image src=\u00a0\u00bbhttps:\/\/www.libriciel.fr\/wp-content\/uploads\/2020\/09\/ico-lsFichier-31.png\u00a0\u00bb title_text=\u00a0\u00bbicone-libriciel-scop\u00a0\u00bb align=\u00a0\u00bbcenter\u00a0\u00bb _builder_version=\u00a0\u00bb4.6.3&Prime; _module_preset=\u00a0\u00bbdefault\u00a0\u00bb width=\u00a0\u00bb22%\u00a0\u00bb][\/et_pb_image][et_pb_text _builder_version=\u00a0\u00bb4.6.3&Prime; _module_preset=\u00a0\u00bbdefault\u00a0\u00bb text_font=\u00a0\u00bb|300|||||||\u00a0\u00bb text_text_color=\u00a0\u00bb#3b3b3b\u00a0\u00bb text_line_height=\u00a0\u00bb1.8em\u00a0\u00bb header_4_text_align=\u00a0\u00bbleft\u00a0\u00bb header_4_text_color=\u00a0\u00bb#3E3E3E\u00a0\u00bb header_4_line_height=\u00a0\u00bb1.3em\u00a0\u00bb custom_padding=\u00a0\u00bb|35px||35px|false|true\u00a0\u00bb]<h4>Tiers de t\u00e9l\u00e9transmission multiprotocole<\/h4>\n<p>T\u00e9l\u00e9transmission actes administratifs, H\u00e9lios et PESv2.<\/p>[\/et_pb_text][\/et_pb_column][\/et_pb_row][\/et_pb_section]\n\n\n\n\n\n\n\n","protected":false},"excerpt":{"rendered":"<p>Libriciel SCOP : La coop\u00e9rative du logiciel libre Des solutions libres m\u00e9tiers pour les collectivit\u00e9s territoriales et administrations publiquesLibriciel SCOP, coop\u00e9rative du logiciel libre, d\u00e9veloppe et maintient depuis 2006 des solutions m\u00e9tiers.10 solutions m\u00e9tiers600 collectivit\u00e9s et administrations clientes12 ann\u00e9es d&rsquo;existenceVos besoins, nos solutionsArchivage \u00e9lectronique Transferts et conservation \u00e0 qualit\u00e9 probatoire de l&rsquo;ensemble de vos documents [&hellip;]<\/p>\n","protected":false},"author":2,"featured_media":0,"parent":0,"menu_order":0,"comment_status":"closed","ping_status":"closed","template":"","meta":{"_et_pb_use_builder":"on","_et_pb_old_content":"","_et_gb_content_width":"","footnotes":""},"class_list":["post-107","page","type-page","status-publish","hentry"],"yoast_head":"<!-- This site is optimized with the Yoast SEO plugin v27.2 - https:\/\/yoast.com\/product\/yoast-seo-wordpress\/ -->\n<title>Libriciel SCOP : \u00e9diteur de logiciels libres m\u00e9tiers pour la sph\u00e8re publique<\/title>\n<meta name=\"description\" content=\"Les applications Libriciel SCOP r\u00e9pondent aux enjeux de d\u00e9mat\u00e9rialisation du secteur public : transactions s\u00e9curis\u00e9es, signature \u00e9lectronique, gestion des actes administratifs, gestion des flux citoyens, orchestrateur, archivage \u00e9lectronique.\" \/>\n<meta name=\"robots\" content=\"index, follow, max-snippet:-1, max-image-preview:large, max-video-preview:-1\" \/>\n<link rel=\"canonical\" href=\"https:\/\/www.libriciel.fr\/\" \/>\n<meta property=\"og:locale\" content=\"fr_FR\" \/>\n<meta property=\"og:type\" content=\"article\" \/>\n<meta property=\"og:title\" content=\"Libriciel SCOP : \u00e9diteur de logiciels libres m\u00e9tiers pour la sph\u00e8re publique\" \/>\n<meta property=\"og:description\" content=\"Libriciel SCOP d\u00e9veloppe des logiciels m\u00e9tiers d\u00e9pos\u00e9s sous licence libre pour les administrations et les collectivit\u00e9s territoriales. Nos applications r\u00e9pondent aux enjeux de d\u00e9mat\u00e9rialisation du secteur public : transactions s\u00e9curis\u00e9es, signature \u00e9lectronique, gestion des actes administratifs, gestion des flux citoyens, orchestrateur, archivage \u00e9lectronique.\" \/>\n<meta property=\"og:url\" content=\"https:\/\/www.libriciel.fr\/\" \/>\n<meta property=\"og:site_name\" content=\"Libriciel SCOP\" \/>\n<meta property=\"article:publisher\" content=\"https:\/\/www.facebook.com\/LibricielSCOP\" \/>\n<meta property=\"article:modified_time\" content=\"2022-11-30T16:05:23+00:00\" \/>\n<meta property=\"og:image\" content=\"https:\/\/www.libriciel.fr\/wp-content\/uploads\/2022\/11\/logo-libriciel-twitter.jpg\" \/>\n\t<meta property=\"og:image:width\" content=\"800\" \/>\n\t<meta property=\"og:image:height\" content=\"418\" \/>\n\t<meta property=\"og:image:type\" content=\"image\/jpeg\" \/>\n<meta name=\"twitter:card\" content=\"summary_large_image\" \/>\n<meta name=\"twitter:title\" content=\"Libriciel SCOP : \u00e9diteur de logiciels libres m\u00e9tiers pour la sph\u00e8re publique\" \/>\n<meta name=\"twitter:description\" content=\"Libriciel SCOP d\u00e9veloppe des logiciels m\u00e9tiers d\u00e9pos\u00e9s sous licence libre pour les administrations et les collectivit\u00e9s territoriales. Nos applications r\u00e9pondent aux enjeux de d\u00e9mat\u00e9rialisation du secteur public : transactions s\u00e9curis\u00e9es, signature \u00e9lectronique, gestion des actes administratifs, gestion des flux citoyens, orchestrateur, archivage \u00e9lectronique.\" \/>\n<meta name=\"twitter:image\" content=\"https:\/\/www.libriciel.fr\/wp-content\/uploads\/2022\/11\/twitter-card-1.91.9.jpg\" \/>\n<meta name=\"twitter:site\" content=\"@Libriciel_SCOP\" \/>\n<script type=\"application\/ld+json\" class=\"yoast-schema-graph\">{\"@context\":\"https:\/\/schema.org\",\"@graph\":[{\"@type\":\"WebPage\",\"@id\":\"https:\/\/www.libriciel.fr\/\",\"url\":\"https:\/\/www.libriciel.fr\/\",\"name\":\"Libriciel SCOP : \u00e9diteur de logiciels libres m\u00e9tiers pour la sph\u00e8re publique\",\"isPartOf\":{\"@id\":\"https:\/\/www.libriciel.fr\/#website\"},\"datePublished\":\"2020-09-25T14:54:43+00:00\",\"dateModified\":\"2022-11-30T16:05:23+00:00\",\"description\":\"Les applications Libriciel SCOP r\u00e9pondent aux enjeux de d\u00e9mat\u00e9rialisation du secteur public : transactions s\u00e9curis\u00e9es, signature \u00e9lectronique, gestion des actes administratifs, gestion des flux citoyens, orchestrateur, archivage \u00e9lectronique.\",\"breadcrumb\":{\"@id\":\"https:\/\/www.libriciel.fr\/#breadcrumb\"},\"inLanguage\":\"fr-FR\",\"potentialAction\":[{\"@type\":\"ReadAction\",\"target\":[\"https:\/\/www.libriciel.fr\/\"]}]},{\"@type\":\"BreadcrumbList\",\"@id\":\"https:\/\/www.libriciel.fr\/#breadcrumb\",\"itemListElement\":[{\"@type\":\"ListItem\",\"position\":1,\"name\":\"Accueil\",\"item\":\"https:\/\/www.libriciel.fr\/\"},{\"@type\":\"ListItem\",\"position\":2,\"name\":\"Accueil\"}]},{\"@type\":\"WebSite\",\"@id\":\"https:\/\/www.libriciel.fr\/#website\",\"url\":\"https:\/\/www.libriciel.fr\/\",\"name\":\"Libriciel SCOP\",\"description\":\"D\u00e9veloppons ensemble vos projets de demain\",\"publisher\":{\"@id\":\"https:\/\/www.libriciel.fr\/#organization\"},\"alternateName\":\"Libriciel\",\"potentialAction\":[{\"@type\":\"SearchAction\",\"target\":{\"@type\":\"EntryPoint\",\"urlTemplate\":\"https:\/\/www.libriciel.fr\/?s={search_term_string}\"},\"query-input\":{\"@type\":\"PropertyValueSpecification\",\"valueRequired\":true,\"valueName\":\"search_term_string\"}}],\"inLanguage\":\"fr-FR\"},{\"@type\":\"Organization\",\"@id\":\"https:\/\/www.libriciel.fr\/#organization\",\"name\":\"Libriciel SCOP\",\"url\":\"https:\/\/www.libriciel.fr\/\",\"logo\":{\"@type\":\"ImageObject\",\"inLanguage\":\"fr-FR\",\"@id\":\"https:\/\/www.libriciel.fr\/#\/schema\/logo\/image\/\",\"url\":\"https:\/\/www.libriciel.fr\/wp-content\/uploads\/2022\/09\/Logo-libriciel-scop_2022.png\",\"contentUrl\":\"https:\/\/www.libriciel.fr\/wp-content\/uploads\/2022\/09\/Logo-libriciel-scop_2022.png\",\"width\":2362,\"height\":343,\"caption\":\"Libriciel SCOP\"},\"image\":{\"@id\":\"https:\/\/www.libriciel.fr\/#\/schema\/logo\/image\/\"},\"sameAs\":[\"https:\/\/www.facebook.com\/LibricielSCOP\",\"https:\/\/x.com\/Libriciel_SCOP\",\"https:\/\/www.youtube.com\/adullactprojet\",\"https:\/\/www.linkedin.com\/company\/libriciel-scop\/\"]}]}<\/script>\n<!-- \/ Yoast SEO plugin. -->","yoast_head_json":{"title":"Libriciel SCOP : \u00e9diteur de logiciels libres m\u00e9tiers pour la sph\u00e8re publique","description":"Les applications Libriciel SCOP r\u00e9pondent aux enjeux de d\u00e9mat\u00e9rialisation du secteur public : transactions s\u00e9curis\u00e9es, signature \u00e9lectronique, gestion des actes administratifs, gestion des flux citoyens, orchestrateur, archivage \u00e9lectronique.","robots":{"index":"index","follow":"follow","max-snippet":"max-snippet:-1","max-image-preview":"max-image-preview:large","max-video-preview":"max-video-preview:-1"},"canonical":"https:\/\/www.libriciel.fr\/","og_locale":"fr_FR","og_type":"article","og_title":"Libriciel SCOP : \u00e9diteur de logiciels libres m\u00e9tiers pour la sph\u00e8re publique","og_description":"Libriciel SCOP d\u00e9veloppe des logiciels m\u00e9tiers d\u00e9pos\u00e9s sous licence libre pour les administrations et les collectivit\u00e9s territoriales. Nos applications r\u00e9pondent aux enjeux de d\u00e9mat\u00e9rialisation du secteur public : transactions s\u00e9curis\u00e9es, signature \u00e9lectronique, gestion des actes administratifs, gestion des flux citoyens, orchestrateur, archivage \u00e9lectronique.","og_url":"https:\/\/www.libriciel.fr\/","og_site_name":"Libriciel SCOP","article_publisher":"https:\/\/www.facebook.com\/LibricielSCOP","article_modified_time":"2022-11-30T16:05:23+00:00","og_image":[{"width":800,"height":418,"url":"https:\/\/www.libriciel.fr\/wp-content\/uploads\/2022\/11\/logo-libriciel-twitter.jpg","type":"image\/jpeg"}],"twitter_card":"summary_large_image","twitter_title":"Libriciel SCOP : \u00e9diteur de logiciels libres m\u00e9tiers pour la sph\u00e8re publique","twitter_description":"Libriciel SCOP d\u00e9veloppe des logiciels m\u00e9tiers d\u00e9pos\u00e9s sous licence libre pour les administrations et les collectivit\u00e9s territoriales. Nos applications r\u00e9pondent aux enjeux de d\u00e9mat\u00e9rialisation du secteur public : transactions s\u00e9curis\u00e9es, signature \u00e9lectronique, gestion des actes administratifs, gestion des flux citoyens, orchestrateur, archivage \u00e9lectronique.","twitter_image":"https:\/\/www.libriciel.fr\/wp-content\/uploads\/2022\/11\/twitter-card-1.91.9.jpg","twitter_site":"@Libriciel_SCOP","schema":{"@context":"https:\/\/schema.org","@graph":[{"@type":"WebPage","@id":"https:\/\/www.libriciel.fr\/","url":"https:\/\/www.libriciel.fr\/","name":"Libriciel SCOP : \u00e9diteur de logiciels libres m\u00e9tiers pour la sph\u00e8re publique","isPartOf":{"@id":"https:\/\/www.libriciel.fr\/#website"},"datePublished":"2020-09-25T14:54:43+00:00","dateModified":"2022-11-30T16:05:23+00:00","description":"Les applications Libriciel SCOP r\u00e9pondent aux enjeux de d\u00e9mat\u00e9rialisation du secteur public : transactions s\u00e9curis\u00e9es, signature \u00e9lectronique, gestion des actes administratifs, gestion des flux citoyens, orchestrateur, archivage \u00e9lectronique.","breadcrumb":{"@id":"https:\/\/www.libriciel.fr\/#breadcrumb"},"inLanguage":"fr-FR","potentialAction":[{"@type":"ReadAction","target":["https:\/\/www.libriciel.fr\/"]}]},{"@type":"BreadcrumbList","@id":"https:\/\/www.libriciel.fr\/#breadcrumb","itemListElement":[{"@type":"ListItem","position":1,"name":"Accueil","item":"https:\/\/www.libriciel.fr\/"},{"@type":"ListItem","position":2,"name":"Accueil"}]},{"@type":"WebSite","@id":"https:\/\/www.libriciel.fr\/#website","url":"https:\/\/www.libriciel.fr\/","name":"Libriciel SCOP","description":"D\u00e9veloppons ensemble vos projets de demain","publisher":{"@id":"https:\/\/www.libriciel.fr\/#organization"},"alternateName":"Libriciel","potentialAction":[{"@type":"SearchAction","target":{"@type":"EntryPoint","urlTemplate":"https:\/\/www.libriciel.fr\/?s={search_term_string}"},"query-input":{"@type":"PropertyValueSpecification","valueRequired":true,"valueName":"search_term_string"}}],"inLanguage":"fr-FR"},{"@type":"Organization","@id":"https:\/\/www.libriciel.fr\/#organization","name":"Libriciel SCOP","url":"https:\/\/www.libriciel.fr\/","logo":{"@type":"ImageObject","inLanguage":"fr-FR","@id":"https:\/\/www.libriciel.fr\/#\/schema\/logo\/image\/","url":"https:\/\/www.libriciel.fr\/wp-content\/uploads\/2022\/09\/Logo-libriciel-scop_2022.png","contentUrl":"https:\/\/www.libriciel.fr\/wp-content\/uploads\/2022\/09\/Logo-libriciel-scop_2022.png","width":2362,"height":343,"caption":"Libriciel SCOP"},"image":{"@id":"https:\/\/www.libriciel.fr\/#\/schema\/logo\/image\/"},"sameAs":["https:\/\/www.facebook.com\/LibricielSCOP","https:\/\/x.com\/Libriciel_SCOP","https:\/\/www.youtube.com\/adullactprojet","https:\/\/www.linkedin.com\/company\/libriciel-scop\/"]}]}},"_links":{"self":[{"href":"https:\/\/www.libriciel.fr\/wp-json\/wp\/v2\/pages\/107","targetHints":{"allow":["GET"]}}],"collection":[{"href":"https:\/\/www.libriciel.fr\/wp-json\/wp\/v2\/pages"}],"about":[{"href":"https:\/\/www.libriciel.fr\/wp-json\/wp\/v2\/types\/page"}],"author":[{"embeddable":true,"href":"https:\/\/www.libriciel.fr\/wp-json\/wp\/v2\/users\/2"}],"replies":[{"embeddable":true,"href":"https:\/\/www.libriciel.fr\/wp-json\/wp\/v2\/comments?post=107"}],"version-history":[{"count":0,"href":"https:\/\/www.libriciel.fr\/wp-json\/wp\/v2\/pages\/107\/revisions"}],"wp:attachment":[{"href":"https:\/\/www.libriciel.fr\/wp-json\/wp\/v2\/media?parent=107"}],"curies":[{"name":"wp","href":"https:\/\/api.w.org\/{rel}","templated":true}]}}