{"id":7,"date":"2022-05-23T15:18:17","date_gmt":"2022-05-23T13:18:17","guid":{"rendered":"https:\/\/www.vvsklo.cz\/?page_id=7"},"modified":"2025-09-12T12:20:11","modified_gmt":"2025-09-12T10:20:11","slug":"uvod","status":"publish","type":"page","link":"https:\/\/www.vvsklo.cz\/","title":{"rendered":"\u00davod"},"content":{"rendered":"\t\t<div data-elementor-type=\"wp-page\" data-elementor-id=\"7\" class=\"elementor elementor-7\" data-elementor-post-type=\"page\">\n\t\t\t\t\t\t<section class=\"elementor-section elementor-top-section elementor-element elementor-element-a3d7f7f elementor-section-full_width elementor-section-height-full elementor-hidden-desktop elementor-hidden-tablet elementor-section-height-default elementor-section-items-middle\" data-id=\"a3d7f7f\" data-element_type=\"section\" data-e-type=\"section\">\n\t\t\t\t\t\t<div class=\"elementor-container elementor-column-gap-default\">\n\t\t\t\t\t<div class=\"elementor-column elementor-col-100 elementor-top-column elementor-element elementor-element-1e0aad3\" data-id=\"1e0aad3\" data-element_type=\"column\" data-e-type=\"column\">\n\t\t\t<div class=\"elementor-widget-wrap elementor-element-populated\">\n\t\t\t\t\t\t<section class=\"elementor-section elementor-inner-section elementor-element elementor-element-c8162c3 elementor-section-full_width elementor-section-height-default elementor-section-height-default\" data-id=\"c8162c3\" data-element_type=\"section\" data-e-type=\"section\">\n\t\t\t\t\t\t<div class=\"elementor-container elementor-column-gap-default\">\n\t\t\t\t\t<div class=\"elementor-column elementor-col-50 elementor-inner-column elementor-element elementor-element-58470c1\" data-id=\"58470c1\" data-element_type=\"column\" data-e-type=\"column\" data-settings=\"{&quot;background_background&quot;:&quot;classic&quot;}\">\n\t\t\t<div class=\"elementor-widget-wrap elementor-element-populated\">\n\t\t\t\t\t\t<div class=\"elementor-element elementor-element-5127c10 elementor-widget elementor-widget-heading\" data-id=\"5127c10\" data-element_type=\"widget\" data-e-type=\"widget\" data-widget_type=\"heading.default\">\n\t\t\t\t<div class=\"elementor-widget-container\">\n\t\t\t\t\t<h1 class=\"elementor-heading-title elementor-size-default\">Celosklen\u011bn\u00e9\nv\u00fdrobky<\/h1>\t\t\t\t<\/div>\n\t\t\t\t<\/div>\n\t\t\t\t<div class=\"elementor-element elementor-element-624307c elementor-widget elementor-widget-spacer\" data-id=\"624307c\" data-element_type=\"widget\" data-e-type=\"widget\" data-widget_type=\"spacer.default\">\n\t\t\t\t<div class=\"elementor-widget-container\">\n\t\t\t\t\t\t\t<div class=\"elementor-spacer\">\n\t\t\t<div class=\"elementor-spacer-inner\"><\/div>\n\t\t<\/div>\n\t\t\t\t\t\t<\/div>\n\t\t\t\t<\/div>\n\t\t\t\t<div class=\"elementor-element elementor-element-8fb5d24 elementor-widget elementor-widget-text-editor\" data-id=\"8fb5d24\" data-element_type=\"widget\" data-e-type=\"widget\" data-widget_type=\"text-editor.default\">\n\t\t\t\t<div class=\"elementor-widget-container\">\n\t\t\t\t\t\t\t\t\t<p>Profesion\u00e1ln\u00ed zpracov\u00e1n\u00ed d\u00edky<br \/>jedine\u010dn\u00fdm technologi\u00edm<\/p>\t\t\t\t\t\t\t\t<\/div>\n\t\t\t\t<\/div>\n\t\t\t\t\t<\/div>\n\t\t<\/div>\n\t\t\t\t<div class=\"elementor-column elementor-col-50 elementor-inner-column elementor-element elementor-element-6c9c2df\" data-id=\"6c9c2df\" data-element_type=\"column\" data-e-type=\"column\" data-settings=\"{&quot;background_background&quot;:&quot;classic&quot;}\">\n\t\t\t<div class=\"elementor-widget-wrap\">\n\t\t\t\t\t\t\t<\/div>\n\t\t<\/div>\n\t\t\t\t\t<\/div>\n\t\t<\/section>\n\t\t\t\t<section class=\"elementor-section elementor-inner-section elementor-element elementor-element-fc581b6 elementor-section-full_width elementor-section-height-default elementor-section-height-default\" data-id=\"fc581b6\" data-element_type=\"section\" data-e-type=\"section\">\n\t\t\t\t\t\t<div class=\"elementor-container elementor-column-gap-default\">\n\t\t\t\t\t<div class=\"elementor-column elementor-col-33 elementor-inner-column elementor-element elementor-element-d055151\" data-id=\"d055151\" data-element_type=\"column\" data-e-type=\"column\">\n\t\t\t<div class=\"elementor-widget-wrap elementor-element-populated\">\n\t\t\t\t\t\t<div class=\"elementor-element elementor-element-a4ce7da elementor-widget elementor-widget-image\" data-id=\"a4ce7da\" data-element_type=\"widget\" data-e-type=\"widget\" data-widget_type=\"image.default\">\n\t\t\t\t<div class=\"elementor-widget-container\">\n\t\t\t\t\t\t\t\t\t\t\t\t\t\t\t\t<a href=\"https:\/\/www.vvsklo.cz\/celosklenene-vyrobky\/\">\n\t\t\t\t\t\t\t<img fetchpriority=\"high\" decoding=\"async\" width=\"430\" height=\"478\" src=\"https:\/\/www.vvsklo.cz\/wp-content\/uploads\/2023\/06\/celosklenene_mobil.jpg\" class=\"attachment-large size-large wp-image-6084\" alt=\"\" srcset=\"https:\/\/www.vvsklo.cz\/wp-content\/uploads\/2023\/06\/celosklenene_mobil.jpg 430w, https:\/\/www.vvsklo.cz\/wp-content\/uploads\/2023\/06\/celosklenene_mobil-270x300.jpg 270w\" sizes=\"(max-width: 430px) 100vw, 430px\" \/>\t\t\t\t\t\t\t\t<\/a>\n\t\t\t\t\t\t\t\t\t\t\t\t\t\t\t<\/div>\n\t\t\t\t<\/div>\n\t\t\t\t<div class=\"elementor-element elementor-element-d77eea5 elementor-widget elementor-widget-text-editor\" data-id=\"d77eea5\" data-element_type=\"widget\" data-e-type=\"widget\" data-widget_type=\"text-editor.default\">\n\t\t\t\t<div class=\"elementor-widget-container\">\n\t\t\t\t\t\t\t\t\t<p>Vzdu\u0161n\u00fd, elegantn\u00ed a nad\u010dasov\u00fd design skla<\/p>\t\t\t\t\t\t\t\t<\/div>\n\t\t\t\t<\/div>\n\t\t\t\t\t<\/div>\n\t\t<\/div>\n\t\t\t\t<div class=\"elementor-column elementor-col-33 elementor-inner-column elementor-element elementor-element-a6ec14e\" data-id=\"a6ec14e\" data-element_type=\"column\" data-e-type=\"column\">\n\t\t\t<div class=\"elementor-widget-wrap elementor-element-populated\">\n\t\t\t\t\t\t<div class=\"elementor-element elementor-element-e6a7495 elementor-widget elementor-widget-image\" data-id=\"e6a7495\" data-element_type=\"widget\" data-e-type=\"widget\" data-widget_type=\"image.default\">\n\t\t\t\t<div class=\"elementor-widget-container\">\n\t\t\t\t\t\t\t\t\t\t\t\t\t\t\t\t<a href=\"https:\/\/www.vvsklo.cz\/technologie\/\">\n\t\t\t\t\t\t\t<img decoding=\"async\" width=\"430\" height=\"478\" src=\"https:\/\/www.vvsklo.cz\/wp-content\/uploads\/2023\/06\/techmologie_mobil.jpg\" class=\"attachment-large size-large wp-image-6086\" alt=\"\" srcset=\"https:\/\/www.vvsklo.cz\/wp-content\/uploads\/2023\/06\/techmologie_mobil.jpg 430w, https:\/\/www.vvsklo.cz\/wp-content\/uploads\/2023\/06\/techmologie_mobil-270x300.jpg 270w\" sizes=\"(max-width: 430px) 100vw, 430px\" \/>\t\t\t\t\t\t\t\t<\/a>\n\t\t\t\t\t\t\t\t\t\t\t\t\t\t\t<\/div>\n\t\t\t\t<\/div>\n\t\t\t\t<div class=\"elementor-element elementor-element-890e4a5 elementor-widget elementor-widget-text-editor\" data-id=\"890e4a5\" data-element_type=\"widget\" data-e-type=\"widget\" data-widget_type=\"text-editor.default\">\n\t\t\t\t<div class=\"elementor-widget-container\">\n\t\t\t\t\t\t\t\t\t<p>Opracov\u00e1n\u00ed skla<\/p>\t\t\t\t\t\t\t\t<\/div>\n\t\t\t\t<\/div>\n\t\t\t\t\t<\/div>\n\t\t<\/div>\n\t\t\t\t<div class=\"elementor-column elementor-col-33 elementor-inner-column elementor-element elementor-element-2a8a840\" data-id=\"2a8a840\" data-element_type=\"column\" data-e-type=\"column\" data-settings=\"{&quot;background_background&quot;:&quot;classic&quot;}\">\n\t\t\t<div class=\"elementor-widget-wrap elementor-element-populated\">\n\t\t\t\t\t\t<div class=\"elementor-element elementor-element-8402a5f elementor-widget elementor-widget-image\" data-id=\"8402a5f\" data-element_type=\"widget\" data-e-type=\"widget\" data-widget_type=\"image.default\">\n\t\t\t\t<div class=\"elementor-widget-container\">\n\t\t\t\t\t\t\t\t\t\t\t\t\t\t\t\t<a href=\"https:\/\/www.vvsklo.cz\/prubeh-realizace-montaz\/\">\n\t\t\t\t\t\t\t<img decoding=\"async\" width=\"430\" height=\"479\" src=\"https:\/\/www.vvsklo.cz\/wp-content\/uploads\/2023\/06\/realizace_mobil.jpg\" class=\"attachment-large size-large wp-image-6085\" alt=\"\" srcset=\"https:\/\/www.vvsklo.cz\/wp-content\/uploads\/2023\/06\/realizace_mobil.jpg 430w, https:\/\/www.vvsklo.cz\/wp-content\/uploads\/2023\/06\/realizace_mobil-269x300.jpg 269w\" sizes=\"(max-width: 430px) 100vw, 430px\" \/>\t\t\t\t\t\t\t\t<\/a>\n\t\t\t\t\t\t\t\t\t\t\t\t\t\t\t<\/div>\n\t\t\t\t<\/div>\n\t\t\t\t<div class=\"elementor-element elementor-element-5e85b23 elementor-widget elementor-widget-text-editor\" data-id=\"5e85b23\" data-element_type=\"widget\" data-e-type=\"widget\" data-widget_type=\"text-editor.default\">\n\t\t\t\t<div class=\"elementor-widget-container\">\n\t\t\t\t\t\t\t\t\tzam\u011b\u0159\u00edme, zkresl\u00edme, vyrob\u00edme, realizujeme\t\t\t\t\t\t\t\t<\/div>\n\t\t\t\t<\/div>\n\t\t\t\t\t<\/div>\n\t\t<\/div>\n\t\t\t\t\t<\/div>\n\t\t<\/section>\n\t\t\t\t<section class=\"elementor-section elementor-inner-section elementor-element elementor-element-391f09f elementor-section-boxed elementor-section-height-default elementor-section-height-default\" data-id=\"391f09f\" data-element_type=\"section\" data-e-type=\"section\">\n\t\t\t\t\t\t<div class=\"elementor-container elementor-column-gap-default\">\n\t\t\t\t\t<div class=\"make-column-clickable-elementor elementor-column elementor-col-100 elementor-inner-column elementor-element elementor-element-48479e8\" style=\"cursor: pointer;\" data-column-clickable=\"https:\/\/skupina.as\/\" data-column-clickable-blank=\"_blank\" data-id=\"48479e8\" data-element_type=\"column\" data-e-type=\"column\" data-settings=\"{&quot;background_background&quot;:&quot;classic&quot;}\">\n\t\t\t<div class=\"elementor-widget-wrap elementor-element-populated\">\n\t\t\t\t\t\t<div class=\"elementor-element elementor-element-de0377e elementor-widget elementor-widget-spacer\" data-id=\"de0377e\" data-element_type=\"widget\" data-e-type=\"widget\" data-widget_type=\"spacer.default\">\n\t\t\t\t<div class=\"elementor-widget-container\">\n\t\t\t\t\t\t\t<div class=\"elementor-spacer\">\n\t\t\t<div class=\"elementor-spacer-inner\"><\/div>\n\t\t<\/div>\n\t\t\t\t\t\t<\/div>\n\t\t\t\t<\/div>\n\t\t\t\t\t<\/div>\n\t\t<\/div>\n\t\t\t\t\t<\/div>\n\t\t<\/section>\n\t\t\t\t<section class=\"elementor-section elementor-inner-section elementor-element elementor-element-9da86e1 elementor-section-boxed elementor-section-height-default elementor-section-height-default\" data-id=\"9da86e1\" data-element_type=\"section\" data-e-type=\"section\">\n\t\t\t\t\t\t<div class=\"elementor-container elementor-column-gap-default\">\n\t\t\t\t\t<div class=\"elementor-column elementor-col-100 elementor-inner-column elementor-element elementor-element-953c54c\" data-id=\"953c54c\" data-element_type=\"column\" data-e-type=\"column\" data-settings=\"{&quot;background_background&quot;:&quot;classic&quot;}\">\n\t\t\t<div class=\"elementor-widget-wrap elementor-element-populated\">\n\t\t\t\t\t\t<div class=\"elementor-element elementor-element-5ddf451c elementor-widget elementor-widget-text-editor\" data-id=\"5ddf451c\" data-element_type=\"widget\" data-e-type=\"widget\" data-widget_type=\"text-editor.default\">\n\t\t\t\t<div class=\"elementor-widget-container\">\n\t\t\t\t\t\t\t\t\t<p>\u00a9 2022 VV SKLO s.r.o. \u2013 Opracov\u00e1n\u00ed skla a celosklen\u011bn\u00e9 interi\u00e9ry.<\/p>\t\t\t\t\t\t\t\t<\/div>\n\t\t\t\t<\/div>\n\t\t\t\t\t<\/div>\n\t\t<\/div>\n\t\t\t\t\t<\/div>\n\t\t<\/section>\n\t\t\t\t\t<\/div>\n\t\t<\/div>\n\t\t\t\t\t<\/div>\n\t\t<\/section>\n\t\t\t\t<section class=\"elementor-section elementor-top-section elementor-element elementor-element-555fc6f elementor-section-full_width elementor-section-height-full elementor-hidden-mobile elementor-section-height-default elementor-section-items-middle\" data-id=\"555fc6f\" data-element_type=\"section\" data-e-type=\"section\">\n\t\t\t\t\t\t<div class=\"elementor-container elementor-column-gap-default\">\n\t\t\t\t\t<div class=\"elementor-column elementor-col-100 elementor-top-column elementor-element elementor-element-0849d50\" data-id=\"0849d50\" data-element_type=\"column\" data-e-type=\"column\">\n\t\t\t<div class=\"elementor-widget-wrap elementor-element-populated\">\n\t\t\t\t\t\t<section class=\"elementor-section elementor-inner-section elementor-element elementor-element-99444b8 elementor-section-full_width elementor-section-height-default elementor-section-height-default\" data-id=\"99444b8\" data-element_type=\"section\" data-e-type=\"section\">\n\t\t\t\t\t\t<div class=\"elementor-container elementor-column-gap-default\">\n\t\t\t\t\t<div class=\"elementor-column elementor-col-50 elementor-inner-column elementor-element elementor-element-77e197c\" data-id=\"77e197c\" data-element_type=\"column\" data-e-type=\"column\" data-settings=\"{&quot;background_background&quot;:&quot;classic&quot;}\">\n\t\t\t<div class=\"elementor-widget-wrap elementor-element-populated\">\n\t\t\t\t\t\t<div class=\"elementor-element elementor-element-d2b6ec7 elementor-widget elementor-widget-heading\" data-id=\"d2b6ec7\" data-element_type=\"widget\" data-e-type=\"widget\" data-widget_type=\"heading.default\">\n\t\t\t\t<div class=\"elementor-widget-container\">\n\t\t\t\t\t<h1 class=\"elementor-heading-title elementor-size-default\">Celosklen\u011bn\u00e9\nv\u00fdrobky<\/h1>\t\t\t\t<\/div>\n\t\t\t\t<\/div>\n\t\t\t\t<div class=\"elementor-element elementor-element-e4c0388 elementor-widget elementor-widget-spacer\" data-id=\"e4c0388\" data-element_type=\"widget\" data-e-type=\"widget\" data-widget_type=\"spacer.default\">\n\t\t\t\t<div class=\"elementor-widget-container\">\n\t\t\t\t\t\t\t<div class=\"elementor-spacer\">\n\t\t\t<div class=\"elementor-spacer-inner\"><\/div>\n\t\t<\/div>\n\t\t\t\t\t\t<\/div>\n\t\t\t\t<\/div>\n\t\t\t\t<div class=\"elementor-element elementor-element-04cf606 elementor-widget elementor-widget-text-editor\" data-id=\"04cf606\" data-element_type=\"widget\" data-e-type=\"widget\" data-widget_type=\"text-editor.default\">\n\t\t\t\t<div class=\"elementor-widget-container\">\n\t\t\t\t\t\t\t\t\t<p>Profesion\u00e1ln\u00ed zpracov\u00e1n\u00ed d\u00edky<br \/>jedine\u010dn\u00fdm technologi\u00edm<\/p>\t\t\t\t\t\t\t\t<\/div>\n\t\t\t\t<\/div>\n\t\t\t\t\t<\/div>\n\t\t<\/div>\n\t\t\t\t<div class=\"elementor-column elementor-col-50 elementor-inner-column elementor-element elementor-element-939d42e\" data-id=\"939d42e\" data-element_type=\"column\" data-e-type=\"column\" data-settings=\"{&quot;background_background&quot;:&quot;classic&quot;}\">\n\t\t\t<div class=\"elementor-widget-wrap elementor-element-populated\">\n\t\t\t\t\t\t<div class=\"elementor-element elementor-element-0390872 elementor-widget__width-initial elementor-absolute elementor-widget elementor-widget-image\" data-id=\"0390872\" data-element_type=\"widget\" data-e-type=\"widget\" data-settings=\"{&quot;_position&quot;:&quot;absolute&quot;}\" data-widget_type=\"image.default\">\n\t\t\t\t<div class=\"elementor-widget-container\">\n\t\t\t\t\t\t\t\t\t\t\t\t\t\t\t<img loading=\"lazy\" decoding=\"async\" width=\"767\" height=\"872\" src=\"https:\/\/www.vvsklo.cz\/wp-content\/uploads\/2022\/06\/celosklenene_home.png\" class=\"attachment-large size-large wp-image-2237\" alt=\"\" srcset=\"https:\/\/www.vvsklo.cz\/wp-content\/uploads\/2022\/06\/celosklenene_home.png 767w, https:\/\/www.vvsklo.cz\/wp-content\/uploads\/2022\/06\/celosklenene_home-264x300.png 264w\" sizes=\"(max-width: 767px) 100vw, 767px\" \/>\t\t\t\t\t\t\t\t\t\t\t\t\t\t\t<\/div>\n\t\t\t\t<\/div>\n\t\t\t\t<div class=\"elementor-element elementor-element-06426b2 elementor-widget__width-initial elementor-absolute elementor-widget elementor-widget-image\" data-id=\"06426b2\" data-element_type=\"widget\" data-e-type=\"widget\" data-settings=\"{&quot;_position&quot;:&quot;absolute&quot;}\" data-widget_type=\"image.default\">\n\t\t\t\t<div class=\"elementor-widget-container\">\n\t\t\t\t\t\t\t\t\t\t\t\t\t\t\t<img loading=\"lazy\" decoding=\"async\" width=\"767\" height=\"872\" src=\"https:\/\/www.vvsklo.cz\/wp-content\/uploads\/2023\/04\/technologie_home2.png\" class=\"attachment-large size-large wp-image-5318\" alt=\"\" srcset=\"https:\/\/www.vvsklo.cz\/wp-content\/uploads\/2023\/04\/technologie_home2.png 767w, https:\/\/www.vvsklo.cz\/wp-content\/uploads\/2023\/04\/technologie_home2-264x300.png 264w\" sizes=\"(max-width: 767px) 100vw, 767px\" \/>\t\t\t\t\t\t\t\t\t\t\t\t\t\t\t<\/div>\n\t\t\t\t<\/div>\n\t\t\t\t<div class=\"elementor-element elementor-element-1f54903 elementor-widget__width-initial elementor-absolute elementor-widget elementor-widget-image\" data-id=\"1f54903\" data-element_type=\"widget\" data-e-type=\"widget\" data-settings=\"{&quot;_position&quot;:&quot;absolute&quot;}\" data-widget_type=\"image.default\">\n\t\t\t\t<div class=\"elementor-widget-container\">\n\t\t\t\t\t\t\t\t\t\t\t\t\t\t\t<img loading=\"lazy\" decoding=\"async\" width=\"767\" height=\"872\" src=\"https:\/\/www.vvsklo.cz\/wp-content\/uploads\/2023\/04\/montaz-home.png\" class=\"attachment-large size-large wp-image-5320\" alt=\"\" srcset=\"https:\/\/www.vvsklo.cz\/wp-content\/uploads\/2023\/04\/montaz-home.png 767w, https:\/\/www.vvsklo.cz\/wp-content\/uploads\/2023\/04\/montaz-home-264x300.png 264w\" sizes=\"(max-width: 767px) 100vw, 767px\" \/>\t\t\t\t\t\t\t\t\t\t\t\t\t\t\t<\/div>\n\t\t\t\t<\/div>\n\t\t\t\t\t<\/div>\n\t\t<\/div>\n\t\t\t\t\t<\/div>\n\t\t<\/section>\n\t\t\t\t<section class=\"elementor-section elementor-inner-section elementor-element elementor-element-691598e elementor-section-full_width elementor-section-height-default elementor-section-height-default\" data-id=\"691598e\" data-element_type=\"section\" data-e-type=\"section\">\n\t\t\t\t\t\t<div class=\"elementor-container elementor-column-gap-default\">\n\t\t\t\t\t<div class=\"elementor-column elementor-col-25 elementor-inner-column elementor-element elementor-element-23996aa\" data-id=\"23996aa\" data-element_type=\"column\" data-e-type=\"column\">\n\t\t\t<div class=\"elementor-widget-wrap\">\n\t\t\t\t\t\t\t<\/div>\n\t\t<\/div>\n\t\t\t\t<div class=\"elementor-column elementor-col-25 elementor-inner-column elementor-element elementor-element-dd720d2\" data-id=\"dd720d2\" data-element_type=\"column\" data-e-type=\"column\">\n\t\t\t<div class=\"elementor-widget-wrap elementor-element-populated\">\n\t\t\t\t\t\t<div class=\"elementor-element elementor-element-a54e52a elementor-widget elementor-widget-text-editor\" data-id=\"a54e52a\" data-element_type=\"widget\" data-e-type=\"widget\" data-widget_type=\"text-editor.default\">\n\t\t\t\t<div class=\"elementor-widget-container\">\n\t\t\t\t\t\t\t\t\t<p>Vzdu\u0161n\u00fd, elegantn\u00ed a nad\u010dasov\u00fd design skla<\/p>\t\t\t\t\t\t\t\t<\/div>\n\t\t\t\t<\/div>\n\t\t\t\t\t<\/div>\n\t\t<\/div>\n\t\t\t\t<div class=\"elementor-column elementor-col-25 elementor-inner-column elementor-element elementor-element-8bfb9e0\" data-id=\"8bfb9e0\" data-element_type=\"column\" data-e-type=\"column\">\n\t\t\t<div class=\"elementor-widget-wrap elementor-element-populated\">\n\t\t\t\t\t\t<div class=\"elementor-element elementor-element-d0e3a8a elementor-widget elementor-widget-text-editor\" data-id=\"d0e3a8a\" data-element_type=\"widget\" data-e-type=\"widget\" data-widget_type=\"text-editor.default\">\n\t\t\t\t<div class=\"elementor-widget-container\">\n\t\t\t\t\t\t\t\t\t<p>Opracov\u00e1n\u00ed skla<\/p>\t\t\t\t\t\t\t\t<\/div>\n\t\t\t\t<\/div>\n\t\t\t\t\t<\/div>\n\t\t<\/div>\n\t\t\t\t<div class=\"elementor-column elementor-col-25 elementor-inner-column elementor-element elementor-element-cdb5502\" data-id=\"cdb5502\" data-element_type=\"column\" data-e-type=\"column\" data-settings=\"{&quot;background_background&quot;:&quot;classic&quot;}\">\n\t\t\t<div class=\"elementor-widget-wrap elementor-element-populated\">\n\t\t\t\t\t\t<div class=\"elementor-element elementor-element-0ceab31 elementor-widget elementor-widget-text-editor\" data-id=\"0ceab31\" data-element_type=\"widget\" data-e-type=\"widget\" data-widget_type=\"text-editor.default\">\n\t\t\t\t<div class=\"elementor-widget-container\">\n\t\t\t\t\t\t\t\t\t<p>ZAM\u011a\u0158EN\u00cd, ZKRESLEN\u00cd, V\u00ddROBA, REALIZACE<\/p>\t\t\t\t\t\t\t\t<\/div>\n\t\t\t\t<\/div>\n\t\t\t\t\t<\/div>\n\t\t<\/div>\n\t\t\t\t\t<\/div>\n\t\t<\/section>\n\t\t\t\t<section class=\"elementor-section elementor-inner-section elementor-element elementor-element-afe97dd elementor-section-boxed elementor-section-height-default elementor-section-height-default\" data-id=\"afe97dd\" data-element_type=\"section\" data-e-type=\"section\">\n\t\t\t\t\t\t<div class=\"elementor-container elementor-column-gap-default\">\n\t\t\t\t\t<div class=\"make-column-clickable-elementor elementor-column elementor-col-100 elementor-inner-column elementor-element elementor-element-b826663\" style=\"cursor: pointer;\" data-column-clickable=\"https:\/\/skupina.as\/\" data-column-clickable-blank=\"_blank\" data-id=\"b826663\" data-element_type=\"column\" data-e-type=\"column\" data-settings=\"{&quot;background_background&quot;:&quot;classic&quot;}\">\n\t\t\t<div class=\"elementor-widget-wrap elementor-element-populated\">\n\t\t\t\t\t\t<div class=\"elementor-element elementor-element-f9a979d elementor-widget elementor-widget-spacer\" data-id=\"f9a979d\" data-element_type=\"widget\" data-e-type=\"widget\" data-widget_type=\"spacer.default\">\n\t\t\t\t<div class=\"elementor-widget-container\">\n\t\t\t\t\t\t\t<div class=\"elementor-spacer\">\n\t\t\t<div class=\"elementor-spacer-inner\"><\/div>\n\t\t<\/div>\n\t\t\t\t\t\t<\/div>\n\t\t\t\t<\/div>\n\t\t\t\t\t<\/div>\n\t\t<\/div>\n\t\t\t\t\t<\/div>\n\t\t<\/section>\n\t\t\t\t<section class=\"elementor-section elementor-inner-section elementor-element elementor-element-6c67845 elementor-section-boxed elementor-section-height-default elementor-section-height-default\" data-id=\"6c67845\" data-element_type=\"section\" data-e-type=\"section\">\n\t\t\t\t\t\t<div class=\"elementor-container elementor-column-gap-default\">\n\t\t\t\t\t<div class=\"elementor-column elementor-col-100 elementor-inner-column elementor-element elementor-element-59d20b9\" data-id=\"59d20b9\" data-element_type=\"column\" data-e-type=\"column\" data-settings=\"{&quot;background_background&quot;:&quot;classic&quot;}\">\n\t\t\t<div class=\"elementor-widget-wrap elementor-element-populated\">\n\t\t\t\t\t\t<div class=\"elementor-element elementor-element-34bed00 elementor-widget elementor-widget-text-editor\" data-id=\"34bed00\" data-element_type=\"widget\" data-e-type=\"widget\" data-widget_type=\"text-editor.default\">\n\t\t\t\t<div class=\"elementor-widget-container\">\n\t\t\t\t\t\t\t\t\t<p>\u00a9 2022 VV SKLO s.r.o. \u2013 Opracov\u00e1n\u00ed skla a celosklen\u011bn\u00e9 interi\u00e9ry.<\/p>\t\t\t\t\t\t\t\t<\/div>\n\t\t\t\t<\/div>\n\t\t\t\t\t<\/div>\n\t\t<\/div>\n\t\t\t\t\t<\/div>\n\t\t<\/section>\n\t\t\t\t\t<\/div>\n\t\t<\/div>\n\t\t\t\t\t<\/div>\n\t\t<\/section>\n\t\t\t\t<\/div>\n\t\t","protected":false},"excerpt":{"rendered":"<p>Celosklen\u011bn\u00e9 v\u00fdrobky Profesion\u00e1ln\u00ed zpracov\u00e1n\u00ed d\u00edkyjedine\u010dn\u00fdm technologi\u00edm Celosklen\u011bn\u00e9 v\u00fdrobky Vzdu\u0161n\u00fd, elegantn\u00ed a nad\u010dasov\u00fd design skla Technologie Opracov\u00e1n\u00ed skla Pr\u016fb\u011bh realizace zam\u011b\u0159\u00edme, zkresl\u00edme, vyrob\u00edme, realizujeme \u00a9 2022 VV SKLO s.r.o. \u2013 Opracov\u00e1n\u00ed skla a celosklen\u011bn\u00e9 interi\u00e9ry. Celosklen\u011bn\u00e9 v\u00fdrobky Profesion\u00e1ln\u00ed zpracov\u00e1n\u00ed d\u00edkyjedine\u010dn\u00fdm technologi\u00edm Celosklen\u011bn\u00e9 v\u00fdrobky Vzdu\u0161n\u00fd, elegantn\u00ed a nad\u010dasov\u00fd design skla Technologie Opracov\u00e1n\u00ed skla Pr\u016fb\u011bh realizace ZAM\u011a\u0158EN\u00cd, ZKRESLEN\u00cd, [&hellip;]<\/p>\n","protected":false},"author":1,"featured_media":0,"parent":0,"menu_order":0,"comment_status":"closed","ping_status":"closed","template":"elementor_header_footer","meta":{"_acf_changed":false,"footnotes":""},"class_list":["post-7","page","type-page","status-publish","hentry"],"acf":[],"_links":{"self":[{"href":"https:\/\/www.vvsklo.cz\/wp-json\/wp\/v2\/pages\/7","targetHints":{"allow":["GET"]}}],"collection":[{"href":"https:\/\/www.vvsklo.cz\/wp-json\/wp\/v2\/pages"}],"about":[{"href":"https:\/\/www.vvsklo.cz\/wp-json\/wp\/v2\/types\/page"}],"author":[{"embeddable":true,"href":"https:\/\/www.vvsklo.cz\/wp-json\/wp\/v2\/users\/1"}],"replies":[{"embeddable":true,"href":"https:\/\/www.vvsklo.cz\/wp-json\/wp\/v2\/comments?post=7"}],"version-history":[{"count":610,"href":"https:\/\/www.vvsklo.cz\/wp-json\/wp\/v2\/pages\/7\/revisions"}],"predecessor-version":[{"id":6885,"href":"https:\/\/www.vvsklo.cz\/wp-json\/wp\/v2\/pages\/7\/revisions\/6885"}],"wp:attachment":[{"href":"https:\/\/www.vvsklo.cz\/wp-json\/wp\/v2\/media?parent=7"}],"curies":[{"name":"wp","href":"https:\/\/api.w.org\/{rel}","templated":true}]}}