{"id":16,"date":"2020-02-21T16:32:52","date_gmt":"2020-02-21T16:32:52","guid":{"rendered":"https:\/\/zeltbern.ch\/?page_id=16"},"modified":"2025-01-21T21:12:31","modified_gmt":"2025-01-21T21:12:31","slug":"start","status":"publish","type":"page","link":"https:\/\/zeltbern.ch\/","title":{"rendered":"Start"},"content":{"rendered":"<p>[et_pb_section fb_built=&#8220;1&#8243; next_background_color=&#8220;#ffffff&#8220; admin_label=&#8220;Hero&#8220; _builder_version=&#8220;4.10.4&#8243; use_background_color_gradient=&#8220;on&#8220; background_color_gradient_start=&#8220;#ffd200&#8243; background_color_gradient_end=&#8220;rgba(255,210,0,0)&#8220; background_color_gradient_direction=&#8220;70deg&#8220; background_color_gradient_start_position=&#8220;8%&#8220; background_color_gradient_end_position=&#8220;75%&#8220; background_color_gradient_overlays_image=&#8220;on&#8220; background_image=&#8220;https:\/\/zeltbern.ch\/wp-content\/uploads\/2024\/07\/Bundesplatz.jpeg&#8220; custom_margin=&#8220;|||&#8220; custom_padding=&#8220;6vw||8vw||false|false&#8220; bottom_divider_style=&#8220;slant2&#8243; bottom_divider_height=&#8220;12vw&#8220; bottom_divider_flip=&#8220;vertical&#8220; collapsed=&#8220;off&#8220; global_colors_info=&#8220;{}&#8220;][et_pb_row module_class=&#8220;btn-inline&#8220; _builder_version=&#8220;4.2.1&#8243; custom_margin=&#8220;|||&#8220; custom_padding=&#8220;27px|0px|0|0px|false|false&#8220; collapsed=&#8220;off&#8220; global_colors_info=&#8220;{}&#8220;][et_pb_column type=&#8220;4_4&#8243; _builder_version=&#8220;3.25&#8243; custom_padding=&#8220;|||&#8220; global_colors_info=&#8220;{}&#8220; custom_padding__hover=&#8220;|||&#8220;][et_pb_text admin_label=&#8220;Text&#8220; _builder_version=&#8220;4.10.4&#8243; header_font=&#8220;Dosis|700|||||||&#8220; header_text_color=&#8220;#000000&#8243; header_font_size=&#8220;81px&#8220; header_2_font=&#8220;|700|||||||&#8220; header_2_text_color=&#8220;#000000&#8243; header_2_font_size=&#8220;24px&#8220; custom_margin=&#8220;||4px|||&#8220; custom_padding=&#8220;||0px|||&#8220; header_font_size_tablet=&#8220;51px&#8220; header_font_size_phone=&#8220;34px&#8220; header_font_size_last_edited=&#8220;on|desktop&#8220; header_2_font_size_tablet=&#8220;19px&#8220; header_2_font_size_phone=&#8220;14px&#8220; header_2_font_size_last_edited=&#8220;on|phone&#8220; header_text_shadow_style=&#8220;preset3&#8243; header_text_shadow_color=&#8220;#ffd200&#8243; header_2_text_shadow_style=&#8220;preset3&#8243; header_2_text_shadow_blur_strength=&#8220;0.46em&#8220; header_2_text_shadow_color=&#8220;RGBA(0,0,0,0)&#8220; global_colors_info=&#8220;{}&#8220; header_2_text_shadow_horizontal_length__hover_enabled=&#8220;on|desktop&#8220;]<\/p>\n<h2>Zelte und Mobiliar: Vermietung &amp; Verkauf<\/h2>\n<p>[\/et_pb_text][et_pb_button button_url=&#8220;https:\/\/zeltbern.ch\/produkte&#8220; button_text=&#8220;Unsere Festzelte&#8220; disabled_on=&#8220;on|off|off&#8220; _builder_version=&#8220;4.3.3&#8243; custom_button=&#8220;on&#8220; button_text_color=&#8220;#ffffff&#8220; button_bg_color=&#8220;#000000&#8243; custom_margin=&#8220;5px||||false|false&#8220; box_shadow_style=&#8220;preset2&#8243; box_shadow_color=&#8220;rgba(0,16,54,0.3)&#8220; global_colors_info=&#8220;{}&#8220; button_bg_color__hover_enabled=&#8220;on|hover&#8220; button_bg_color__hover=&#8220;rgba(0,0,0,0.64)&#8220; button_bg_enable_color__hover=&#8220;on&#8220; button_text_color__hover_enabled=&#8220;on|hover&#8220; button_text_color__hover=&#8220;#ffffff&#8220;][\/et_pb_button][et_pb_button button_url=&#8220;https:\/\/zeltbern.ch\/kontakt\/#offerte&#8220; button_text=&#8220;Offerte anfragen&#8220; disabled_on=&#8220;on|off|off&#8220; _builder_version=&#8220;4.3.3&#8243; custom_button=&#8220;on&#8220; button_text_color=&#8220;#ffffff&#8220; button_bg_color=&#8220;#000000&#8243; custom_margin=&#8220;5px||||false|false&#8220; box_shadow_style=&#8220;preset2&#8243; box_shadow_color=&#8220;rgba(0,16,54,0.3)&#8220; global_colors_info=&#8220;{}&#8220; button_bg_color__hover_enabled=&#8220;on|hover&#8220; button_bg_color__hover=&#8220;rgba(0,0,0,0.64)&#8220; button_bg_enable_color__hover=&#8220;on&#8220; button_text_color__hover_enabled=&#8220;on|hover&#8220; button_text_color__hover=&#8220;#ffffff&#8220;][\/et_pb_button][et_pb_button button_url=&#8220;https:\/\/zeltbern.ch\/kontakt\/&#8220; button_text=&#8220;Kontakt&#8220; disabled_on=&#8220;on|off|off&#8220; _builder_version=&#8220;4.3.3&#8243; custom_button=&#8220;on&#8220; button_text_color=&#8220;#ffffff&#8220; button_bg_color=&#8220;#000000&#8243; custom_margin=&#8220;5px||||false|false&#8220; box_shadow_style=&#8220;preset2&#8243; box_shadow_color=&#8220;rgba(0,16,54,0.3)&#8220; global_colors_info=&#8220;{}&#8220; button_bg_color__hover_enabled=&#8220;on|hover&#8220; button_bg_color__hover=&#8220;rgba(0,0,0,0.64)&#8220; button_bg_enable_color__hover=&#8220;on&#8220; button_text_color__hover_enabled=&#8220;on|hover&#8220; button_text_color__hover=&#8220;#ffffff&#8220;][\/et_pb_button][\/et_pb_column][\/et_pb_row][\/et_pb_section][et_pb_section fb_built=&#8220;1&#8243; custom_padding_last_edited=&#8220;on|phone&#8220; admin_label=&#8220;About Us&#8220; _builder_version=&#8220;4.2.1&#8243; custom_padding=&#8220;||0px|||&#8220; custom_padding_tablet=&#8220;14px||||false|false&#8220; custom_padding_phone=&#8220;2px||||false|false&#8220; global_colors_info=&#8220;{}&#8220;][et_pb_row column_structure=&#8220;3_5,2_5&#8243; use_custom_gutter=&#8220;on&#8220; gutter_width=&#8220;2&#8243; admin_label=&#8220;Content area&#8220; _builder_version=&#8220;4.2.1&#8243; max_width=&#8220;1280px&#8220; custom_padding=&#8220;||0px|||&#8220; animation_direction=&#8220;left&#8220; use_custom_width=&#8220;on&#8220; custom_width_px=&#8220;1280px&#8220; global_colors_info=&#8220;{}&#8220;][et_pb_column type=&#8220;3_5&#8243; _builder_version=&#8220;4.2.1&#8243; custom_padding_tablet=&#8220;&#8220; custom_padding_phone=&#8220;0%|||&#8220; custom_padding_last_edited=&#8220;on|desktop&#8220; global_colors_info=&#8220;{}&#8220; padding_phone=&#8220;0%|||&#8220; padding_last_edited=&#8220;on|desktop&#8220; custom_padding__hover=&#8220;|||&#8220; custom_padding__hover_enabled=&#8220;on|desktop&#8220;][et_pb_text _builder_version=&#8220;4.10.4&#8243; text_font=&#8220;||||||||&#8220; header_font=&#8220;||||||||&#8220; header_2_font=&#8220;|700|||||||&#8220; header_2_text_color=&#8220;#df291f&#8220; header_2_font_size=&#8220;48px&#8220; header_2_line_height=&#8220;1.5em&#8220; header_3_font=&#8220;|700||on|||||&#8220; header_3_text_color=&#8220;rgba(43,51,68,0.2)&#8220; header_4_font=&#8220;|700|||||||&#8220; header_4_text_color=&#8220;#df291f&#8220; header_4_font_size=&#8220;22px&#8220; header_4_line_height=&#8220;1.4em&#8220; max_width=&#8220;700px&#8220; custom_margin=&#8220;|||&#8220; custom_padding=&#8220;||0px|||&#8220; hover_enabled=&#8220;0&#8243; header_2_font_size_tablet=&#8220;&#8220; header_2_font_size_phone=&#8220;24px&#8220; header_2_font_size_last_edited=&#8220;on|phone&#8220; locked=&#8220;off&#8220; global_colors_info=&#8220;{}&#8220; sticky_enabled=&#8220;0&#8243;]<\/p>\n<h4>Zelte, Bestuhlung, Kochger\u00e4te, Heizungen und Zubeh\u00f6r<\/h4>\n<p>Sie sind auf der Suche nach einem Festzelt, Lagerzelt, Baustellenzelt oder nach Festmobiliar wie zum Beispiel Festbankgarnituren, Bankettbestuhlung, Holzboden, Kochger\u00e4te, Soundanlagen oder Beleuchtungen f\u00fcr Ihren Event? Wir bieten einen zuverl\u00e4ssigen und unkomplizierten Service, um Ihren Bedarf optimal zu unterst\u00fctzen.<\/p>\n<p>Als lokaler Partner mit einer breiten Palette organisieren wir f\u00fcr Sie auch den gesamten Event. Wir montieren Zelte und Mobiliar selbst\u00e4ndig vor Ort oder instruieren Ihre Helfer. Wir liefern Ihnen die Stehtische und Barhocker f\u00fcr Ihren Ap\u00e9ro oder auch Geschirr, Besteck und Tischt\u00fccher f\u00fcr Ihren Tisch, alles sauber gewaschen und handpoliert. Planen Sie einen Unternehmensanlass? Unsere Festhallen eignen sich auch f\u00fcr bis zu 1000 Personen oder mehr. Nat\u00fcrlich k\u00fcmmern wir uns auch um B\u00fchnen, Buffets, mobile Heizungen und weiteres Zubeh\u00f6r im Festzelt.<\/p>\n<p>Ebenso verf\u00fcgen wir \u00fcber Lagerzelte und Baustellenzelte aller Gr\u00f6ssen und beheizen diese umweltfreundlich und je nach Bedarf. Unsere nachhaltigen Heizungen, die mit M99 Methanol-Brennstoff arbeiten, k\u00f6nnen auch zur Geb\u00e4udeheizung oder Geb\u00e4udetrocknung eingesetzt werden. F\u00fcr langfristige Bedarfe ist es auch m\u00f6glich, unsere Zelte und Einrichtungen zu kaufen.<\/p>\n<p>Sehen Sie in unserer Bildergalerie Impressionen \u00fcber einzigartige Anl\u00e4sse und Bedarfe, die wir f\u00fcr unseren Kunden &#8211; an den sch\u00f6nsten Pl\u00e4tzen &#8211; bereits verwirklichen durften. Kontaktieren Sie uns f\u00fcr eine unverbindliche Offerte oder erarbeiten Sie mit uns gemeinsam die Details f\u00fcr Ihren Bedarf.<\/p>\n<p>[\/et_pb_text][\/et_pb_column][et_pb_column type=&#8220;2_5&#8243; _builder_version=&#8220;4.2.1&#8243; global_colors_info=&#8220;{}&#8220; custom_padding__hover=&#8220;|||&#8220;][et_pb_image src=&#8220;https:\/\/zeltbern.ch\/wp-content\/uploads\/2020\/02\/zeltbern_30.jpg&#8220; show_in_lightbox=&#8220;on&#8220; force_fullwidth=&#8220;on&#8220; align_tablet=&#8220;center&#8220; align_phone=&#8220;&#8220; align_last_edited=&#8220;on|desktop&#8220; disabled_on=&#8220;on|off|off&#8220; _builder_version=&#8220;4.3.3&#8243; custom_margin=&#8220;||12%|&#8220; animation_direction=&#8220;left&#8220; box_shadow_style=&#8220;preset2&#8243; box_shadow_color=&#8220;rgba(0,16,54,0.3)&#8220; locked=&#8220;off&#8220; global_colors_info=&#8220;{}&#8220;][\/et_pb_image][\/et_pb_column][\/et_pb_row][\/et_pb_section][et_pb_section fb_built=&#8220;1&#8243; custom_padding_last_edited=&#8220;on|phone&#8220; prev_background_color=&#8220;#ffffff&#8220; module_id=&#8220;blog&#8220; _builder_version=&#8220;4.3.3&#8243; background_color=&#8220;#eaeaea&#8220; custom_margin_tablet=&#8220;&#8220; custom_margin_phone=&#8220;-37px||||false|false&#8220; custom_margin_last_edited=&#8220;on|desktop&#8220; custom_padding=&#8220;9vw||1vw||false|false&#8220; custom_padding_tablet=&#8220;&#8220; custom_padding_phone=&#8220;9vw||||false|false&#8220; top_divider_style=&#8220;slant2&#8243; top_divider_height=&#8220;12vw&#8220; top_divider_repeat=&#8220;0.7x&#8220; top_divider_flip=&#8220;horizontal&#8220; global_colors_info=&#8220;{}&#8220;][et_pb_row _builder_version=&#8220;4.2.1&#8243; global_colors_info=&#8220;{}&#8220;][et_pb_column type=&#8220;4_4&#8243; _builder_version=&#8220;4.2.1&#8243; global_colors_info=&#8220;{}&#8220;][et_pb_blog fullwidth=&#8220;off&#8220; posts_number=&#8220;3&#8243; include_categories=&#8220;all&#8220; use_manual_excerpt=&#8220;off&#8220; show_more=&#8220;on&#8220; show_author=&#8220;off&#8220; show_date=&#8220;off&#8220; show_categories=&#8220;off&#8220; show_pagination=&#8220;off&#8220; use_overlay=&#8220;on&#8220; overlay_icon_color=&#8220;#ffffff&#8220; hover_overlay_color=&#8220;rgba(223,41,31,0.53)&#8220; hover_icon=&#8220;%%200%%&#8220; _builder_version=&#8220;4.10.4&#8243; header_font=&#8220;|700|||||||&#8220; header_text_color=&#8220;#df291f&#8220; header_line_height=&#8220;1.3em&#8220; body_text_color=&#8220;#001036&#8243; read_more_font=&#8220;|700|||||||&#8220; read_more_text_color=&#8220;#ffd200&#8243; read_more_line_height=&#8220;2.5em&#8220; border_width_all=&#8220;0px&#8220; box_shadow_style=&#8220;preset2&#8243; box_shadow_color=&#8220;rgba(0,16,54,0.3)&#8220; global_colors_info=&#8220;{}&#8220;][\/et_pb_blog][\/et_pb_column][\/et_pb_row][\/et_pb_section][et_pb_section fb_built=&#8220;1&#8243; admin_label=&#8220;Call To Action&#8220; _builder_version=&#8220;4.3.3&#8243; use_background_color_gradient=&#8220;on&#8220; background_color_gradient_start=&#8220;#df291f&#8220; background_color_gradient_end=&#8220;rgba(223,41,31,0)&#8220; background_color_gradient_direction=&#8220;70deg&#8220; background_color_gradient_start_position=&#8220;23%&#8220; background_color_gradient_end_position=&#8220;73%&#8220; background_color_gradient_overlays_image=&#8220;on&#8220; background_image=&#8220;https:\/\/zeltbern.ch\/wp-content\/uploads\/2020\/02\/zeltbern_46.jpg&#8220; custom_margin=&#8220;|||&#8220; custom_padding=&#8220;10vw||6vw||false|false&#8220; top_divider_style=&#8220;slant&#8220; top_divider_color=&#8220;#eaeaea&#8220; top_divider_height=&#8220;12vw&#8220; top_divider_repeat_tablet=&#8220;&#8220; top_divider_repeat_phone=&#8220;&#8220; top_divider_repeat_last_edited=&#8220;on|desktop&#8220; bottom_divider_height=&#8220;14%&#8220; bottom_divider_repeat=&#8220;0.5x&#8220; bottom_divider_flip=&#8220;horizontal&#8220; locked=&#8220;off&#8220; global_colors_info=&#8220;{}&#8220;][et_pb_row module_class=&#8220;btn-inline&#8220; _builder_version=&#8220;4.2.1&#8243; custom_margin=&#8220;|||&#8220; custom_padding=&#8220;27px|0px|0|0px|false|false&#8220; global_colors_info=&#8220;{}&#8220;][et_pb_column type=&#8220;4_4&#8243; _builder_version=&#8220;3.25&#8243; custom_padding=&#8220;|||&#8220; global_colors_info=&#8220;{}&#8220; custom_padding__hover=&#8220;|||&#8220;][et_pb_text _builder_version=&#8220;4.3.3&#8243; header_font=&#8220;Dosis|700|||||||&#8220; header_3_font=&#8220;Dosis|700|||||||&#8220; header_3_text_color=&#8220;#ffffff&#8220; header_4_font=&#8220;|700|||||||&#8220; header_4_text_color=&#8220;#ffffff&#8220; custom_margin=&#8220;||-2px|||&#8220; global_colors_info=&#8220;{}&#8220;]<\/p>\n<h3>ZELT BERN<\/h3>\n<p>[\/et_pb_text][et_pb_button button_url=&#8220;&#x6d;&#x61;&#105;&#108;&#116;o&#x3a;&#x69;&#x6e;&#102;&#111;&#64;z&#x65;&#x6c;&#x74;&#98;&#101;r&#x6e;&#x2e;&#x63;&#104;&#8220; button_text=&#8220;&#105;n&#x66;o&#x40;z&#x65;l&#x74;&#98;&#x65;&#114;&#x6e;&#46;&#x63;&#104;&#8220; _builder_version=&#8220;4.3.3&#8243; custom_button=&#8220;on&#8220; button_text_color=&#8220;#000000&#8243; button_bg_color=&#8220;#ffffff&#8220; button_icon=&#8220;%%238%%&#8220; button_icon_placement=&#8220;left&#8220; button_on_hover=&#8220;off&#8220; custom_margin=&#8220;10px||||false|false&#8220; custom_padding=&#8220;|||30px|false|false&#8220; box_shadow_style=&#8220;preset2&#8243; box_shadow_color=&#8220;rgba(0,0,0,0.34)&#8220; global_colors_info=&#8220;{}&#8220; button_bg_color__hover_enabled=&#8220;on|hover&#8220; button_bg_color__hover=&#8220;rgba(255,255,255,0.65)&#8220; button_bg_enable_color__hover=&#8220;on&#8220; button_text_color__hover_enabled=&#8220;on|hover&#8220; button_text_color__hover=&#8220;#000000&#8243;][\/et_pb_button][et_pb_button button_url=&#8220;tel:0041794068441&#8243; button_text=&#8220;+41 79 406 84 41&#8243; _builder_version=&#8220;4.3.3&#8243; custom_button=&#8220;on&#8220; button_text_color=&#8220;#000000&#8243; button_bg_color=&#8220;#ffffff&#8220; button_icon=&#8220;%%264%%&#8220; button_icon_placement=&#8220;left&#8220; button_on_hover=&#8220;off&#8220; custom_margin=&#8220;10px||||false|false&#8220; custom_padding=&#8220;|||30px|false|false&#8220; box_shadow_style=&#8220;preset2&#8243; box_shadow_color=&#8220;rgba(0,0,0,0.34)&#8220; global_colors_info=&#8220;{}&#8220; button_bg_color__hover_enabled=&#8220;on|hover&#8220; button_bg_color__hover=&#8220;rgba(255,255,255,0.65)&#8220; button_bg_enable_color__hover=&#8220;on&#8220; button_text_color__hover_enabled=&#8220;on|hover&#8220; button_text_color__hover=&#8220;#000000&#8243;][\/et_pb_button][et_pb_button button_url=&#8220;https:\/\/zeltbern.ch\/kontakt\/#offerte&#8220; button_text=&#8220;Offerte anfragen&#8220; _builder_version=&#8220;4.3.3&#8243; custom_button=&#8220;on&#8220; button_text_color=&#8220;#000000&#8243; button_bg_color=&#8220;#ffffff&#8220; button_icon=&#8220;%%72%%&#8220; button_icon_placement=&#8220;left&#8220; button_on_hover=&#8220;off&#8220; custom_margin=&#8220;10px||||false|false&#8220; custom_padding=&#8220;|||30px|false|false&#8220; box_shadow_style=&#8220;preset2&#8243; box_shadow_color=&#8220;rgba(0,0,0,0.34)&#8220; global_colors_info=&#8220;{}&#8220; button_bg_color__hover_enabled=&#8220;on|hover&#8220; button_bg_color__hover=&#8220;rgba(255,255,255,0.65)&#8220; button_bg_enable_color__hover=&#8220;on&#8220; button_text_color__hover_enabled=&#8220;on|hover&#8220; button_text_color__hover=&#8220;#000000&#8243;][\/et_pb_button][\/et_pb_column][\/et_pb_row][\/et_pb_section]<\/p>\n","protected":false},"excerpt":{"rendered":"<p>Zelte und Mobiliar: Vermietung &amp; VerkaufZelte, Bestuhlung, Kochger\u00e4te, Heizungen und Zubeh\u00f6r Sie sind auf der Suche nach einem Festzelt, Lagerzelt, Baustellenzelt oder nach Festmobiliar wie zum Beispiel Festbankgarnituren, Bankettbestuhlung, Holzboden, Kochger\u00e4te, Soundanlagen oder Beleuchtungen f\u00fcr Ihren Event? Wir bieten einen zuverl\u00e4ssigen und unkomplizierten Service, um Ihren Bedarf optimal zu unterst\u00fctzen. Als lokaler Partner mit einer [&hellip;]<\/p>\n","protected":false},"author":1,"featured_media":0,"parent":0,"menu_order":0,"comment_status":"closed","ping_status":"closed","template":"","meta":{"_et_pb_use_builder":"on","_et_pb_old_content":"","_et_gb_content_width":"","inline_featured_image":false,"footnotes":""},"class_list":["post-16","page","type-page","status-publish","hentry"],"_links":{"self":[{"href":"https:\/\/zeltbern.ch\/wp-json\/wp\/v2\/pages\/16","targetHints":{"allow":["GET"]}}],"collection":[{"href":"https:\/\/zeltbern.ch\/wp-json\/wp\/v2\/pages"}],"about":[{"href":"https:\/\/zeltbern.ch\/wp-json\/wp\/v2\/types\/page"}],"author":[{"embeddable":true,"href":"https:\/\/zeltbern.ch\/wp-json\/wp\/v2\/users\/1"}],"replies":[{"embeddable":true,"href":"https:\/\/zeltbern.ch\/wp-json\/wp\/v2\/comments?post=16"}],"version-history":[{"count":31,"href":"https:\/\/zeltbern.ch\/wp-json\/wp\/v2\/pages\/16\/revisions"}],"predecessor-version":[{"id":683,"href":"https:\/\/zeltbern.ch\/wp-json\/wp\/v2\/pages\/16\/revisions\/683"}],"wp:attachment":[{"href":"https:\/\/zeltbern.ch\/wp-json\/wp\/v2\/media?parent=16"}],"curies":[{"name":"wp","href":"https:\/\/api.w.org\/{rel}","templated":true}]}}